{"id":500,"date":"2024-05-16T07:23:28","date_gmt":"2024-05-16T07:23:28","guid":{"rendered":"https:\/\/botanyinabottle.com\/?post_type=product&#038;p=500"},"modified":"2026-04-21T13:15:39","modified_gmt":"2026-04-21T11:15:39","slug":"sos-duo-voyage","status":"publish","type":"product","link":"https:\/\/botanyinabottle.com\/de\/produkt\/sos-duo-voyage\/","title":{"rendered":"Kennenlern-Set"},"content":{"rendered":"<p>Das perfekte Reiseduo f\u00fcr kleine Abenteuer und die t\u00e4gliche Pflege der ganzen Familie.<\/p>\n<p>&nbsp;<\/p>\n<p>Das Duo enth\u00e4lt :<\/p>\n<ul>\n<li aria-level=\"1\"><a href=\"https:\/\/botanyinabottle.com\/de\/produkt\/sos-botany-spray-concentre-actif-des-alpes\/\">1 SOS Botany Spray 30 ml<\/a><\/li>\n<li aria-level=\"1\"><a href=\"https:\/\/botanyinabottle.com\/de\/produkt\/sos-botany-lotion\/\">1 SOS Botany Lotion 30 ml<\/a><\/li>\n<li aria-level=\"1\"><a href=\"https:\/\/www.icada.eu\/\" target=\"_blank\" rel=\"noopener\">Zertifizierte Naturkosmetik<\/a><\/li>\n<li aria-level=\"1\">Hochkonzentrierte Wirkstoff-Formeln<\/li>\n<li aria-level=\"1\">Perfekt f\u00fcr die Haus- und Reiseapotheke<\/li>\n<\/ul>\n<p>&nbsp;<\/p>\n<p>&nbsp;<\/p>","protected":false},"excerpt":{"rendered":"<p><b>Le SOS Botany Spray<\/b><\/p>\n<p>&nbsp;<\/p>\n<p><strong>Une vaporisation, triple action !<\/strong><\/p>\n<p>Il contribue \u00e0 <strong>apaiser<\/strong> en quelques instants et <strong>assainit<\/strong> la peau ab\u00eem\u00e9e gr\u00e2ce aux actifs reconnues pour leurs propri\u00e9t\u00e9s anti-inflammatoires et antibact\u00e9riennes. Il <strong>rafraichit<\/strong> et aide \u00e0 <strong>soulager les d\u00e9mangeaisons<\/strong>.<\/p>\n<p>Les acides amin\u00e9s, les vitamines et min\u00e9raux favorise la <strong>r\u00e9g\u00e9n\u00e9ration naturelle<\/strong> et permet d\u2019acc\u00e9l\u00e9rer la gu\u00e9rison des petites blessures.<\/p>\n<p>&nbsp;<\/p>\n<p><b>La SOS Botany Lotion<\/b><\/p>\n<p>&nbsp;<\/p>\n<p>Elle contribue \u00e0 <strong>apaise<\/strong> et <strong>stabilise la fonction protectrice<\/strong> de la peau, <strong>soulage des d\u00e9mangeaisons<\/strong> et <strong>nourrit<\/strong> les \u00e9pidermes r\u00e9actifs tels que <strong>irrit\u00e9s, secs, rouges ou ab\u00eem\u00e9s<\/strong> et calme les <strong>tiraillements<\/strong>.<\/p>\n<p class=\"translation-block\">Aminos\u00e4uren, Vitamine und Mineralstoffe <strong>unterst\u00fctzen die nat\u00fcrliche Regeneration<\/strong> und <strong>sch\u00fctzen<\/strong> die Haut.<\/p>\n<p>Notre lotion Botany SOS est <strong>test\u00e9e dermatologiquement sur peau sensible<\/strong>, et contient <strong>plus de 65% de principes actifs<\/strong>.<\/p>\n<p>&nbsp;<\/p>\n<p>Nos produits sont fabriqu\u00e9s en petites charges pour garantir une<strong> fra\u00eecheur optimale<\/strong>.<\/p>","protected":false},"featured_media":2228,"comment_status":"open","ping_status":"closed","template":"","meta":[],"product_brand":[],"product_cat":[28,26],"product_tag":[51,44,52,43,39,50],"berocket_brand":[32],"class_list":{"0":"post-500","1":"product","2":"type-product","3":"status-publish","4":"has-post-thumbnail","6":"product_cat-lotion","7":"product_cat-spray","8":"product_tag-boutons","9":"product_tag-demangeaisons","10":"product_tag-gercures-crevasses","11":"product_tag-peau-irritee","12":"product_tag-peau-seche-rouge-rugueuse","13":"product_tag-soin-bebe","14":"berocket_brand-botany-in-a-bottle","16":"first","17":"instock","18":"featured","19":"taxable","20":"shipping-taxable","21":"purchasable","22":"product-type-simple"},"yoast_head":"<!-- This site is optimized with the Yoast SEO plugin v27.5 - https:\/\/yoast.com\/product\/yoast-seo-wordpress\/ -->\n<title>Kit D\u00e9couverte - Botany in a Bottle<\/title>\n<meta name=\"description\" content=\"Le SOS duo de voyage pour soigner les petits bobos du quotidien et prendre soin de la peau de toute la famille. Parfait pour votre trousse de secours !\" \/>\n<meta name=\"robots\" content=\"index, follow, max-snippet:-1, max-image-preview:large, max-video-preview:-1\" \/>\n<link rel=\"canonical\" href=\"https:\/\/botanyinabottle.com\/de\/produkt\/sos-duo-voyage\/\" \/>\n<meta property=\"og:locale\" content=\"de_DE\" \/>\n<meta property=\"og:type\" content=\"article\" \/>\n<meta property=\"og:title\" content=\"Kit D\u00e9couverte - Botany in a Bottle\" \/>\n<meta property=\"og:description\" content=\"Le SOS duo de voyage pour soigner les petits bobos du quotidien et prendre soin de la peau de toute la famille. Parfait pour votre trousse de secours !\" \/>\n<meta property=\"og:url\" content=\"https:\/\/botanyinabottle.com\/de\/produkt\/sos-duo-voyage\/\" \/>\n<meta property=\"og:site_name\" content=\"Botany in a Bottle\" \/>\n<meta property=\"article:publisher\" content=\"https:\/\/www.facebook.com\/profile.php?id=100086472803321\" \/>\n<meta property=\"article:modified_time\" content=\"2026-04-21T11:15:39+00:00\" \/>\n<meta property=\"og:image\" content=\"https:\/\/botanyinabottle.com\/wp-content\/uploads\/2024\/05\/botany-in-a-bottle-kit-decouverte-sos-spray-lotion.png\" \/>\n\t<meta property=\"og:image:width\" content=\"800\" \/>\n\t<meta property=\"og:image:height\" content=\"800\" \/>\n\t<meta property=\"og:image:type\" content=\"image\/png\" \/>\n<meta name=\"twitter:card\" content=\"summary_large_image\" \/>\n<meta name=\"twitter:label1\" content=\"Gesch\u00e4tzte Lesezeit\" \/>\n\t<meta name=\"twitter:data1\" content=\"1\u00a0Minute\" \/>\n<script type=\"application\/ld+json\" class=\"yoast-schema-graph\">{\"@context\":\"https:\\\/\\\/schema.org\",\"@graph\":[{\"@type\":\"WebPage\",\"@id\":\"https:\\\/\\\/botanyinabottle.com\\\/produit\\\/sos-duo-voyage\\\/\",\"url\":\"https:\\\/\\\/botanyinabottle.com\\\/produit\\\/sos-duo-voyage\\\/\",\"name\":\"Kit D\u00e9couverte - Botany in a Bottle\",\"isPartOf\":{\"@id\":\"https:\\\/\\\/botanyinabottle.com\\\/#website\"},\"primaryImageOfPage\":{\"@id\":\"https:\\\/\\\/botanyinabottle.com\\\/produit\\\/sos-duo-voyage\\\/#primaryimage\"},\"image\":{\"@id\":\"https:\\\/\\\/botanyinabottle.com\\\/produit\\\/sos-duo-voyage\\\/#primaryimage\"},\"thumbnailUrl\":\"https:\\\/\\\/botanyinabottle.com\\\/wp-content\\\/uploads\\\/2024\\\/05\\\/botany-in-a-bottle-kit-decouverte-sos-spray-lotion.png\",\"datePublished\":\"2024-05-16T07:23:28+00:00\",\"dateModified\":\"2026-04-21T11:15:39+00:00\",\"description\":\"Le SOS duo de voyage pour soigner les petits bobos du quotidien et prendre soin de la peau de toute la famille. Parfait pour votre trousse de secours !\",\"breadcrumb\":{\"@id\":\"https:\\\/\\\/botanyinabottle.com\\\/produit\\\/sos-duo-voyage\\\/#breadcrumb\"},\"inLanguage\":\"de\",\"potentialAction\":[{\"@type\":\"ReadAction\",\"target\":[\"https:\\\/\\\/botanyinabottle.com\\\/produit\\\/sos-duo-voyage\\\/\"]}]},{\"@type\":\"ImageObject\",\"inLanguage\":\"de\",\"@id\":\"https:\\\/\\\/botanyinabottle.com\\\/produit\\\/sos-duo-voyage\\\/#primaryimage\",\"url\":\"https:\\\/\\\/botanyinabottle.com\\\/wp-content\\\/uploads\\\/2024\\\/05\\\/botany-in-a-bottle-kit-decouverte-sos-spray-lotion.png\",\"contentUrl\":\"https:\\\/\\\/botanyinabottle.com\\\/wp-content\\\/uploads\\\/2024\\\/05\\\/botany-in-a-bottle-kit-decouverte-sos-spray-lotion.png\",\"width\":800,\"height\":800,\"caption\":\"botany in a bottle kit decouverte sos spray lotion\"},{\"@type\":\"BreadcrumbList\",\"@id\":\"https:\\\/\\\/botanyinabottle.com\\\/produit\\\/sos-duo-voyage\\\/#breadcrumb\",\"itemListElement\":[{\"@type\":\"ListItem\",\"position\":1,\"name\":\"Home\",\"item\":\"https:\\\/\\\/botanyinabottle.com\\\/\"},{\"@type\":\"ListItem\",\"position\":2,\"name\":\"Produits Botany In A Bottle\",\"item\":\"https:\\\/\\\/botanyinabottle.com\\\/shop\\\/\"},{\"@type\":\"ListItem\",\"position\":3,\"name\":\"Kit D\u00e9couverte\"}]},{\"@type\":\"WebSite\",\"@id\":\"https:\\\/\\\/botanyinabottle.com\\\/#website\",\"url\":\"https:\\\/\\\/botanyinabottle.com\\\/\",\"name\":\"Botany in a Bottle\",\"description\":\"\",\"publisher\":{\"@id\":\"https:\\\/\\\/botanyinabottle.com\\\/#organization\"},\"potentialAction\":[{\"@type\":\"SearchAction\",\"target\":{\"@type\":\"EntryPoint\",\"urlTemplate\":\"https:\\\/\\\/botanyinabottle.com\\\/?s={search_term_string}\"},\"query-input\":{\"@type\":\"PropertyValueSpecification\",\"valueRequired\":true,\"valueName\":\"search_term_string\"}}],\"inLanguage\":\"de\"},{\"@type\":\"Organization\",\"@id\":\"https:\\\/\\\/botanyinabottle.com\\\/#organization\",\"name\":\"Botany in a Bottle\",\"url\":\"https:\\\/\\\/botanyinabottle.com\\\/\",\"logo\":{\"@type\":\"ImageObject\",\"inLanguage\":\"de\",\"@id\":\"https:\\\/\\\/botanyinabottle.com\\\/#\\\/schema\\\/logo\\\/image\\\/\",\"url\":\"https:\\\/\\\/botanyinabottle.com\\\/wp-content\\\/uploads\\\/2023\\\/10\\\/Image-de-profil-Logotype-Botanic-in-a-bottle-blanc-sur-fond-vert.webp\",\"contentUrl\":\"https:\\\/\\\/botanyinabottle.com\\\/wp-content\\\/uploads\\\/2023\\\/10\\\/Image-de-profil-Logotype-Botanic-in-a-bottle-blanc-sur-fond-vert.webp\",\"width\":1500,\"height\":1500,\"caption\":\"Botany in a Bottle\"},\"image\":{\"@id\":\"https:\\\/\\\/botanyinabottle.com\\\/#\\\/schema\\\/logo\\\/image\\\/\"},\"sameAs\":[\"https:\\\/\\\/www.facebook.com\\\/profile.php?id=100086472803321\",\"https:\\\/\\\/www.instagram.com\\\/botany_in_a_bottle\\\/\"]}]}<\/script>\n<!-- \/ Yoast SEO plugin. -->","yoast_head_json":{"title":"Kit D\u00e9couverte - Botany in a Bottle","description":"Le SOS duo de voyage pour soigner les petits bobos du quotidien et prendre soin de la peau de toute la famille. Parfait pour votre trousse de secours !","robots":{"index":"index","follow":"follow","max-snippet":"max-snippet:-1","max-image-preview":"max-image-preview:large","max-video-preview":"max-video-preview:-1"},"canonical":"https:\/\/botanyinabottle.com\/de\/produkt\/sos-duo-voyage\/","og_locale":"de_DE","og_type":"article","og_title":"Kit D\u00e9couverte - Botany in a Bottle","og_description":"Le SOS duo de voyage pour soigner les petits bobos du quotidien et prendre soin de la peau de toute la famille. Parfait pour votre trousse de secours !","og_url":"https:\/\/botanyinabottle.com\/de\/produkt\/sos-duo-voyage\/","og_site_name":"Botany in a Bottle","article_publisher":"https:\/\/www.facebook.com\/profile.php?id=100086472803321","article_modified_time":"2026-04-21T11:15:39+00:00","og_image":[{"width":800,"height":800,"url":"https:\/\/botanyinabottle.com\/wp-content\/uploads\/2024\/05\/botany-in-a-bottle-kit-decouverte-sos-spray-lotion.png","type":"image\/png"}],"twitter_card":"summary_large_image","twitter_misc":{"Gesch\u00e4tzte Lesezeit":"1\u00a0Minute"},"schema":{"@context":"https:\/\/schema.org","@graph":[{"@type":"WebPage","@id":"https:\/\/botanyinabottle.com\/produit\/sos-duo-voyage\/","url":"https:\/\/botanyinabottle.com\/produit\/sos-duo-voyage\/","name":"Kit D\u00e9couverte - Botany in a Bottle","isPartOf":{"@id":"https:\/\/botanyinabottle.com\/#website"},"primaryImageOfPage":{"@id":"https:\/\/botanyinabottle.com\/produit\/sos-duo-voyage\/#primaryimage"},"image":{"@id":"https:\/\/botanyinabottle.com\/produit\/sos-duo-voyage\/#primaryimage"},"thumbnailUrl":"https:\/\/botanyinabottle.com\/wp-content\/uploads\/2024\/05\/botany-in-a-bottle-kit-decouverte-sos-spray-lotion.png","datePublished":"2024-05-16T07:23:28+00:00","dateModified":"2026-04-21T11:15:39+00:00","description":"Le SOS duo de voyage pour soigner les petits bobos du quotidien et prendre soin de la peau de toute la famille. Parfait pour votre trousse de secours !","breadcrumb":{"@id":"https:\/\/botanyinabottle.com\/produit\/sos-duo-voyage\/#breadcrumb"},"inLanguage":"de","potentialAction":[{"@type":"ReadAction","target":["https:\/\/botanyinabottle.com\/produit\/sos-duo-voyage\/"]}]},{"@type":"ImageObject","inLanguage":"de","@id":"https:\/\/botanyinabottle.com\/produit\/sos-duo-voyage\/#primaryimage","url":"https:\/\/botanyinabottle.com\/wp-content\/uploads\/2024\/05\/botany-in-a-bottle-kit-decouverte-sos-spray-lotion.png","contentUrl":"https:\/\/botanyinabottle.com\/wp-content\/uploads\/2024\/05\/botany-in-a-bottle-kit-decouverte-sos-spray-lotion.png","width":800,"height":800,"caption":"botany in a bottle kit decouverte sos spray lotion"},{"@type":"BreadcrumbList","@id":"https:\/\/botanyinabottle.com\/produit\/sos-duo-voyage\/#breadcrumb","itemListElement":[{"@type":"ListItem","position":1,"name":"Home","item":"https:\/\/botanyinabottle.com\/"},{"@type":"ListItem","position":2,"name":"Produits Botany In A Bottle","item":"https:\/\/botanyinabottle.com\/shop\/"},{"@type":"ListItem","position":3,"name":"Kit D\u00e9couverte"}]},{"@type":"WebSite","@id":"https:\/\/botanyinabottle.com\/#website","url":"https:\/\/botanyinabottle.com\/","name":"Botany in a Bottle","description":"","publisher":{"@id":"https:\/\/botanyinabottle.com\/#organization"},"potentialAction":[{"@type":"SearchAction","target":{"@type":"EntryPoint","urlTemplate":"https:\/\/botanyinabottle.com\/?s={search_term_string}"},"query-input":{"@type":"PropertyValueSpecification","valueRequired":true,"valueName":"search_term_string"}}],"inLanguage":"de"},{"@type":"Organization","@id":"https:\/\/botanyinabottle.com\/#organization","name":"Botany in a Bottle","url":"https:\/\/botanyinabottle.com\/","logo":{"@type":"ImageObject","inLanguage":"de","@id":"https:\/\/botanyinabottle.com\/#\/schema\/logo\/image\/","url":"https:\/\/botanyinabottle.com\/wp-content\/uploads\/2023\/10\/Image-de-profil-Logotype-Botanic-in-a-bottle-blanc-sur-fond-vert.webp","contentUrl":"https:\/\/botanyinabottle.com\/wp-content\/uploads\/2023\/10\/Image-de-profil-Logotype-Botanic-in-a-bottle-blanc-sur-fond-vert.webp","width":1500,"height":1500,"caption":"Botany in a Bottle"},"image":{"@id":"https:\/\/botanyinabottle.com\/#\/schema\/logo\/image\/"},"sameAs":["https:\/\/www.facebook.com\/profile.php?id=100086472803321","https:\/\/www.instagram.com\/botany_in_a_bottle\/"]}]}},"_links":{"self":[{"href":"https:\/\/botanyinabottle.com\/de\/wp-json\/wp\/v2\/product\/500","targetHints":{"allow":["GET"]}}],"collection":[{"href":"https:\/\/botanyinabottle.com\/de\/wp-json\/wp\/v2\/product"}],"about":[{"href":"https:\/\/botanyinabottle.com\/de\/wp-json\/wp\/v2\/types\/product"}],"replies":[{"embeddable":true,"href":"https:\/\/botanyinabottle.com\/de\/wp-json\/wp\/v2\/comments?post=500"}],"wp:featuredmedia":[{"embeddable":true,"href":"https:\/\/botanyinabottle.com\/de\/wp-json\/wp\/v2\/media\/2228"}],"wp:attachment":[{"href":"https:\/\/botanyinabottle.com\/de\/wp-json\/wp\/v2\/media?parent=500"}],"wp:term":[{"taxonomy":"product_brand","embeddable":true,"href":"https:\/\/botanyinabottle.com\/de\/wp-json\/wp\/v2\/product_brand?post=500"},{"taxonomy":"product_cat","embeddable":true,"href":"https:\/\/botanyinabottle.com\/de\/wp-json\/wp\/v2\/product_cat?post=500"},{"taxonomy":"product_tag","embeddable":true,"href":"https:\/\/botanyinabottle.com\/de\/wp-json\/wp\/v2\/product_tag?post=500"},{"taxonomy":"berocket_brand","embeddable":true,"href":"https:\/\/botanyinabottle.com\/de\/wp-json\/wp\/v2\/berocket_brand?post=500"}],"curies":[{"name":"wp","href":"https:\/\/api.w.org\/{rel}","templated":true}]}}