{"id":488,"date":"2024-05-15T11:00:02","date_gmt":"2024-05-15T11:00:02","guid":{"rendered":"https:\/\/botanyinabottle.com\/?post_type=product&#038;p=488"},"modified":"2026-04-12T10:35:46","modified_gmt":"2026-04-12T08:35:46","slug":"sos-botany-lotion","status":"publish","type":"product","link":"https:\/\/botanyinabottle.com\/de\/produkt\/sos-botany-lotion\/","title":{"rendered":"SOS Botany Lotion"},"content":{"rendered":"<p>Face &amp; Body<\/p>\n<p class=\"translation-block\"><strong>Stabilisiert<\/strong> und <strong>sch\u00fctzt<\/strong> die Hautbarriere empfindlicher &amp; reaktiver Haut der ganzen Familie, <strong>beruhigt Entz\u00fcndungen<\/strong>, <strong>lindert Juckreiz<\/strong> und <strong>pflegt<\/strong> reaktive Haut intensiv.<br>\nEine vielseitige Lotion mit beruhigenden und pflegenden Wirkstoffen.<\/p>\n<ul>\n<li>Dermatologisch getestet<\/li>\n<li><a href=\"https:\/\/www.icada.eu\/\" target=\"_blank\" rel=\"noopener\">Zertifizierte Naturkosmetik<\/a><\/li>\n<li class=\"translation-block\">Formel mit <strong>100 %<\/strong> Inhaltsstoffen nat\u00fcrlichen Ursprungs, davon <strong>77,7 %<\/strong> aus kontrolliert biologischem Anbau.<\/li>\n<li class=\"translation-block\">Konzentrierte Formel mit \u00fcber <strong>65 % leistungsstarken Wirkstoffen<\/strong>.<\/li>\n<li>Nat\u00fcrlicher Duft mit zarten Mimosen-Noten<\/li>\n<\/ul>\n<p>&nbsp;<\/p>\n<p class=\"translation-block\">Sie tr\u00e4gt dazu bei, die <strong>Schutzfunktion der Haut zu stabilisieren und zu sch\u00fctzen<\/strong>, beruhigt <strong>gereizte Haut, lindert Juckreiz<\/strong> und <strong>pflegt reaktive Haut<\/strong> wie gereizte, trockene, ger\u00f6tete oder beanspruchte Haut und mildert Spannungsgef\u00fchle.<\/p>\n<p class=\"translation-block\">Aminos\u00e4uren, Vitamine und Mineralstoffe <strong>unterst\u00fctzen die nat\u00fcrliche Regeneration<\/strong> und <strong>sch\u00fctzen<\/strong> die Haut.<\/p>\n<p class=\"translation-block\">Die SOS-Lotion ist <strong>dermatologisch an empfindlicher Haut getestet<\/strong> und enth\u00e4lt \u00fcber <a href=\"https:\/\/botanyinabottle.com\/de\/lexique-des-ingredients\/\" target=\"_self\">65 % leistungsstarke Wirkstoffe<\/a>.<\/p>\n<p class=\"translation-block\">Sie wird in kleinen Chargen hergestellt, um eine <strong>optimale Frische<\/strong> zu gew\u00e4hrleisten.<\/p>","protected":false},"excerpt":{"rendered":"<p>Face &amp; Body Stabilise et prot\u00e8ge la barri\u00e8re cutan\u00e9e des \u00e9pidermes sensibles &amp; r\u00e9actifs de toute la famille, apaise les inflammations, soulage des d\u00e9mangeaisons et nourrit les \u00e9pidermes r\u00e9actifs. Une lotion polyvalente aux actifs apaisants et nourrissants. Test\u00e9 dermatologiquement Certifi\u00e9 \u00ab\u00a0cosm\u00e9tique naturelle\u00a0\u00bb Formule 100% d&rsquo;origine naturelle dont 77,7% issue de l&rsquo;Agriculture Biologique. Formule concentr\u00e9e, plus de 65% d\u2019actifs performants Parfum naturel aux notes d\u00e9licates de mimosa &nbsp; Elle contribue \u00e0 prot\u00e8ge et stabilise la fonction protectrice de la peau, apaise les inflammations, soulage des d\u00e9mangeaisons et nourrit les \u00e9pidermes r\u00e9actifs tels que irrit\u00e9s, secs, rouges ou ab\u00eem\u00e9s et calme les tiraillements. Les acides amin\u00e9s, les vitamines et min\u00e9raux favorise la r\u00e9g\u00e9n\u00e9ration naturelle et prot\u00e8ge la peau. La lotion SOS est test\u00e9e dermatologiquement sur peau sensible, et contient plus de 65% de principes actifs performants. Elle est fabriqu\u00e9e en petites charges pour garantir une fra\u00eecheur optimale.<\/p>","protected":false},"featured_media":2233,"comment_status":"open","ping_status":"closed","template":"","meta":[],"product_brand":[],"product_cat":[28],"product_tag":[51,44,52,43,39,50],"berocket_brand":[32],"class_list":{"0":"post-488","1":"product","2":"type-product","3":"status-publish","4":"has-post-thumbnail","6":"product_cat-lotion","7":"product_tag-boutons","8":"product_tag-demangeaisons","9":"product_tag-gercures-crevasses","10":"product_tag-peau-irritee","11":"product_tag-peau-seche-rouge-rugueuse","12":"product_tag-soin-bebe","13":"berocket_brand-botany-in-a-bottle","15":"first","16":"instock","17":"featured","18":"taxable","19":"shipping-taxable","20":"purchasable","21":"product-type-variable","22":"has-default-attributes"},"yoast_head":"<!-- This site is optimized with the Yoast SEO plugin v27.4 - https:\/\/yoast.com\/product\/yoast-seo-wordpress\/ -->\n<title>SOS Botany Lotion - Botany in a Bottle<\/title>\n<meta name=\"description\" content=\"Une lotion protectrice et polyvalente aux actifs apaisants, nourrissants et r\u00e9g\u00e9n\u00e9rants pour les \u00e9pidermes sensibles et r\u00e9actifs de toute la famille.\" \/>\n<meta name=\"robots\" content=\"index, follow, max-snippet:-1, max-image-preview:large, max-video-preview:-1\" \/>\n<link rel=\"canonical\" href=\"https:\/\/botanyinabottle.com\/de\/produkt\/sos-botany-lotion\/\" \/>\n<meta property=\"og:locale\" content=\"de_DE\" \/>\n<meta property=\"og:type\" content=\"article\" \/>\n<meta property=\"og:title\" content=\"SOS Botany Lotion - Botany in a Bottle\" \/>\n<meta property=\"og:description\" content=\"Une lotion protectrice et polyvalente aux actifs apaisants, nourrissants et r\u00e9g\u00e9n\u00e9rants pour les \u00e9pidermes sensibles et r\u00e9actifs de toute la famille.\" \/>\n<meta property=\"og:url\" content=\"https:\/\/botanyinabottle.com\/de\/produkt\/sos-botany-lotion\/\" \/>\n<meta property=\"og:site_name\" content=\"Botany in a Bottle\" \/>\n<meta property=\"article:publisher\" content=\"https:\/\/www.facebook.com\/profile.php?id=100086472803321\" \/>\n<meta property=\"article:modified_time\" content=\"2026-04-12T08:35:46+00:00\" \/>\n<meta property=\"og:image\" content=\"https:\/\/botanyinabottle.com\/wp-content\/uploads\/2024\/05\/botany-in-a-bottle-sos-lotion-75ml.png\" \/>\n\t<meta property=\"og:image:width\" content=\"800\" \/>\n\t<meta property=\"og:image:height\" content=\"800\" \/>\n\t<meta property=\"og:image:type\" content=\"image\/png\" \/>\n<meta name=\"twitter:card\" content=\"summary_large_image\" \/>\n<meta name=\"twitter:label1\" content=\"Gesch\u00e4tzte Lesezeit\" \/>\n\t<meta name=\"twitter:data1\" content=\"1\u00a0Minute\" \/>\n<script type=\"application\/ld+json\" class=\"yoast-schema-graph\">{\"@context\":\"https:\\\/\\\/schema.org\",\"@graph\":[{\"@type\":\"WebPage\",\"@id\":\"https:\\\/\\\/botanyinabottle.com\\\/produit\\\/sos-botany-lotion\\\/\",\"url\":\"https:\\\/\\\/botanyinabottle.com\\\/produit\\\/sos-botany-lotion\\\/\",\"name\":\"SOS Botany Lotion - Botany in a Bottle\",\"isPartOf\":{\"@id\":\"https:\\\/\\\/botanyinabottle.com\\\/#website\"},\"primaryImageOfPage\":{\"@id\":\"https:\\\/\\\/botanyinabottle.com\\\/produit\\\/sos-botany-lotion\\\/#primaryimage\"},\"image\":{\"@id\":\"https:\\\/\\\/botanyinabottle.com\\\/produit\\\/sos-botany-lotion\\\/#primaryimage\"},\"thumbnailUrl\":\"https:\\\/\\\/botanyinabottle.com\\\/wp-content\\\/uploads\\\/2024\\\/05\\\/botany-in-a-bottle-sos-lotion-75ml.png\",\"datePublished\":\"2024-05-15T11:00:02+00:00\",\"dateModified\":\"2026-04-12T08:35:46+00:00\",\"description\":\"Une lotion protectrice et polyvalente aux actifs apaisants, nourrissants et r\u00e9g\u00e9n\u00e9rants pour les \u00e9pidermes sensibles et r\u00e9actifs de toute la famille.\",\"breadcrumb\":{\"@id\":\"https:\\\/\\\/botanyinabottle.com\\\/produit\\\/sos-botany-lotion\\\/#breadcrumb\"},\"inLanguage\":\"de\",\"potentialAction\":[{\"@type\":\"ReadAction\",\"target\":[\"https:\\\/\\\/botanyinabottle.com\\\/produit\\\/sos-botany-lotion\\\/\"]}]},{\"@type\":\"ImageObject\",\"inLanguage\":\"de\",\"@id\":\"https:\\\/\\\/botanyinabottle.com\\\/produit\\\/sos-botany-lotion\\\/#primaryimage\",\"url\":\"https:\\\/\\\/botanyinabottle.com\\\/wp-content\\\/uploads\\\/2024\\\/05\\\/botany-in-a-bottle-sos-lotion-75ml.png\",\"contentUrl\":\"https:\\\/\\\/botanyinabottle.com\\\/wp-content\\\/uploads\\\/2024\\\/05\\\/botany-in-a-bottle-sos-lotion-75ml.png\",\"width\":800,\"height\":800,\"caption\":\"sos lotion 75ml\"},{\"@type\":\"BreadcrumbList\",\"@id\":\"https:\\\/\\\/botanyinabottle.com\\\/produit\\\/sos-botany-lotion\\\/#breadcrumb\",\"itemListElement\":[{\"@type\":\"ListItem\",\"position\":1,\"name\":\"Home\",\"item\":\"https:\\\/\\\/botanyinabottle.com\\\/\"},{\"@type\":\"ListItem\",\"position\":2,\"name\":\"Produits Botany In A Bottle\",\"item\":\"https:\\\/\\\/botanyinabottle.com\\\/shop\\\/\"},{\"@type\":\"ListItem\",\"position\":3,\"name\":\"SOS Botany Lotion\"}]},{\"@type\":\"WebSite\",\"@id\":\"https:\\\/\\\/botanyinabottle.com\\\/#website\",\"url\":\"https:\\\/\\\/botanyinabottle.com\\\/\",\"name\":\"Botany in a Bottle\",\"description\":\"\",\"publisher\":{\"@id\":\"https:\\\/\\\/botanyinabottle.com\\\/#organization\"},\"potentialAction\":[{\"@type\":\"SearchAction\",\"target\":{\"@type\":\"EntryPoint\",\"urlTemplate\":\"https:\\\/\\\/botanyinabottle.com\\\/?s={search_term_string}\"},\"query-input\":{\"@type\":\"PropertyValueSpecification\",\"valueRequired\":true,\"valueName\":\"search_term_string\"}}],\"inLanguage\":\"de\"},{\"@type\":\"Organization\",\"@id\":\"https:\\\/\\\/botanyinabottle.com\\\/#organization\",\"name\":\"Botany in a Bottle\",\"url\":\"https:\\\/\\\/botanyinabottle.com\\\/\",\"logo\":{\"@type\":\"ImageObject\",\"inLanguage\":\"de\",\"@id\":\"https:\\\/\\\/botanyinabottle.com\\\/#\\\/schema\\\/logo\\\/image\\\/\",\"url\":\"https:\\\/\\\/botanyinabottle.com\\\/wp-content\\\/uploads\\\/2023\\\/10\\\/Image-de-profil-Logotype-Botanic-in-a-bottle-blanc-sur-fond-vert.webp\",\"contentUrl\":\"https:\\\/\\\/botanyinabottle.com\\\/wp-content\\\/uploads\\\/2023\\\/10\\\/Image-de-profil-Logotype-Botanic-in-a-bottle-blanc-sur-fond-vert.webp\",\"width\":1500,\"height\":1500,\"caption\":\"Botany in a Bottle\"},\"image\":{\"@id\":\"https:\\\/\\\/botanyinabottle.com\\\/#\\\/schema\\\/logo\\\/image\\\/\"},\"sameAs\":[\"https:\\\/\\\/www.facebook.com\\\/profile.php?id=100086472803321\",\"https:\\\/\\\/www.instagram.com\\\/botany_in_a_bottle\\\/\"]}]}<\/script>\n<!-- \/ Yoast SEO plugin. -->","yoast_head_json":{"title":"SOS Botany Lotion - Botany in a Bottle","description":"Une lotion protectrice et polyvalente aux actifs apaisants, nourrissants et r\u00e9g\u00e9n\u00e9rants pour les \u00e9pidermes sensibles et r\u00e9actifs de toute la famille.","robots":{"index":"index","follow":"follow","max-snippet":"max-snippet:-1","max-image-preview":"max-image-preview:large","max-video-preview":"max-video-preview:-1"},"canonical":"https:\/\/botanyinabottle.com\/de\/produkt\/sos-botany-lotion\/","og_locale":"de_DE","og_type":"article","og_title":"SOS Botany Lotion - Botany in a Bottle","og_description":"Une lotion protectrice et polyvalente aux actifs apaisants, nourrissants et r\u00e9g\u00e9n\u00e9rants pour les \u00e9pidermes sensibles et r\u00e9actifs de toute la famille.","og_url":"https:\/\/botanyinabottle.com\/de\/produkt\/sos-botany-lotion\/","og_site_name":"Botany in a Bottle","article_publisher":"https:\/\/www.facebook.com\/profile.php?id=100086472803321","article_modified_time":"2026-04-12T08:35:46+00:00","og_image":[{"width":800,"height":800,"url":"https:\/\/botanyinabottle.com\/wp-content\/uploads\/2024\/05\/botany-in-a-bottle-sos-lotion-75ml.png","type":"image\/png"}],"twitter_card":"summary_large_image","twitter_misc":{"Gesch\u00e4tzte Lesezeit":"1\u00a0Minute"},"schema":{"@context":"https:\/\/schema.org","@graph":[{"@type":"WebPage","@id":"https:\/\/botanyinabottle.com\/produit\/sos-botany-lotion\/","url":"https:\/\/botanyinabottle.com\/produit\/sos-botany-lotion\/","name":"SOS Botany Lotion - Botany in a Bottle","isPartOf":{"@id":"https:\/\/botanyinabottle.com\/#website"},"primaryImageOfPage":{"@id":"https:\/\/botanyinabottle.com\/produit\/sos-botany-lotion\/#primaryimage"},"image":{"@id":"https:\/\/botanyinabottle.com\/produit\/sos-botany-lotion\/#primaryimage"},"thumbnailUrl":"https:\/\/botanyinabottle.com\/wp-content\/uploads\/2024\/05\/botany-in-a-bottle-sos-lotion-75ml.png","datePublished":"2024-05-15T11:00:02+00:00","dateModified":"2026-04-12T08:35:46+00:00","description":"Une lotion protectrice et polyvalente aux actifs apaisants, nourrissants et r\u00e9g\u00e9n\u00e9rants pour les \u00e9pidermes sensibles et r\u00e9actifs de toute la famille.","breadcrumb":{"@id":"https:\/\/botanyinabottle.com\/produit\/sos-botany-lotion\/#breadcrumb"},"inLanguage":"de","potentialAction":[{"@type":"ReadAction","target":["https:\/\/botanyinabottle.com\/produit\/sos-botany-lotion\/"]}]},{"@type":"ImageObject","inLanguage":"de","@id":"https:\/\/botanyinabottle.com\/produit\/sos-botany-lotion\/#primaryimage","url":"https:\/\/botanyinabottle.com\/wp-content\/uploads\/2024\/05\/botany-in-a-bottle-sos-lotion-75ml.png","contentUrl":"https:\/\/botanyinabottle.com\/wp-content\/uploads\/2024\/05\/botany-in-a-bottle-sos-lotion-75ml.png","width":800,"height":800,"caption":"sos lotion 75ml"},{"@type":"BreadcrumbList","@id":"https:\/\/botanyinabottle.com\/produit\/sos-botany-lotion\/#breadcrumb","itemListElement":[{"@type":"ListItem","position":1,"name":"Home","item":"https:\/\/botanyinabottle.com\/"},{"@type":"ListItem","position":2,"name":"Produits Botany In A Bottle","item":"https:\/\/botanyinabottle.com\/shop\/"},{"@type":"ListItem","position":3,"name":"SOS Botany Lotion"}]},{"@type":"WebSite","@id":"https:\/\/botanyinabottle.com\/#website","url":"https:\/\/botanyinabottle.com\/","name":"Botany in a Bottle","description":"","publisher":{"@id":"https:\/\/botanyinabottle.com\/#organization"},"potentialAction":[{"@type":"SearchAction","target":{"@type":"EntryPoint","urlTemplate":"https:\/\/botanyinabottle.com\/?s={search_term_string}"},"query-input":{"@type":"PropertyValueSpecification","valueRequired":true,"valueName":"search_term_string"}}],"inLanguage":"de"},{"@type":"Organization","@id":"https:\/\/botanyinabottle.com\/#organization","name":"Botany in a Bottle","url":"https:\/\/botanyinabottle.com\/","logo":{"@type":"ImageObject","inLanguage":"de","@id":"https:\/\/botanyinabottle.com\/#\/schema\/logo\/image\/","url":"https:\/\/botanyinabottle.com\/wp-content\/uploads\/2023\/10\/Image-de-profil-Logotype-Botanic-in-a-bottle-blanc-sur-fond-vert.webp","contentUrl":"https:\/\/botanyinabottle.com\/wp-content\/uploads\/2023\/10\/Image-de-profil-Logotype-Botanic-in-a-bottle-blanc-sur-fond-vert.webp","width":1500,"height":1500,"caption":"Botany in a Bottle"},"image":{"@id":"https:\/\/botanyinabottle.com\/#\/schema\/logo\/image\/"},"sameAs":["https:\/\/www.facebook.com\/profile.php?id=100086472803321","https:\/\/www.instagram.com\/botany_in_a_bottle\/"]}]}},"_links":{"self":[{"href":"https:\/\/botanyinabottle.com\/de\/wp-json\/wp\/v2\/product\/488","targetHints":{"allow":["GET"]}}],"collection":[{"href":"https:\/\/botanyinabottle.com\/de\/wp-json\/wp\/v2\/product"}],"about":[{"href":"https:\/\/botanyinabottle.com\/de\/wp-json\/wp\/v2\/types\/product"}],"replies":[{"embeddable":true,"href":"https:\/\/botanyinabottle.com\/de\/wp-json\/wp\/v2\/comments?post=488"}],"wp:featuredmedia":[{"embeddable":true,"href":"https:\/\/botanyinabottle.com\/de\/wp-json\/wp\/v2\/media\/2233"}],"wp:attachment":[{"href":"https:\/\/botanyinabottle.com\/de\/wp-json\/wp\/v2\/media?parent=488"}],"wp:term":[{"taxonomy":"product_brand","embeddable":true,"href":"https:\/\/botanyinabottle.com\/de\/wp-json\/wp\/v2\/product_brand?post=488"},{"taxonomy":"product_cat","embeddable":true,"href":"https:\/\/botanyinabottle.com\/de\/wp-json\/wp\/v2\/product_cat?post=488"},{"taxonomy":"product_tag","embeddable":true,"href":"https:\/\/botanyinabottle.com\/de\/wp-json\/wp\/v2\/product_tag?post=488"},{"taxonomy":"berocket_brand","embeddable":true,"href":"https:\/\/botanyinabottle.com\/de\/wp-json\/wp\/v2\/berocket_brand?post=488"}],"curies":[{"name":"wp","href":"https:\/\/api.w.org\/{rel}","templated":true}]}}