{"id":457,"date":"2024-05-15T09:35:09","date_gmt":"2024-05-15T09:35:09","guid":{"rendered":"https:\/\/botanyinabottle.com\/?post_type=product&#038;p=457"},"modified":"2026-04-03T00:44:49","modified_gmt":"2026-04-02T22:44:49","slug":"sos-botany-spray-concentre-actif-des-alpes","status":"publish","type":"product","link":"https:\/\/botanyinabottle.com\/de\/produkt\/sos-botany-spray-concentre-actif-des-alpes\/","title":{"rendered":"SOS Botany Spray"},"content":{"rendered":"<p><strong>NEUE FORMEL !\u00a0<\/strong><\/p>\n<p>&nbsp;<\/p>\n<p><strong>SOS Botany Spray \u2013 Concentr\u00e9 Actif des Alpes<\/strong><\/p>\n<p>Le r\u00e9flexe 3-en-1 qui apaise, hydrate et r\u00e9pare d\u00e8s la premi\u00e8re pulv\u00e9risation.<br \/>\nUn pschitt, triple action\u00a0!<br \/>\nIl agit d\u00e8s les premiers signes de rougeur, d\u2019irritation, de piq\u00fbre ou de coup de soleil, un simple<br \/>\npschitt calme l\u2019inflammation et lance la r\u00e9paration cutan\u00e9e.<\/p>\n<p>&nbsp;<\/p>\n<p>Les + du produit<\/p>\n<ul>\n<li style=\"font-weight: 400;\" aria-level=\"1\"><span style=\"font-weight: 400;\">100% nat\u00fcrlich, 91% aus kontrolliert biologischem Anbau<\/span><\/li>\n<li style=\"font-weight: 400;\" aria-level=\"1\"><span style=\"font-weight: 400;\">Ohne Parf\u00fcm, \u00c4therische \u00d6le, ohne Alkohol<\/span><\/li>\n<li style=\"font-weight: 400;\" aria-level=\"1\"><span style=\"font-weight: 400;\">Physiologischer pH-Wert \u2013 ab 3 Monaten<\/span><\/li>\n<li style=\"font-weight: 400;\" aria-level=\"1\"><span style=\"font-weight: 400;\">Nat\u00fcrlicher Duft nach Immortelle<\/span><\/li>\n<li aria-level=\"1\"><span style=\"font-weight: 400;\">Praktisches Format f\u00fcr unterwegs<\/span><\/li>\n<\/ul>","protected":false},"excerpt":{"rendered":"<p><b>Composition &amp; bienfaits :<\/b><\/p>\n<p>&nbsp;<\/p>\n<p class=\"translation-block\"><b>Konzentrierte Formel mit \u00fcber 80 % Wirkstoffen<\/b><span style=\"font-weight: 400\"> f\u00fcr eine sofortige Wirkung:<\/span><\/p>\n<p>&nbsp;<\/p>\n<ul>\n<li style=\"font-weight: 400;\" aria-level=\"1\"><b>Ferrum phosphoricum : <\/b><span style=\"font-weight: 400;\">L\u2019alli\u00e9 des premiers signes d\u2019inconfort : <\/span><span style=\"font-weight: 400;\">il stimule l\u2019oxyg\u00e9nation cellulaire, r\u00e9gule la micro-circulation et apaise d\u00e8s les premiers picotements.<\/span><\/li>\n<li style=\"font-weight: 400;\" aria-level=\"1\"><b>Bio-Schaf Colostrum<\/b><span style=\"font-weight: 400;\"> : calme et acc\u00e9l\u00e8re la r\u00e9g\u00e9n\u00e9ration cutan\u00e9e<\/span><\/li>\n<li style=\"font-weight: 400;\" aria-level=\"1\"><b>Aloe vera bio<\/b><span style=\"font-weight: 400;\"> : <\/span><span style=\"font-weight: 400;\">Hydrate en profondeur et rafra\u00eechit instantan\u00e9ment.<\/span><\/li>\n<li style=\"font-weight: 400;\" aria-level=\"1\"><b>Immortelle &amp; lavande<\/b><span style=\"font-weight: 400;\"> (hydrolats) : apaisent et calment d\u00e9mangeaisons et rougeurs<\/span><\/li>\n<\/ul>\n<p>&nbsp;<\/p>\n<p><span style=\"font-weight: 400;\">Vaporisez directement sur peau propre, \u00c0 renouveler si besoin,\u00a0<\/span><\/p>\n<p><b>Astuce apr\u00e8s-soleil ou irritation \u00e9tendue<\/b><span style=\"font-weight: 400;\"> : appliquez d\u2019abord le SOS Botany Spray, puis la <\/span><b>SOS Lotion<\/b><span style=\"font-weight: 400;\"> pour d\u00e9cupler l\u2019effet apaisant.<\/span><\/p>","protected":false},"featured_media":2235,"comment_status":"open","ping_status":"closed","template":"","meta":[],"product_brand":[],"product_cat":[26],"product_tag":[44,52],"berocket_brand":[32],"class_list":{"0":"post-457","1":"product","2":"type-product","3":"status-publish","4":"has-post-thumbnail","6":"product_cat-spray","7":"product_tag-demangeaisons","8":"product_tag-gercures-crevasses","9":"berocket_brand-botany-in-a-bottle","11":"first","12":"instock","13":"featured","14":"taxable","15":"shipping-taxable","16":"purchasable","17":"product-type-simple"},"yoast_head":"<!-- This site is optimized with the Yoast SEO plugin v27.5 - https:\/\/yoast.com\/product\/yoast-seo-wordpress\/ -->\n<title>SOS Botany Spray - Botany in a Bottle<\/title>\n<meta name=\"description\" content=\"Notre SOS Botany Spray est un concentr\u00e9 d\u2019actifs 3-en-1 pour les premiers soins des bobos gr\u00e2ce \u00e0 son action dermatologique et holistique b\u00e9n\u00e9fique !\" \/>\n<meta name=\"robots\" content=\"index, follow, max-snippet:-1, max-image-preview:large, max-video-preview:-1\" \/>\n<link rel=\"canonical\" href=\"https:\/\/botanyinabottle.com\/de\/produkt\/sos-botany-spray-concentre-actif-des-alpes\/\" \/>\n<meta property=\"og:locale\" content=\"de_DE\" \/>\n<meta property=\"og:type\" content=\"article\" \/>\n<meta property=\"og:title\" content=\"SOS Botany Spray - Botany in a Bottle\" \/>\n<meta property=\"og:description\" content=\"Notre SOS Botany Spray est un concentr\u00e9 d\u2019actifs 3-en-1 pour les premiers soins des bobos gr\u00e2ce \u00e0 son action dermatologique et holistique b\u00e9n\u00e9fique !\" \/>\n<meta property=\"og:url\" content=\"https:\/\/botanyinabottle.com\/de\/produkt\/sos-botany-spray-concentre-actif-des-alpes\/\" \/>\n<meta property=\"og:site_name\" content=\"Botany in a Bottle\" \/>\n<meta property=\"article:publisher\" content=\"https:\/\/www.facebook.com\/profile.php?id=100086472803321\" \/>\n<meta property=\"article:modified_time\" content=\"2026-04-02T22:44:49+00:00\" \/>\n<meta property=\"og:image\" content=\"https:\/\/botanyinabottle.com\/wp-content\/uploads\/2024\/05\/botany-in-a-bottle-sos-spray.png\" \/>\n\t<meta property=\"og:image:width\" content=\"800\" \/>\n\t<meta property=\"og:image:height\" content=\"800\" \/>\n\t<meta property=\"og:image:type\" content=\"image\/png\" \/>\n<meta name=\"twitter:card\" content=\"summary_large_image\" \/>\n<meta name=\"twitter:label1\" content=\"Gesch\u00e4tzte Lesezeit\" \/>\n\t<meta name=\"twitter:data1\" content=\"1\u00a0Minute\" \/>\n<script type=\"application\/ld+json\" class=\"yoast-schema-graph\">{\"@context\":\"https:\\\/\\\/schema.org\",\"@graph\":[{\"@type\":\"WebPage\",\"@id\":\"https:\\\/\\\/botanyinabottle.com\\\/produit\\\/sos-botany-spray-concentre-actif-des-alpes\\\/\",\"url\":\"https:\\\/\\\/botanyinabottle.com\\\/produit\\\/sos-botany-spray-concentre-actif-des-alpes\\\/\",\"name\":\"SOS Botany Spray - Botany in a Bottle\",\"isPartOf\":{\"@id\":\"https:\\\/\\\/botanyinabottle.com\\\/#website\"},\"primaryImageOfPage\":{\"@id\":\"https:\\\/\\\/botanyinabottle.com\\\/produit\\\/sos-botany-spray-concentre-actif-des-alpes\\\/#primaryimage\"},\"image\":{\"@id\":\"https:\\\/\\\/botanyinabottle.com\\\/produit\\\/sos-botany-spray-concentre-actif-des-alpes\\\/#primaryimage\"},\"thumbnailUrl\":\"https:\\\/\\\/botanyinabottle.com\\\/wp-content\\\/uploads\\\/2024\\\/05\\\/botany-in-a-bottle-sos-spray.png\",\"datePublished\":\"2024-05-15T09:35:09+00:00\",\"dateModified\":\"2026-04-02T22:44:49+00:00\",\"description\":\"Notre SOS Botany Spray est un concentr\u00e9 d\u2019actifs 3-en-1 pour les premiers soins des bobos gr\u00e2ce \u00e0 son action dermatologique et holistique b\u00e9n\u00e9fique !\",\"breadcrumb\":{\"@id\":\"https:\\\/\\\/botanyinabottle.com\\\/produit\\\/sos-botany-spray-concentre-actif-des-alpes\\\/#breadcrumb\"},\"inLanguage\":\"de\",\"potentialAction\":[{\"@type\":\"ReadAction\",\"target\":[\"https:\\\/\\\/botanyinabottle.com\\\/produit\\\/sos-botany-spray-concentre-actif-des-alpes\\\/\"]}]},{\"@type\":\"ImageObject\",\"inLanguage\":\"de\",\"@id\":\"https:\\\/\\\/botanyinabottle.com\\\/produit\\\/sos-botany-spray-concentre-actif-des-alpes\\\/#primaryimage\",\"url\":\"https:\\\/\\\/botanyinabottle.com\\\/wp-content\\\/uploads\\\/2024\\\/05\\\/botany-in-a-bottle-sos-spray.png\",\"contentUrl\":\"https:\\\/\\\/botanyinabottle.com\\\/wp-content\\\/uploads\\\/2024\\\/05\\\/botany-in-a-bottle-sos-spray.png\",\"width\":800,\"height\":800,\"caption\":\"botany in a bottle sos spray\"},{\"@type\":\"BreadcrumbList\",\"@id\":\"https:\\\/\\\/botanyinabottle.com\\\/produit\\\/sos-botany-spray-concentre-actif-des-alpes\\\/#breadcrumb\",\"itemListElement\":[{\"@type\":\"ListItem\",\"position\":1,\"name\":\"Home\",\"item\":\"https:\\\/\\\/botanyinabottle.com\\\/\"},{\"@type\":\"ListItem\",\"position\":2,\"name\":\"Produits Botany In A Bottle\",\"item\":\"https:\\\/\\\/botanyinabottle.com\\\/shop\\\/\"},{\"@type\":\"ListItem\",\"position\":3,\"name\":\"SOS Botany Spray\"}]},{\"@type\":\"WebSite\",\"@id\":\"https:\\\/\\\/botanyinabottle.com\\\/#website\",\"url\":\"https:\\\/\\\/botanyinabottle.com\\\/\",\"name\":\"Botany in a Bottle\",\"description\":\"\",\"publisher\":{\"@id\":\"https:\\\/\\\/botanyinabottle.com\\\/#organization\"},\"potentialAction\":[{\"@type\":\"SearchAction\",\"target\":{\"@type\":\"EntryPoint\",\"urlTemplate\":\"https:\\\/\\\/botanyinabottle.com\\\/?s={search_term_string}\"},\"query-input\":{\"@type\":\"PropertyValueSpecification\",\"valueRequired\":true,\"valueName\":\"search_term_string\"}}],\"inLanguage\":\"de\"},{\"@type\":\"Organization\",\"@id\":\"https:\\\/\\\/botanyinabottle.com\\\/#organization\",\"name\":\"Botany in a Bottle\",\"url\":\"https:\\\/\\\/botanyinabottle.com\\\/\",\"logo\":{\"@type\":\"ImageObject\",\"inLanguage\":\"de\",\"@id\":\"https:\\\/\\\/botanyinabottle.com\\\/#\\\/schema\\\/logo\\\/image\\\/\",\"url\":\"https:\\\/\\\/botanyinabottle.com\\\/wp-content\\\/uploads\\\/2023\\\/10\\\/Image-de-profil-Logotype-Botanic-in-a-bottle-blanc-sur-fond-vert.webp\",\"contentUrl\":\"https:\\\/\\\/botanyinabottle.com\\\/wp-content\\\/uploads\\\/2023\\\/10\\\/Image-de-profil-Logotype-Botanic-in-a-bottle-blanc-sur-fond-vert.webp\",\"width\":1500,\"height\":1500,\"caption\":\"Botany in a Bottle\"},\"image\":{\"@id\":\"https:\\\/\\\/botanyinabottle.com\\\/#\\\/schema\\\/logo\\\/image\\\/\"},\"sameAs\":[\"https:\\\/\\\/www.facebook.com\\\/profile.php?id=100086472803321\",\"https:\\\/\\\/www.instagram.com\\\/botany_in_a_bottle\\\/\"]}]}<\/script>\n<!-- \/ Yoast SEO plugin. -->","yoast_head_json":{"title":"SOS Botany Spray - Botany in a Bottle","description":"Notre SOS Botany Spray est un concentr\u00e9 d\u2019actifs 3-en-1 pour les premiers soins des bobos gr\u00e2ce \u00e0 son action dermatologique et holistique b\u00e9n\u00e9fique !","robots":{"index":"index","follow":"follow","max-snippet":"max-snippet:-1","max-image-preview":"max-image-preview:large","max-video-preview":"max-video-preview:-1"},"canonical":"https:\/\/botanyinabottle.com\/de\/produkt\/sos-botany-spray-concentre-actif-des-alpes\/","og_locale":"de_DE","og_type":"article","og_title":"SOS Botany Spray - Botany in a Bottle","og_description":"Notre SOS Botany Spray est un concentr\u00e9 d\u2019actifs 3-en-1 pour les premiers soins des bobos gr\u00e2ce \u00e0 son action dermatologique et holistique b\u00e9n\u00e9fique !","og_url":"https:\/\/botanyinabottle.com\/de\/produkt\/sos-botany-spray-concentre-actif-des-alpes\/","og_site_name":"Botany in a Bottle","article_publisher":"https:\/\/www.facebook.com\/profile.php?id=100086472803321","article_modified_time":"2026-04-02T22:44:49+00:00","og_image":[{"width":800,"height":800,"url":"https:\/\/botanyinabottle.com\/wp-content\/uploads\/2024\/05\/botany-in-a-bottle-sos-spray.png","type":"image\/png"}],"twitter_card":"summary_large_image","twitter_misc":{"Gesch\u00e4tzte Lesezeit":"1\u00a0Minute"},"schema":{"@context":"https:\/\/schema.org","@graph":[{"@type":"WebPage","@id":"https:\/\/botanyinabottle.com\/produit\/sos-botany-spray-concentre-actif-des-alpes\/","url":"https:\/\/botanyinabottle.com\/produit\/sos-botany-spray-concentre-actif-des-alpes\/","name":"SOS Botany Spray - Botany in a Bottle","isPartOf":{"@id":"https:\/\/botanyinabottle.com\/#website"},"primaryImageOfPage":{"@id":"https:\/\/botanyinabottle.com\/produit\/sos-botany-spray-concentre-actif-des-alpes\/#primaryimage"},"image":{"@id":"https:\/\/botanyinabottle.com\/produit\/sos-botany-spray-concentre-actif-des-alpes\/#primaryimage"},"thumbnailUrl":"https:\/\/botanyinabottle.com\/wp-content\/uploads\/2024\/05\/botany-in-a-bottle-sos-spray.png","datePublished":"2024-05-15T09:35:09+00:00","dateModified":"2026-04-02T22:44:49+00:00","description":"Notre SOS Botany Spray est un concentr\u00e9 d\u2019actifs 3-en-1 pour les premiers soins des bobos gr\u00e2ce \u00e0 son action dermatologique et holistique b\u00e9n\u00e9fique !","breadcrumb":{"@id":"https:\/\/botanyinabottle.com\/produit\/sos-botany-spray-concentre-actif-des-alpes\/#breadcrumb"},"inLanguage":"de","potentialAction":[{"@type":"ReadAction","target":["https:\/\/botanyinabottle.com\/produit\/sos-botany-spray-concentre-actif-des-alpes\/"]}]},{"@type":"ImageObject","inLanguage":"de","@id":"https:\/\/botanyinabottle.com\/produit\/sos-botany-spray-concentre-actif-des-alpes\/#primaryimage","url":"https:\/\/botanyinabottle.com\/wp-content\/uploads\/2024\/05\/botany-in-a-bottle-sos-spray.png","contentUrl":"https:\/\/botanyinabottle.com\/wp-content\/uploads\/2024\/05\/botany-in-a-bottle-sos-spray.png","width":800,"height":800,"caption":"botany in a bottle sos spray"},{"@type":"BreadcrumbList","@id":"https:\/\/botanyinabottle.com\/produit\/sos-botany-spray-concentre-actif-des-alpes\/#breadcrumb","itemListElement":[{"@type":"ListItem","position":1,"name":"Home","item":"https:\/\/botanyinabottle.com\/"},{"@type":"ListItem","position":2,"name":"Produits Botany In A Bottle","item":"https:\/\/botanyinabottle.com\/shop\/"},{"@type":"ListItem","position":3,"name":"SOS Botany Spray"}]},{"@type":"WebSite","@id":"https:\/\/botanyinabottle.com\/#website","url":"https:\/\/botanyinabottle.com\/","name":"Botany in a Bottle","description":"","publisher":{"@id":"https:\/\/botanyinabottle.com\/#organization"},"potentialAction":[{"@type":"SearchAction","target":{"@type":"EntryPoint","urlTemplate":"https:\/\/botanyinabottle.com\/?s={search_term_string}"},"query-input":{"@type":"PropertyValueSpecification","valueRequired":true,"valueName":"search_term_string"}}],"inLanguage":"de"},{"@type":"Organization","@id":"https:\/\/botanyinabottle.com\/#organization","name":"Botany in a Bottle","url":"https:\/\/botanyinabottle.com\/","logo":{"@type":"ImageObject","inLanguage":"de","@id":"https:\/\/botanyinabottle.com\/#\/schema\/logo\/image\/","url":"https:\/\/botanyinabottle.com\/wp-content\/uploads\/2023\/10\/Image-de-profil-Logotype-Botanic-in-a-bottle-blanc-sur-fond-vert.webp","contentUrl":"https:\/\/botanyinabottle.com\/wp-content\/uploads\/2023\/10\/Image-de-profil-Logotype-Botanic-in-a-bottle-blanc-sur-fond-vert.webp","width":1500,"height":1500,"caption":"Botany in a Bottle"},"image":{"@id":"https:\/\/botanyinabottle.com\/#\/schema\/logo\/image\/"},"sameAs":["https:\/\/www.facebook.com\/profile.php?id=100086472803321","https:\/\/www.instagram.com\/botany_in_a_bottle\/"]}]}},"_links":{"self":[{"href":"https:\/\/botanyinabottle.com\/de\/wp-json\/wp\/v2\/product\/457","targetHints":{"allow":["GET"]}}],"collection":[{"href":"https:\/\/botanyinabottle.com\/de\/wp-json\/wp\/v2\/product"}],"about":[{"href":"https:\/\/botanyinabottle.com\/de\/wp-json\/wp\/v2\/types\/product"}],"replies":[{"embeddable":true,"href":"https:\/\/botanyinabottle.com\/de\/wp-json\/wp\/v2\/comments?post=457"}],"wp:featuredmedia":[{"embeddable":true,"href":"https:\/\/botanyinabottle.com\/de\/wp-json\/wp\/v2\/media\/2235"}],"wp:attachment":[{"href":"https:\/\/botanyinabottle.com\/de\/wp-json\/wp\/v2\/media?parent=457"}],"wp:term":[{"taxonomy":"product_brand","embeddable":true,"href":"https:\/\/botanyinabottle.com\/de\/wp-json\/wp\/v2\/product_brand?post=457"},{"taxonomy":"product_cat","embeddable":true,"href":"https:\/\/botanyinabottle.com\/de\/wp-json\/wp\/v2\/product_cat?post=457"},{"taxonomy":"product_tag","embeddable":true,"href":"https:\/\/botanyinabottle.com\/de\/wp-json\/wp\/v2\/product_tag?post=457"},{"taxonomy":"berocket_brand","embeddable":true,"href":"https:\/\/botanyinabottle.com\/de\/wp-json\/wp\/v2\/berocket_brand?post=457"}],"curies":[{"name":"wp","href":"https:\/\/api.w.org\/{rel}","templated":true}]}}