{"id":2325,"date":"2024-12-02T13:09:25","date_gmt":"2024-12-02T13:09:25","guid":{"rendered":"https:\/\/botanyinabottle.com\/?post_type=product&#038;p=2325"},"modified":"2026-01-12T10:39:40","modified_gmt":"2026-01-12T09:39:40","slug":"spray-ambiance-saison-froide","status":"publish","type":"product","link":"https:\/\/botanyinabottle.com\/de\/produkt\/spray-ambiance-saison-froide\/","title":{"rendered":"Spray Ambiance Saison Froide"},"content":{"rendered":"<p>\u2022 <strong>100%<\/strong> d\u2019origine naturel. <strong>100%<\/strong> artisanal. <strong>100%<\/strong> durable.<br \/>\n\u2022 D\u00e9velopp\u00e9 et formul\u00e9 par le pharmacien Tobias<br \/>\n\u2022 Formule sans eau<\/p>\n<p>&nbsp;<\/p>\n<p><strong>Synergie d\u2019huile <\/strong><strong>d&rsquo;eucalyptus radi\u00e9, citron, pin de montagne, lavande et thym<\/strong><\/p>\n<p>&nbsp;<\/p>\n<p>Le Spray d&rsquo;Ambiance <strong>Saison Froide<\/strong> est parfait pour cr\u00e9er une atmosph\u00e8re fra\u00eeche et apaisante en p\u00e9riode de rhume. L&rsquo;eucalyptus radi\u00e9 d\u00e9gage les voies respiratoires, le citron revitalise, le pin de montagne purifie l&rsquo;air, tandis que la lavande et le thym apportent une touche apaisante pour un confort optimal.<\/p>","protected":false},"excerpt":{"rendered":"<p><strong>Synergie d\u2019huile <\/strong><strong>d&rsquo;eucalyptus radi\u00e9, citron, pin de montagne, lavande et thym<\/strong><\/p>\n<p>&nbsp;<\/p>\n<p>Le Spray d&rsquo;Ambiance <strong>Saison Froide<\/strong> est parfait pour cr\u00e9er une atmosph\u00e8re fra\u00eeche et apaisante en p\u00e9riode de rhume. L&rsquo;eucalyptus radi\u00e9 d\u00e9gage les voies respiratoires, le citron revitalise, le pin de montagne purifie l&rsquo;air, tandis que la lavande et le thym apportent une touche apaisante pour un confort optimal.<\/p>","protected":false},"featured_media":2175,"comment_status":"closed","ping_status":"closed","template":"","meta":[],"product_brand":[],"product_cat":[26],"product_tag":[46],"berocket_brand":[38],"class_list":{"0":"post-2325","1":"product","2":"type-product","3":"status-publish","4":"has-post-thumbnail","6":"product_cat-spray","7":"product_tag-rhume-saison-froide","8":"berocket_brand-homedi-kind","10":"first","11":"outofstock","12":"taxable","13":"shipping-taxable","14":"purchasable","15":"product-type-simple"},"yoast_head":"<!-- This site is optimized with the Yoast SEO plugin v27.5 - https:\/\/yoast.com\/product\/yoast-seo-wordpress\/ -->\n<title>Spray Ambiance Saison Froide - Botany in a Bottle<\/title>\n<meta name=\"robots\" content=\"index, follow, max-snippet:-1, max-image-preview:large, max-video-preview:-1\" \/>\n<link rel=\"canonical\" href=\"https:\/\/botanyinabottle.com\/de\/produkt\/spray-ambiance-saison-froide\/\" \/>\n<meta property=\"og:locale\" content=\"de_DE\" \/>\n<meta property=\"og:type\" content=\"article\" \/>\n<meta property=\"og:title\" content=\"Spray Ambiance Saison Froide - Botany in a Bottle\" \/>\n<meta property=\"og:description\" content=\"Synergie d\u2019huile d&#039;eucalyptus radi\u00e9, citron, pin de montagne, lavande et thym  &nbsp;  Le Spray d&#039;Ambiance Saison Froide est parfait pour cr\u00e9er une atmosph\u00e8re fra\u00eeche et apaisante en p\u00e9riode de rhume. L&#039;eucalyptus radi\u00e9 d\u00e9gage les voies respiratoires, le citron revitalise, le pin de montagne purifie l&#039;air, tandis que la lavande et le thym apportent une touche apaisante pour un confort optimal.\" \/>\n<meta property=\"og:url\" content=\"https:\/\/botanyinabottle.com\/de\/produkt\/spray-ambiance-saison-froide\/\" \/>\n<meta property=\"og:site_name\" content=\"Botany in a Bottle\" \/>\n<meta property=\"article:publisher\" content=\"https:\/\/www.facebook.com\/profile.php?id=100086472803321\" \/>\n<meta property=\"article:modified_time\" content=\"2026-01-12T09:39:40+00:00\" \/>\n<meta property=\"og:image\" content=\"https:\/\/botanyinabottle.com\/wp-content\/uploads\/2024\/11\/6.png\" \/>\n\t<meta property=\"og:image:width\" content=\"2560\" \/>\n\t<meta property=\"og:image:height\" content=\"2560\" \/>\n\t<meta property=\"og:image:type\" content=\"image\/png\" \/>\n<meta name=\"twitter:card\" content=\"summary_large_image\" \/>\n<meta name=\"twitter:label1\" content=\"Gesch\u00e4tzte Lesezeit\" \/>\n\t<meta name=\"twitter:data1\" content=\"1\u00a0Minute\" \/>\n<script type=\"application\/ld+json\" class=\"yoast-schema-graph\">{\"@context\":\"https:\\\/\\\/schema.org\",\"@graph\":[{\"@type\":\"WebPage\",\"@id\":\"https:\\\/\\\/botanyinabottle.com\\\/produit\\\/spray-ambiance-saison-froide\\\/\",\"url\":\"https:\\\/\\\/botanyinabottle.com\\\/produit\\\/spray-ambiance-saison-froide\\\/\",\"name\":\"Spray Ambiance Saison Froide - Botany in a Bottle\",\"isPartOf\":{\"@id\":\"https:\\\/\\\/botanyinabottle.com\\\/#website\"},\"primaryImageOfPage\":{\"@id\":\"https:\\\/\\\/botanyinabottle.com\\\/produit\\\/spray-ambiance-saison-froide\\\/#primaryimage\"},\"image\":{\"@id\":\"https:\\\/\\\/botanyinabottle.com\\\/produit\\\/spray-ambiance-saison-froide\\\/#primaryimage\"},\"thumbnailUrl\":\"https:\\\/\\\/botanyinabottle.com\\\/wp-content\\\/uploads\\\/2024\\\/11\\\/6.png\",\"datePublished\":\"2024-12-02T13:09:25+00:00\",\"dateModified\":\"2026-01-12T09:39:40+00:00\",\"breadcrumb\":{\"@id\":\"https:\\\/\\\/botanyinabottle.com\\\/produit\\\/spray-ambiance-saison-froide\\\/#breadcrumb\"},\"inLanguage\":\"de\",\"potentialAction\":[{\"@type\":\"ReadAction\",\"target\":[\"https:\\\/\\\/botanyinabottle.com\\\/produit\\\/spray-ambiance-saison-froide\\\/\"]}]},{\"@type\":\"ImageObject\",\"inLanguage\":\"de\",\"@id\":\"https:\\\/\\\/botanyinabottle.com\\\/produit\\\/spray-ambiance-saison-froide\\\/#primaryimage\",\"url\":\"https:\\\/\\\/botanyinabottle.com\\\/wp-content\\\/uploads\\\/2024\\\/11\\\/6.png\",\"contentUrl\":\"https:\\\/\\\/botanyinabottle.com\\\/wp-content\\\/uploads\\\/2024\\\/11\\\/6.png\",\"width\":2560,\"height\":2560,\"caption\":\"spray-ambiance-saison-froide-rhume\"},{\"@type\":\"BreadcrumbList\",\"@id\":\"https:\\\/\\\/botanyinabottle.com\\\/produit\\\/spray-ambiance-saison-froide\\\/#breadcrumb\",\"itemListElement\":[{\"@type\":\"ListItem\",\"position\":1,\"name\":\"Home\",\"item\":\"https:\\\/\\\/botanyinabottle.com\\\/\"},{\"@type\":\"ListItem\",\"position\":2,\"name\":\"Produits Botany In A Bottle\",\"item\":\"https:\\\/\\\/botanyinabottle.com\\\/shop\\\/\"},{\"@type\":\"ListItem\",\"position\":3,\"name\":\"Spray Ambiance Saison Froide\"}]},{\"@type\":\"WebSite\",\"@id\":\"https:\\\/\\\/botanyinabottle.com\\\/#website\",\"url\":\"https:\\\/\\\/botanyinabottle.com\\\/\",\"name\":\"Botany in a Bottle\",\"description\":\"\",\"publisher\":{\"@id\":\"https:\\\/\\\/botanyinabottle.com\\\/#organization\"},\"potentialAction\":[{\"@type\":\"SearchAction\",\"target\":{\"@type\":\"EntryPoint\",\"urlTemplate\":\"https:\\\/\\\/botanyinabottle.com\\\/?s={search_term_string}\"},\"query-input\":{\"@type\":\"PropertyValueSpecification\",\"valueRequired\":true,\"valueName\":\"search_term_string\"}}],\"inLanguage\":\"de\"},{\"@type\":\"Organization\",\"@id\":\"https:\\\/\\\/botanyinabottle.com\\\/#organization\",\"name\":\"Botany in a Bottle\",\"url\":\"https:\\\/\\\/botanyinabottle.com\\\/\",\"logo\":{\"@type\":\"ImageObject\",\"inLanguage\":\"de\",\"@id\":\"https:\\\/\\\/botanyinabottle.com\\\/#\\\/schema\\\/logo\\\/image\\\/\",\"url\":\"https:\\\/\\\/botanyinabottle.com\\\/wp-content\\\/uploads\\\/2023\\\/10\\\/Image-de-profil-Logotype-Botanic-in-a-bottle-blanc-sur-fond-vert.webp\",\"contentUrl\":\"https:\\\/\\\/botanyinabottle.com\\\/wp-content\\\/uploads\\\/2023\\\/10\\\/Image-de-profil-Logotype-Botanic-in-a-bottle-blanc-sur-fond-vert.webp\",\"width\":1500,\"height\":1500,\"caption\":\"Botany in a Bottle\"},\"image\":{\"@id\":\"https:\\\/\\\/botanyinabottle.com\\\/#\\\/schema\\\/logo\\\/image\\\/\"},\"sameAs\":[\"https:\\\/\\\/www.facebook.com\\\/profile.php?id=100086472803321\",\"https:\\\/\\\/www.instagram.com\\\/botany_in_a_bottle\\\/\"]}]}<\/script>\n<!-- \/ Yoast SEO plugin. -->","yoast_head_json":{"title":"Spray Ambiance Saison Froide - Botany in a Bottle","robots":{"index":"index","follow":"follow","max-snippet":"max-snippet:-1","max-image-preview":"max-image-preview:large","max-video-preview":"max-video-preview:-1"},"canonical":"https:\/\/botanyinabottle.com\/de\/produkt\/spray-ambiance-saison-froide\/","og_locale":"de_DE","og_type":"article","og_title":"Spray Ambiance Saison Froide - Botany in a Bottle","og_description":"Synergie d\u2019huile d'eucalyptus radi\u00e9, citron, pin de montagne, lavande et thym  &nbsp;  Le Spray d'Ambiance Saison Froide est parfait pour cr\u00e9er une atmosph\u00e8re fra\u00eeche et apaisante en p\u00e9riode de rhume. L'eucalyptus radi\u00e9 d\u00e9gage les voies respiratoires, le citron revitalise, le pin de montagne purifie l'air, tandis que la lavande et le thym apportent une touche apaisante pour un confort optimal.","og_url":"https:\/\/botanyinabottle.com\/de\/produkt\/spray-ambiance-saison-froide\/","og_site_name":"Botany in a Bottle","article_publisher":"https:\/\/www.facebook.com\/profile.php?id=100086472803321","article_modified_time":"2026-01-12T09:39:40+00:00","og_image":[{"width":2560,"height":2560,"url":"https:\/\/botanyinabottle.com\/wp-content\/uploads\/2024\/11\/6.png","type":"image\/png"}],"twitter_card":"summary_large_image","twitter_misc":{"Gesch\u00e4tzte Lesezeit":"1\u00a0Minute"},"schema":{"@context":"https:\/\/schema.org","@graph":[{"@type":"WebPage","@id":"https:\/\/botanyinabottle.com\/produit\/spray-ambiance-saison-froide\/","url":"https:\/\/botanyinabottle.com\/produit\/spray-ambiance-saison-froide\/","name":"Spray Ambiance Saison Froide - Botany in a Bottle","isPartOf":{"@id":"https:\/\/botanyinabottle.com\/#website"},"primaryImageOfPage":{"@id":"https:\/\/botanyinabottle.com\/produit\/spray-ambiance-saison-froide\/#primaryimage"},"image":{"@id":"https:\/\/botanyinabottle.com\/produit\/spray-ambiance-saison-froide\/#primaryimage"},"thumbnailUrl":"https:\/\/botanyinabottle.com\/wp-content\/uploads\/2024\/11\/6.png","datePublished":"2024-12-02T13:09:25+00:00","dateModified":"2026-01-12T09:39:40+00:00","breadcrumb":{"@id":"https:\/\/botanyinabottle.com\/produit\/spray-ambiance-saison-froide\/#breadcrumb"},"inLanguage":"de","potentialAction":[{"@type":"ReadAction","target":["https:\/\/botanyinabottle.com\/produit\/spray-ambiance-saison-froide\/"]}]},{"@type":"ImageObject","inLanguage":"de","@id":"https:\/\/botanyinabottle.com\/produit\/spray-ambiance-saison-froide\/#primaryimage","url":"https:\/\/botanyinabottle.com\/wp-content\/uploads\/2024\/11\/6.png","contentUrl":"https:\/\/botanyinabottle.com\/wp-content\/uploads\/2024\/11\/6.png","width":2560,"height":2560,"caption":"spray-ambiance-saison-froide-rhume"},{"@type":"BreadcrumbList","@id":"https:\/\/botanyinabottle.com\/produit\/spray-ambiance-saison-froide\/#breadcrumb","itemListElement":[{"@type":"ListItem","position":1,"name":"Home","item":"https:\/\/botanyinabottle.com\/"},{"@type":"ListItem","position":2,"name":"Produits Botany In A Bottle","item":"https:\/\/botanyinabottle.com\/shop\/"},{"@type":"ListItem","position":3,"name":"Spray Ambiance Saison Froide"}]},{"@type":"WebSite","@id":"https:\/\/botanyinabottle.com\/#website","url":"https:\/\/botanyinabottle.com\/","name":"Botany in a Bottle","description":"","publisher":{"@id":"https:\/\/botanyinabottle.com\/#organization"},"potentialAction":[{"@type":"SearchAction","target":{"@type":"EntryPoint","urlTemplate":"https:\/\/botanyinabottle.com\/?s={search_term_string}"},"query-input":{"@type":"PropertyValueSpecification","valueRequired":true,"valueName":"search_term_string"}}],"inLanguage":"de"},{"@type":"Organization","@id":"https:\/\/botanyinabottle.com\/#organization","name":"Botany in a Bottle","url":"https:\/\/botanyinabottle.com\/","logo":{"@type":"ImageObject","inLanguage":"de","@id":"https:\/\/botanyinabottle.com\/#\/schema\/logo\/image\/","url":"https:\/\/botanyinabottle.com\/wp-content\/uploads\/2023\/10\/Image-de-profil-Logotype-Botanic-in-a-bottle-blanc-sur-fond-vert.webp","contentUrl":"https:\/\/botanyinabottle.com\/wp-content\/uploads\/2023\/10\/Image-de-profil-Logotype-Botanic-in-a-bottle-blanc-sur-fond-vert.webp","width":1500,"height":1500,"caption":"Botany in a Bottle"},"image":{"@id":"https:\/\/botanyinabottle.com\/#\/schema\/logo\/image\/"},"sameAs":["https:\/\/www.facebook.com\/profile.php?id=100086472803321","https:\/\/www.instagram.com\/botany_in_a_bottle\/"]}]}},"_links":{"self":[{"href":"https:\/\/botanyinabottle.com\/de\/wp-json\/wp\/v2\/product\/2325","targetHints":{"allow":["GET"]}}],"collection":[{"href":"https:\/\/botanyinabottle.com\/de\/wp-json\/wp\/v2\/product"}],"about":[{"href":"https:\/\/botanyinabottle.com\/de\/wp-json\/wp\/v2\/types\/product"}],"replies":[{"embeddable":true,"href":"https:\/\/botanyinabottle.com\/de\/wp-json\/wp\/v2\/comments?post=2325"}],"wp:featuredmedia":[{"embeddable":true,"href":"https:\/\/botanyinabottle.com\/de\/wp-json\/wp\/v2\/media\/2175"}],"wp:attachment":[{"href":"https:\/\/botanyinabottle.com\/de\/wp-json\/wp\/v2\/media?parent=2325"}],"wp:term":[{"taxonomy":"product_brand","embeddable":true,"href":"https:\/\/botanyinabottle.com\/de\/wp-json\/wp\/v2\/product_brand?post=2325"},{"taxonomy":"product_cat","embeddable":true,"href":"https:\/\/botanyinabottle.com\/de\/wp-json\/wp\/v2\/product_cat?post=2325"},{"taxonomy":"product_tag","embeddable":true,"href":"https:\/\/botanyinabottle.com\/de\/wp-json\/wp\/v2\/product_tag?post=2325"},{"taxonomy":"berocket_brand","embeddable":true,"href":"https:\/\/botanyinabottle.com\/de\/wp-json\/wp\/v2\/berocket_brand?post=2325"}],"curies":[{"name":"wp","href":"https:\/\/api.w.org\/{rel}","templated":true}]}}