{"id":2242,"date":"2024-11-28T13:12:05","date_gmt":"2024-11-28T13:12:05","guid":{"rendered":"https:\/\/botanyinabottle.com\/?post_type=product&#038;p=2242"},"modified":"2026-03-02T21:10:43","modified_gmt":"2026-03-02T20:10:43","slug":"huile-premieres-dents","status":"publish","type":"product","link":"https:\/\/botanyinabottle.com\/de\/produkt\/huile-premieres-dents\/","title":{"rendered":"Huile Pouss\u00e9e Dentaire"},"content":{"rendered":"<p>\u2022 <strong>100%<\/strong> d\u2019origine naturel. <strong>100%<\/strong> artisanal. <strong>100%<\/strong> durable.<br \/>\n\u2022 D\u00e9velopp\u00e9 et formul\u00e9 par le pharmacien Tobias<br \/>\n\u2022 Formule sans eau<\/p>\n<p>&nbsp;<\/p>\n<p><strong>Synergie d\u2019huile de lavande, camomille romaine, clou de girofle et millepertuis<\/strong><\/p>\n<p><strong>\u00a0<\/strong><\/p>\n<p>L\u2019arriv\u00e9e des premi\u00e8res dents peut \u00eatre une \u00e9tape d\u00e9licate pour votre b\u00e9b\u00e9. Cette huile agit comme un soin complet pour <strong>soulager<\/strong> les pouss\u00e9es dentaires. Il <strong>apaise<\/strong> la douleur, <strong>calme<\/strong> les inflammations des gencives et aide votre enfant \u00e0 <strong>retrouver confort et s\u00e9r\u00e9nit\u00e9<\/strong>.<\/p>\n<p>&nbsp;<\/p>","protected":false},"excerpt":{"rendered":"<p><strong>Synergie d\u2019huile de lavande, camomille romaine, clou de girofle et millepertuis<\/strong><\/p>\n<p><strong>\u00a0<\/strong><\/p>\n<p>L\u2019arriv\u00e9e des premi\u00e8res dents peut \u00eatre une \u00e9tape d\u00e9licate pour votre b\u00e9b\u00e9. Cette huile agit comme un soin complet pour <strong>soulager<\/strong> les pouss\u00e9es dentaires. Il <strong>apaise<\/strong> la douleur, <strong>calme<\/strong> les inflammations des gencives et aide votre enfant \u00e0 <strong>retrouver confort et s\u00e9r\u00e9nit\u00e9<\/strong>.<\/p>","protected":false},"featured_media":2484,"comment_status":"closed","ping_status":"closed","template":"","meta":[],"product_brand":[],"product_cat":[37],"product_tag":[45],"berocket_brand":[38],"class_list":{"0":"post-2242","1":"product","2":"type-product","3":"status-publish","4":"has-post-thumbnail","6":"product_cat-huile","7":"product_tag-premieres-dents","8":"berocket_brand-homedi-kind","10":"first","11":"instock","12":"taxable","13":"shipping-taxable","14":"purchasable","15":"product-type-simple"},"yoast_head":"<!-- This site is optimized with the Yoast SEO plugin v27.5 - https:\/\/yoast.com\/product\/yoast-seo-wordpress\/ -->\n<title>Huile Pouss\u00e9e Dentaire - Botany in a Bottle<\/title>\n<meta name=\"robots\" content=\"index, follow, max-snippet:-1, max-image-preview:large, max-video-preview:-1\" \/>\n<link rel=\"canonical\" href=\"https:\/\/botanyinabottle.com\/de\/produkt\/huile-premieres-dents\/\" \/>\n<meta property=\"og:locale\" content=\"de_DE\" \/>\n<meta property=\"og:type\" content=\"article\" \/>\n<meta property=\"og:title\" content=\"Huile Pouss\u00e9e Dentaire - Botany in a Bottle\" \/>\n<meta property=\"og:description\" content=\"Synergie d\u2019huile de lavande, camomille romaine, clou de girofle et millepertuis  \u00a0  L\u2019arriv\u00e9e des premi\u00e8res dents peut \u00eatre une \u00e9tape d\u00e9licate pour votre b\u00e9b\u00e9. Cette huile agit comme un soin complet pour soulager les pouss\u00e9es dentaires. Il apaise la douleur, calme les inflammations des gencives et aide votre enfant \u00e0 retrouver confort et s\u00e9r\u00e9nit\u00e9.\" \/>\n<meta property=\"og:url\" content=\"https:\/\/botanyinabottle.com\/de\/produkt\/huile-premieres-dents\/\" \/>\n<meta property=\"og:site_name\" content=\"Botany in a Bottle\" \/>\n<meta property=\"article:publisher\" content=\"https:\/\/www.facebook.com\/profile.php?id=100086472803321\" \/>\n<meta property=\"article:modified_time\" content=\"2026-03-02T20:10:43+00:00\" \/>\n<meta property=\"og:image\" content=\"https:\/\/botanyinabottle.com\/wp-content\/uploads\/2024\/12\/huile-poussee-dentaire_simple.png\" \/>\n\t<meta property=\"og:image:width\" content=\"2560\" \/>\n\t<meta property=\"og:image:height\" content=\"2560\" \/>\n\t<meta property=\"og:image:type\" content=\"image\/png\" \/>\n<meta name=\"twitter:card\" content=\"summary_large_image\" \/>\n<meta name=\"twitter:label1\" content=\"Gesch\u00e4tzte Lesezeit\" \/>\n\t<meta name=\"twitter:data1\" content=\"1\u00a0Minute\" \/>\n<script type=\"application\/ld+json\" class=\"yoast-schema-graph\">{\"@context\":\"https:\\\/\\\/schema.org\",\"@graph\":[{\"@type\":\"WebPage\",\"@id\":\"https:\\\/\\\/botanyinabottle.com\\\/produit\\\/huile-premieres-dents\\\/\",\"url\":\"https:\\\/\\\/botanyinabottle.com\\\/produit\\\/huile-premieres-dents\\\/\",\"name\":\"Huile Pouss\u00e9e Dentaire - Botany in a Bottle\",\"isPartOf\":{\"@id\":\"https:\\\/\\\/botanyinabottle.com\\\/#website\"},\"primaryImageOfPage\":{\"@id\":\"https:\\\/\\\/botanyinabottle.com\\\/produit\\\/huile-premieres-dents\\\/#primaryimage\"},\"image\":{\"@id\":\"https:\\\/\\\/botanyinabottle.com\\\/produit\\\/huile-premieres-dents\\\/#primaryimage\"},\"thumbnailUrl\":\"https:\\\/\\\/botanyinabottle.com\\\/wp-content\\\/uploads\\\/2024\\\/12\\\/huile-poussee-dentaire_simple.png\",\"datePublished\":\"2024-11-28T13:12:05+00:00\",\"dateModified\":\"2026-03-02T20:10:43+00:00\",\"breadcrumb\":{\"@id\":\"https:\\\/\\\/botanyinabottle.com\\\/produit\\\/huile-premieres-dents\\\/#breadcrumb\"},\"inLanguage\":\"de\",\"potentialAction\":[{\"@type\":\"ReadAction\",\"target\":[\"https:\\\/\\\/botanyinabottle.com\\\/produit\\\/huile-premieres-dents\\\/\"]}]},{\"@type\":\"ImageObject\",\"inLanguage\":\"de\",\"@id\":\"https:\\\/\\\/botanyinabottle.com\\\/produit\\\/huile-premieres-dents\\\/#primaryimage\",\"url\":\"https:\\\/\\\/botanyinabottle.com\\\/wp-content\\\/uploads\\\/2024\\\/12\\\/huile-poussee-dentaire_simple.png\",\"contentUrl\":\"https:\\\/\\\/botanyinabottle.com\\\/wp-content\\\/uploads\\\/2024\\\/12\\\/huile-poussee-dentaire_simple.png\",\"width\":2560,\"height\":2560,\"caption\":\"huile-pouss\u00e9e-dentaire\"},{\"@type\":\"BreadcrumbList\",\"@id\":\"https:\\\/\\\/botanyinabottle.com\\\/produit\\\/huile-premieres-dents\\\/#breadcrumb\",\"itemListElement\":[{\"@type\":\"ListItem\",\"position\":1,\"name\":\"Home\",\"item\":\"https:\\\/\\\/botanyinabottle.com\\\/\"},{\"@type\":\"ListItem\",\"position\":2,\"name\":\"Produits Botany In A Bottle\",\"item\":\"https:\\\/\\\/botanyinabottle.com\\\/shop\\\/\"},{\"@type\":\"ListItem\",\"position\":3,\"name\":\"Huile Pouss\u00e9e Dentaire\"}]},{\"@type\":\"WebSite\",\"@id\":\"https:\\\/\\\/botanyinabottle.com\\\/#website\",\"url\":\"https:\\\/\\\/botanyinabottle.com\\\/\",\"name\":\"Botany in a Bottle\",\"description\":\"\",\"publisher\":{\"@id\":\"https:\\\/\\\/botanyinabottle.com\\\/#organization\"},\"potentialAction\":[{\"@type\":\"SearchAction\",\"target\":{\"@type\":\"EntryPoint\",\"urlTemplate\":\"https:\\\/\\\/botanyinabottle.com\\\/?s={search_term_string}\"},\"query-input\":{\"@type\":\"PropertyValueSpecification\",\"valueRequired\":true,\"valueName\":\"search_term_string\"}}],\"inLanguage\":\"de\"},{\"@type\":\"Organization\",\"@id\":\"https:\\\/\\\/botanyinabottle.com\\\/#organization\",\"name\":\"Botany in a Bottle\",\"url\":\"https:\\\/\\\/botanyinabottle.com\\\/\",\"logo\":{\"@type\":\"ImageObject\",\"inLanguage\":\"de\",\"@id\":\"https:\\\/\\\/botanyinabottle.com\\\/#\\\/schema\\\/logo\\\/image\\\/\",\"url\":\"https:\\\/\\\/botanyinabottle.com\\\/wp-content\\\/uploads\\\/2023\\\/10\\\/Image-de-profil-Logotype-Botanic-in-a-bottle-blanc-sur-fond-vert.webp\",\"contentUrl\":\"https:\\\/\\\/botanyinabottle.com\\\/wp-content\\\/uploads\\\/2023\\\/10\\\/Image-de-profil-Logotype-Botanic-in-a-bottle-blanc-sur-fond-vert.webp\",\"width\":1500,\"height\":1500,\"caption\":\"Botany in a Bottle\"},\"image\":{\"@id\":\"https:\\\/\\\/botanyinabottle.com\\\/#\\\/schema\\\/logo\\\/image\\\/\"},\"sameAs\":[\"https:\\\/\\\/www.facebook.com\\\/profile.php?id=100086472803321\",\"https:\\\/\\\/www.instagram.com\\\/botany_in_a_bottle\\\/\"]}]}<\/script>\n<!-- \/ Yoast SEO plugin. -->","yoast_head_json":{"title":"Huile Pouss\u00e9e Dentaire - Botany in a Bottle","robots":{"index":"index","follow":"follow","max-snippet":"max-snippet:-1","max-image-preview":"max-image-preview:large","max-video-preview":"max-video-preview:-1"},"canonical":"https:\/\/botanyinabottle.com\/de\/produkt\/huile-premieres-dents\/","og_locale":"de_DE","og_type":"article","og_title":"Huile Pouss\u00e9e Dentaire - Botany in a Bottle","og_description":"Synergie d\u2019huile de lavande, camomille romaine, clou de girofle et millepertuis  \u00a0  L\u2019arriv\u00e9e des premi\u00e8res dents peut \u00eatre une \u00e9tape d\u00e9licate pour votre b\u00e9b\u00e9. Cette huile agit comme un soin complet pour soulager les pouss\u00e9es dentaires. Il apaise la douleur, calme les inflammations des gencives et aide votre enfant \u00e0 retrouver confort et s\u00e9r\u00e9nit\u00e9.","og_url":"https:\/\/botanyinabottle.com\/de\/produkt\/huile-premieres-dents\/","og_site_name":"Botany in a Bottle","article_publisher":"https:\/\/www.facebook.com\/profile.php?id=100086472803321","article_modified_time":"2026-03-02T20:10:43+00:00","og_image":[{"width":2560,"height":2560,"url":"https:\/\/botanyinabottle.com\/wp-content\/uploads\/2024\/12\/huile-poussee-dentaire_simple.png","type":"image\/png"}],"twitter_card":"summary_large_image","twitter_misc":{"Gesch\u00e4tzte Lesezeit":"1\u00a0Minute"},"schema":{"@context":"https:\/\/schema.org","@graph":[{"@type":"WebPage","@id":"https:\/\/botanyinabottle.com\/produit\/huile-premieres-dents\/","url":"https:\/\/botanyinabottle.com\/produit\/huile-premieres-dents\/","name":"Huile Pouss\u00e9e Dentaire - Botany in a Bottle","isPartOf":{"@id":"https:\/\/botanyinabottle.com\/#website"},"primaryImageOfPage":{"@id":"https:\/\/botanyinabottle.com\/produit\/huile-premieres-dents\/#primaryimage"},"image":{"@id":"https:\/\/botanyinabottle.com\/produit\/huile-premieres-dents\/#primaryimage"},"thumbnailUrl":"https:\/\/botanyinabottle.com\/wp-content\/uploads\/2024\/12\/huile-poussee-dentaire_simple.png","datePublished":"2024-11-28T13:12:05+00:00","dateModified":"2026-03-02T20:10:43+00:00","breadcrumb":{"@id":"https:\/\/botanyinabottle.com\/produit\/huile-premieres-dents\/#breadcrumb"},"inLanguage":"de","potentialAction":[{"@type":"ReadAction","target":["https:\/\/botanyinabottle.com\/produit\/huile-premieres-dents\/"]}]},{"@type":"ImageObject","inLanguage":"de","@id":"https:\/\/botanyinabottle.com\/produit\/huile-premieres-dents\/#primaryimage","url":"https:\/\/botanyinabottle.com\/wp-content\/uploads\/2024\/12\/huile-poussee-dentaire_simple.png","contentUrl":"https:\/\/botanyinabottle.com\/wp-content\/uploads\/2024\/12\/huile-poussee-dentaire_simple.png","width":2560,"height":2560,"caption":"huile-pouss\u00e9e-dentaire"},{"@type":"BreadcrumbList","@id":"https:\/\/botanyinabottle.com\/produit\/huile-premieres-dents\/#breadcrumb","itemListElement":[{"@type":"ListItem","position":1,"name":"Home","item":"https:\/\/botanyinabottle.com\/"},{"@type":"ListItem","position":2,"name":"Produits Botany In A Bottle","item":"https:\/\/botanyinabottle.com\/shop\/"},{"@type":"ListItem","position":3,"name":"Huile Pouss\u00e9e Dentaire"}]},{"@type":"WebSite","@id":"https:\/\/botanyinabottle.com\/#website","url":"https:\/\/botanyinabottle.com\/","name":"Botany in a Bottle","description":"","publisher":{"@id":"https:\/\/botanyinabottle.com\/#organization"},"potentialAction":[{"@type":"SearchAction","target":{"@type":"EntryPoint","urlTemplate":"https:\/\/botanyinabottle.com\/?s={search_term_string}"},"query-input":{"@type":"PropertyValueSpecification","valueRequired":true,"valueName":"search_term_string"}}],"inLanguage":"de"},{"@type":"Organization","@id":"https:\/\/botanyinabottle.com\/#organization","name":"Botany in a Bottle","url":"https:\/\/botanyinabottle.com\/","logo":{"@type":"ImageObject","inLanguage":"de","@id":"https:\/\/botanyinabottle.com\/#\/schema\/logo\/image\/","url":"https:\/\/botanyinabottle.com\/wp-content\/uploads\/2023\/10\/Image-de-profil-Logotype-Botanic-in-a-bottle-blanc-sur-fond-vert.webp","contentUrl":"https:\/\/botanyinabottle.com\/wp-content\/uploads\/2023\/10\/Image-de-profil-Logotype-Botanic-in-a-bottle-blanc-sur-fond-vert.webp","width":1500,"height":1500,"caption":"Botany in a Bottle"},"image":{"@id":"https:\/\/botanyinabottle.com\/#\/schema\/logo\/image\/"},"sameAs":["https:\/\/www.facebook.com\/profile.php?id=100086472803321","https:\/\/www.instagram.com\/botany_in_a_bottle\/"]}]}},"_links":{"self":[{"href":"https:\/\/botanyinabottle.com\/de\/wp-json\/wp\/v2\/product\/2242","targetHints":{"allow":["GET"]}}],"collection":[{"href":"https:\/\/botanyinabottle.com\/de\/wp-json\/wp\/v2\/product"}],"about":[{"href":"https:\/\/botanyinabottle.com\/de\/wp-json\/wp\/v2\/types\/product"}],"replies":[{"embeddable":true,"href":"https:\/\/botanyinabottle.com\/de\/wp-json\/wp\/v2\/comments?post=2242"}],"wp:featuredmedia":[{"embeddable":true,"href":"https:\/\/botanyinabottle.com\/de\/wp-json\/wp\/v2\/media\/2484"}],"wp:attachment":[{"href":"https:\/\/botanyinabottle.com\/de\/wp-json\/wp\/v2\/media?parent=2242"}],"wp:term":[{"taxonomy":"product_brand","embeddable":true,"href":"https:\/\/botanyinabottle.com\/de\/wp-json\/wp\/v2\/product_brand?post=2242"},{"taxonomy":"product_cat","embeddable":true,"href":"https:\/\/botanyinabottle.com\/de\/wp-json\/wp\/v2\/product_cat?post=2242"},{"taxonomy":"product_tag","embeddable":true,"href":"https:\/\/botanyinabottle.com\/de\/wp-json\/wp\/v2\/product_tag?post=2242"},{"taxonomy":"berocket_brand","embeddable":true,"href":"https:\/\/botanyinabottle.com\/de\/wp-json\/wp\/v2\/berocket_brand?post=2242"}],"curies":[{"name":"wp","href":"https:\/\/api.w.org\/{rel}","templated":true}]}}