{"id":2203,"date":"2024-11-28T13:12:05","date_gmt":"2024-11-28T13:12:05","guid":{"rendered":"https:\/\/botanyinabottle.com\/?post_type=product&#038;p=2203"},"modified":"2026-01-12T10:43:25","modified_gmt":"2026-01-12T09:43:25","slug":"baume-a-la-rose-et-a-larbre-a-the","status":"publish","type":"product","link":"https:\/\/botanyinabottle.com\/de\/produkt\/baume-a-la-rose-et-a-larbre-a-the\/","title":{"rendered":"Baume Rose &#8211; Arbre \u00e0 Th\u00e9"},"content":{"rendered":"<h2>Baume Rose &#8211; Arbre \u00e0 Th\u00e9<\/h2>\n<p>&nbsp;<\/p>\n<p>Gr\u00e2ce \u00e0 la synergie d\u2019huiles essentielles de camomille bleue, lavande, rose, tea tree et manuka, le baume Rose &#8211; Arbre \u00e0 Th\u00e9 <strong>apaise<\/strong> efficacement <strong>les rougeurs et irritations aigu\u00ebs<\/strong>, notamment celles du <strong>si\u00e8ge de b\u00e9b\u00e9<\/strong>. Il est \u00e9galement id\u00e9al en cas d\u2019<strong>\u00e9ruptions cutan\u00e9es<\/strong> telles que les <strong>boutons<\/strong> et <strong>petites inflammations<\/strong>.<\/p>\n<p>&nbsp;<\/p>\n<p>\u2022 <strong>100%<\/strong> d\u2019origine naturel. <strong>100%<\/strong> artisanal. <strong>100%<\/strong> durable.<br \/>\n\u2022 D\u00e9velopp\u00e9 et formul\u00e9 par le pharmacien Tobias<br \/>\n\u2022 Formule sans eau<\/p>\n<p>&nbsp;<\/p>\n<p>Con\u00e7u pour <strong>apaiser<\/strong> les rougeurs, \u00e9ruptions cutan\u00e9es et les irritations dans les zones sensibles, notamment celles du si\u00e8ge de b\u00e9b\u00e9, ce baume est id\u00e9al pour les <strong>peaux fragilis\u00e9es et irrit\u00e9es<\/strong>. Enrichi en ingr\u00e9dients naturels comme la rose, la camomille, la lavande, le manuka, l&rsquo;arbre \u00e0 th\u00e9 et le beurre de karit\u00e9, il <strong>nourrit<\/strong> et <strong>prot\u00e8ge<\/strong> en douceur.<\/p>\n<p>&nbsp;<\/p>\n<p><em>Fabrication artisanale, naturelle et respectueuse de l\u2019environnement.<\/em><\/p>","protected":false},"excerpt":{"rendered":"<p><strong>Synergie d\u2019huile de camomille bleue, lavande, rose, tea tree et de manuka<\/strong><\/p>\n<p>Le baume Rose-Arbre \u00e0 th\u00e9 est con\u00e7u pour <strong>apaiser<\/strong> les rougeurs, \u00e9ruptions cutan\u00e9es et les irritations dans les zones sensibles, notamment celles du si\u00e8ge de b\u00e9b\u00e9, ce baume est id\u00e9al pour les <strong>peaux fragilis\u00e9es et irrit\u00e9es<\/strong>. Enrichi en ingr\u00e9dients naturels comme la rose, la camomille, la lavande, le manuka, le tea tree et le beurre de karit\u00e9, il <strong>nourrit<\/strong> et <strong>prot\u00e8ge<\/strong> en douceur.<\/p>","protected":false},"featured_media":2461,"comment_status":"closed","ping_status":"closed","template":"","meta":[],"product_brand":[],"product_cat":[36],"product_tag":[51,50,48],"berocket_brand":[38],"class_list":{"0":"post-2203","1":"product","2":"type-product","3":"status-publish","4":"has-post-thumbnail","6":"product_cat-baume","7":"product_tag-boutons","8":"product_tag-soin-bebe","9":"product_tag-soin-change-erytheme","10":"berocket_brand-homedi-kind","12":"first","13":"instock","14":"taxable","15":"shipping-taxable","16":"purchasable","17":"product-type-simple"},"yoast_head":"<!-- This site is optimized with the Yoast SEO plugin v27.5 - https:\/\/yoast.com\/product\/yoast-seo-wordpress\/ -->\n<title>Baume Rose - Arbre \u00e0 Th\u00e9 - Botany in a Bottle<\/title>\n<meta name=\"description\" content=\"Le baume Rose-Arbre \u00e0 th\u00e9 est con\u00e7u pour apaiser les rougeurs et irritations aigu\u00ebs, notamment celles du si\u00e8ge de b\u00e9b\u00e9. Il est \u00e9galement id\u00e9al en cas d\u2019\u00e9ruptions cutan\u00e9es telles que les boutons et petites inflammations.\" \/>\n<meta name=\"robots\" content=\"index, follow, max-snippet:-1, max-image-preview:large, max-video-preview:-1\" \/>\n<link rel=\"canonical\" href=\"https:\/\/botanyinabottle.com\/de\/produkt\/baume-a-la-rose-et-a-larbre-a-the\/\" \/>\n<meta property=\"og:locale\" content=\"de_DE\" \/>\n<meta property=\"og:type\" content=\"article\" \/>\n<meta property=\"og:title\" content=\"Baume Rose - Arbre \u00e0 Th\u00e9 - Botany in a Bottle\" \/>\n<meta property=\"og:description\" content=\"Le baume Rose-Arbre \u00e0 th\u00e9 est con\u00e7u pour apaiser les rougeurs et irritations aigu\u00ebs, notamment celles du si\u00e8ge de b\u00e9b\u00e9. Il est \u00e9galement id\u00e9al en cas d\u2019\u00e9ruptions cutan\u00e9es telles que les boutons et petites inflammations.\" \/>\n<meta property=\"og:url\" content=\"https:\/\/botanyinabottle.com\/de\/produkt\/baume-a-la-rose-et-a-larbre-a-the\/\" \/>\n<meta property=\"og:site_name\" content=\"Botany in a Bottle\" \/>\n<meta property=\"article:publisher\" content=\"https:\/\/www.facebook.com\/profile.php?id=100086472803321\" \/>\n<meta property=\"article:modified_time\" content=\"2026-01-12T09:43:25+00:00\" \/>\n<meta property=\"og:image\" content=\"https:\/\/botanyinabottle.com\/wp-content\/uploads\/2024\/12\/baume-rose-arbre-a-the_simple-1024x1024.png\" \/>\n\t<meta property=\"og:image:width\" content=\"1024\" \/>\n\t<meta property=\"og:image:height\" content=\"1024\" \/>\n\t<meta property=\"og:image:type\" content=\"image\/png\" \/>\n<meta name=\"twitter:card\" content=\"summary_large_image\" \/>\n<meta name=\"twitter:label1\" content=\"Gesch\u00e4tzte Lesezeit\" \/>\n\t<meta name=\"twitter:data1\" content=\"1\u00a0Minute\" \/>\n<script type=\"application\/ld+json\" class=\"yoast-schema-graph\">{\"@context\":\"https:\\\/\\\/schema.org\",\"@graph\":[{\"@type\":\"WebPage\",\"@id\":\"https:\\\/\\\/botanyinabottle.com\\\/produit\\\/baume-a-la-rose-et-a-larbre-a-the\\\/\",\"url\":\"https:\\\/\\\/botanyinabottle.com\\\/produit\\\/baume-a-la-rose-et-a-larbre-a-the\\\/\",\"name\":\"Baume Rose - Arbre \u00e0 Th\u00e9 - Botany in a Bottle\",\"isPartOf\":{\"@id\":\"https:\\\/\\\/botanyinabottle.com\\\/#website\"},\"primaryImageOfPage\":{\"@id\":\"https:\\\/\\\/botanyinabottle.com\\\/produit\\\/baume-a-la-rose-et-a-larbre-a-the\\\/#primaryimage\"},\"image\":{\"@id\":\"https:\\\/\\\/botanyinabottle.com\\\/produit\\\/baume-a-la-rose-et-a-larbre-a-the\\\/#primaryimage\"},\"thumbnailUrl\":\"https:\\\/\\\/botanyinabottle.com\\\/wp-content\\\/uploads\\\/2024\\\/12\\\/baume-rose-arbre-a-the_simple.png\",\"datePublished\":\"2024-11-28T13:12:05+00:00\",\"dateModified\":\"2026-01-12T09:43:25+00:00\",\"description\":\"Le baume Rose-Arbre \u00e0 th\u00e9 est con\u00e7u pour apaiser les rougeurs et irritations aigu\u00ebs, notamment celles du si\u00e8ge de b\u00e9b\u00e9. Il est \u00e9galement id\u00e9al en cas d\u2019\u00e9ruptions cutan\u00e9es telles que les boutons et petites inflammations.\",\"breadcrumb\":{\"@id\":\"https:\\\/\\\/botanyinabottle.com\\\/produit\\\/baume-a-la-rose-et-a-larbre-a-the\\\/#breadcrumb\"},\"inLanguage\":\"de\",\"potentialAction\":[{\"@type\":\"ReadAction\",\"target\":[\"https:\\\/\\\/botanyinabottle.com\\\/produit\\\/baume-a-la-rose-et-a-larbre-a-the\\\/\"]}]},{\"@type\":\"ImageObject\",\"inLanguage\":\"de\",\"@id\":\"https:\\\/\\\/botanyinabottle.com\\\/produit\\\/baume-a-la-rose-et-a-larbre-a-the\\\/#primaryimage\",\"url\":\"https:\\\/\\\/botanyinabottle.com\\\/wp-content\\\/uploads\\\/2024\\\/12\\\/baume-rose-arbre-a-the_simple.png\",\"contentUrl\":\"https:\\\/\\\/botanyinabottle.com\\\/wp-content\\\/uploads\\\/2024\\\/12\\\/baume-rose-arbre-a-the_simple.png\",\"width\":2560,\"height\":2560,\"caption\":\"baume-rose-arbre-\u00e0-th\u00e9\"},{\"@type\":\"BreadcrumbList\",\"@id\":\"https:\\\/\\\/botanyinabottle.com\\\/produit\\\/baume-a-la-rose-et-a-larbre-a-the\\\/#breadcrumb\",\"itemListElement\":[{\"@type\":\"ListItem\",\"position\":1,\"name\":\"Home\",\"item\":\"https:\\\/\\\/botanyinabottle.com\\\/\"},{\"@type\":\"ListItem\",\"position\":2,\"name\":\"Produits Botany In A Bottle\",\"item\":\"https:\\\/\\\/botanyinabottle.com\\\/shop\\\/\"},{\"@type\":\"ListItem\",\"position\":3,\"name\":\"Baume Rose &#8211; Arbre \u00e0 Th\u00e9\"}]},{\"@type\":\"WebSite\",\"@id\":\"https:\\\/\\\/botanyinabottle.com\\\/#website\",\"url\":\"https:\\\/\\\/botanyinabottle.com\\\/\",\"name\":\"Botany in a Bottle\",\"description\":\"\",\"publisher\":{\"@id\":\"https:\\\/\\\/botanyinabottle.com\\\/#organization\"},\"potentialAction\":[{\"@type\":\"SearchAction\",\"target\":{\"@type\":\"EntryPoint\",\"urlTemplate\":\"https:\\\/\\\/botanyinabottle.com\\\/?s={search_term_string}\"},\"query-input\":{\"@type\":\"PropertyValueSpecification\",\"valueRequired\":true,\"valueName\":\"search_term_string\"}}],\"inLanguage\":\"de\"},{\"@type\":\"Organization\",\"@id\":\"https:\\\/\\\/botanyinabottle.com\\\/#organization\",\"name\":\"Botany in a Bottle\",\"url\":\"https:\\\/\\\/botanyinabottle.com\\\/\",\"logo\":{\"@type\":\"ImageObject\",\"inLanguage\":\"de\",\"@id\":\"https:\\\/\\\/botanyinabottle.com\\\/#\\\/schema\\\/logo\\\/image\\\/\",\"url\":\"https:\\\/\\\/botanyinabottle.com\\\/wp-content\\\/uploads\\\/2023\\\/10\\\/Image-de-profil-Logotype-Botanic-in-a-bottle-blanc-sur-fond-vert.webp\",\"contentUrl\":\"https:\\\/\\\/botanyinabottle.com\\\/wp-content\\\/uploads\\\/2023\\\/10\\\/Image-de-profil-Logotype-Botanic-in-a-bottle-blanc-sur-fond-vert.webp\",\"width\":1500,\"height\":1500,\"caption\":\"Botany in a Bottle\"},\"image\":{\"@id\":\"https:\\\/\\\/botanyinabottle.com\\\/#\\\/schema\\\/logo\\\/image\\\/\"},\"sameAs\":[\"https:\\\/\\\/www.facebook.com\\\/profile.php?id=100086472803321\",\"https:\\\/\\\/www.instagram.com\\\/botany_in_a_bottle\\\/\"]}]}<\/script>\n<!-- \/ Yoast SEO plugin. -->","yoast_head_json":{"title":"Baume Rose - Arbre \u00e0 Th\u00e9 - Botany in a Bottle","description":"Le baume Rose-Arbre \u00e0 th\u00e9 est con\u00e7u pour apaiser les rougeurs et irritations aigu\u00ebs, notamment celles du si\u00e8ge de b\u00e9b\u00e9. Il est \u00e9galement id\u00e9al en cas d\u2019\u00e9ruptions cutan\u00e9es telles que les boutons et petites inflammations.","robots":{"index":"index","follow":"follow","max-snippet":"max-snippet:-1","max-image-preview":"max-image-preview:large","max-video-preview":"max-video-preview:-1"},"canonical":"https:\/\/botanyinabottle.com\/de\/produkt\/baume-a-la-rose-et-a-larbre-a-the\/","og_locale":"de_DE","og_type":"article","og_title":"Baume Rose - Arbre \u00e0 Th\u00e9 - Botany in a Bottle","og_description":"Le baume Rose-Arbre \u00e0 th\u00e9 est con\u00e7u pour apaiser les rougeurs et irritations aigu\u00ebs, notamment celles du si\u00e8ge de b\u00e9b\u00e9. Il est \u00e9galement id\u00e9al en cas d\u2019\u00e9ruptions cutan\u00e9es telles que les boutons et petites inflammations.","og_url":"https:\/\/botanyinabottle.com\/de\/produkt\/baume-a-la-rose-et-a-larbre-a-the\/","og_site_name":"Botany in a Bottle","article_publisher":"https:\/\/www.facebook.com\/profile.php?id=100086472803321","article_modified_time":"2026-01-12T09:43:25+00:00","og_image":[{"width":1024,"height":1024,"url":"https:\/\/botanyinabottle.com\/wp-content\/uploads\/2024\/12\/baume-rose-arbre-a-the_simple-1024x1024.png","type":"image\/png"}],"twitter_card":"summary_large_image","twitter_misc":{"Gesch\u00e4tzte Lesezeit":"1\u00a0Minute"},"schema":{"@context":"https:\/\/schema.org","@graph":[{"@type":"WebPage","@id":"https:\/\/botanyinabottle.com\/produit\/baume-a-la-rose-et-a-larbre-a-the\/","url":"https:\/\/botanyinabottle.com\/produit\/baume-a-la-rose-et-a-larbre-a-the\/","name":"Baume Rose - Arbre \u00e0 Th\u00e9 - Botany in a Bottle","isPartOf":{"@id":"https:\/\/botanyinabottle.com\/#website"},"primaryImageOfPage":{"@id":"https:\/\/botanyinabottle.com\/produit\/baume-a-la-rose-et-a-larbre-a-the\/#primaryimage"},"image":{"@id":"https:\/\/botanyinabottle.com\/produit\/baume-a-la-rose-et-a-larbre-a-the\/#primaryimage"},"thumbnailUrl":"https:\/\/botanyinabottle.com\/wp-content\/uploads\/2024\/12\/baume-rose-arbre-a-the_simple.png","datePublished":"2024-11-28T13:12:05+00:00","dateModified":"2026-01-12T09:43:25+00:00","description":"Le baume Rose-Arbre \u00e0 th\u00e9 est con\u00e7u pour apaiser les rougeurs et irritations aigu\u00ebs, notamment celles du si\u00e8ge de b\u00e9b\u00e9. Il est \u00e9galement id\u00e9al en cas d\u2019\u00e9ruptions cutan\u00e9es telles que les boutons et petites inflammations.","breadcrumb":{"@id":"https:\/\/botanyinabottle.com\/produit\/baume-a-la-rose-et-a-larbre-a-the\/#breadcrumb"},"inLanguage":"de","potentialAction":[{"@type":"ReadAction","target":["https:\/\/botanyinabottle.com\/produit\/baume-a-la-rose-et-a-larbre-a-the\/"]}]},{"@type":"ImageObject","inLanguage":"de","@id":"https:\/\/botanyinabottle.com\/produit\/baume-a-la-rose-et-a-larbre-a-the\/#primaryimage","url":"https:\/\/botanyinabottle.com\/wp-content\/uploads\/2024\/12\/baume-rose-arbre-a-the_simple.png","contentUrl":"https:\/\/botanyinabottle.com\/wp-content\/uploads\/2024\/12\/baume-rose-arbre-a-the_simple.png","width":2560,"height":2560,"caption":"baume-rose-arbre-\u00e0-th\u00e9"},{"@type":"BreadcrumbList","@id":"https:\/\/botanyinabottle.com\/produit\/baume-a-la-rose-et-a-larbre-a-the\/#breadcrumb","itemListElement":[{"@type":"ListItem","position":1,"name":"Home","item":"https:\/\/botanyinabottle.com\/"},{"@type":"ListItem","position":2,"name":"Produits Botany In A Bottle","item":"https:\/\/botanyinabottle.com\/shop\/"},{"@type":"ListItem","position":3,"name":"Baume Rose &#8211; Arbre \u00e0 Th\u00e9"}]},{"@type":"WebSite","@id":"https:\/\/botanyinabottle.com\/#website","url":"https:\/\/botanyinabottle.com\/","name":"Botany in a Bottle","description":"","publisher":{"@id":"https:\/\/botanyinabottle.com\/#organization"},"potentialAction":[{"@type":"SearchAction","target":{"@type":"EntryPoint","urlTemplate":"https:\/\/botanyinabottle.com\/?s={search_term_string}"},"query-input":{"@type":"PropertyValueSpecification","valueRequired":true,"valueName":"search_term_string"}}],"inLanguage":"de"},{"@type":"Organization","@id":"https:\/\/botanyinabottle.com\/#organization","name":"Botany in a Bottle","url":"https:\/\/botanyinabottle.com\/","logo":{"@type":"ImageObject","inLanguage":"de","@id":"https:\/\/botanyinabottle.com\/#\/schema\/logo\/image\/","url":"https:\/\/botanyinabottle.com\/wp-content\/uploads\/2023\/10\/Image-de-profil-Logotype-Botanic-in-a-bottle-blanc-sur-fond-vert.webp","contentUrl":"https:\/\/botanyinabottle.com\/wp-content\/uploads\/2023\/10\/Image-de-profil-Logotype-Botanic-in-a-bottle-blanc-sur-fond-vert.webp","width":1500,"height":1500,"caption":"Botany in a Bottle"},"image":{"@id":"https:\/\/botanyinabottle.com\/#\/schema\/logo\/image\/"},"sameAs":["https:\/\/www.facebook.com\/profile.php?id=100086472803321","https:\/\/www.instagram.com\/botany_in_a_bottle\/"]}]}},"_links":{"self":[{"href":"https:\/\/botanyinabottle.com\/de\/wp-json\/wp\/v2\/product\/2203","targetHints":{"allow":["GET"]}}],"collection":[{"href":"https:\/\/botanyinabottle.com\/de\/wp-json\/wp\/v2\/product"}],"about":[{"href":"https:\/\/botanyinabottle.com\/de\/wp-json\/wp\/v2\/types\/product"}],"replies":[{"embeddable":true,"href":"https:\/\/botanyinabottle.com\/de\/wp-json\/wp\/v2\/comments?post=2203"}],"wp:featuredmedia":[{"embeddable":true,"href":"https:\/\/botanyinabottle.com\/de\/wp-json\/wp\/v2\/media\/2461"}],"wp:attachment":[{"href":"https:\/\/botanyinabottle.com\/de\/wp-json\/wp\/v2\/media?parent=2203"}],"wp:term":[{"taxonomy":"product_brand","embeddable":true,"href":"https:\/\/botanyinabottle.com\/de\/wp-json\/wp\/v2\/product_brand?post=2203"},{"taxonomy":"product_cat","embeddable":true,"href":"https:\/\/botanyinabottle.com\/de\/wp-json\/wp\/v2\/product_cat?post=2203"},{"taxonomy":"product_tag","embeddable":true,"href":"https:\/\/botanyinabottle.com\/de\/wp-json\/wp\/v2\/product_tag?post=2203"},{"taxonomy":"berocket_brand","embeddable":true,"href":"https:\/\/botanyinabottle.com\/de\/wp-json\/wp\/v2\/berocket_brand?post=2203"}],"curies":[{"name":"wp","href":"https:\/\/api.w.org\/{rel}","templated":true}]}}