{"id":2202,"date":"2024-11-28T13:12:06","date_gmt":"2024-11-28T13:12:06","guid":{"rendered":"https:\/\/botanyinabottle.com\/?post_type=product&#038;p=2202"},"modified":"2026-04-04T10:01:26","modified_gmt":"2026-04-04T08:01:26","slug":"pommade-au-calendula-soin-polyvalent-bebe-enfants-adultes-seniors","status":"publish","type":"product","link":"https:\/\/botanyinabottle.com\/de\/produkt\/pommade-au-calendula-soin-polyvalent-bebe-enfants-adultes-seniors\/","title":{"rendered":"Pommade au Calendula"},"content":{"rendered":"<h2>Pommade au Calendula<\/h2>\n<p>&nbsp;<\/p>\n<p>\u2022 D\u00e9velopp\u00e9 et formul\u00e9 par le pharmacien Tobias<br \/>\n\u2022 Formule sans eau<br \/>\n\u2022 <strong>100%<\/strong> d\u2019origine naturel. <strong>100%<\/strong> artisanal. <strong>100%<\/strong> durable.<\/p>\n<p>&nbsp;<\/p>\n<p>&nbsp;<\/p>\n<h2>Apaise et prot\u00e8ge les zones irrit\u00e9es, gerc\u00e9es ou sensibles.<\/h2>\n<p>La pommade au calendula est un soin polyvalent id\u00e9al pour <strong>toute la famille<\/strong> \u2013 b\u00e9b\u00e9s, enfants, adultes et seniors. Cette pommade est sp\u00e9cialement formul\u00e9e pour <strong>apaiser<\/strong> et <strong>prot\u00e9ger<\/strong> les zones <strong>irrit\u00e9es, gerc\u00e9es ou sensibles<\/strong>, y compris le si\u00e8ge d\u00e9licat des b\u00e9b\u00e9s. Gr\u00e2ce \u00e0 ses ingr\u00e9dients naturels tels que la teinture de propolis et l\u2019huile de fleurs de souci, elle <strong>nourrit intens\u00e9ment<\/strong> la peau. Recommand\u00e9e \u00e9galement en pr\u00e9vention contre les <strong>escarres<\/strong> pour les peaux fragiles.<\/p>\n<p>&nbsp;<\/p>\n<p><em>Fabrication artisanale, naturelle et respectueuse de l\u2019environnement.<\/em><\/p>","protected":false},"excerpt":{"rendered":"<p>La pommade au calendula est un soin polyvalent id\u00e9al pour <strong>toute la famille<\/strong> \u2013 b\u00e9b\u00e9s, enfants, adultes et seniors. Ce baume est sp\u00e9cialement formul\u00e9e pour <strong>apaiser<\/strong> et <strong>prot\u00e9ger<\/strong> les zones de peau <strong>irrit\u00e9es, gerc\u00e9es ou sensibles<\/strong>, y compris le si\u00e8ge d\u00e9licat des b\u00e9b\u00e9s. Gr\u00e2ce \u00e0 ses ingr\u00e9dients naturels tels que la teinture de propolis et l\u2019huile de fleurs de souci, elle <strong>nourrit intens\u00e9ment<\/strong> la peau. Recommand\u00e9e \u00e9galement en pr\u00e9vention contre les <strong>escarres<\/strong> pour les peaux fragiles.<\/p>","protected":false},"featured_media":2455,"comment_status":"closed","ping_status":"closed","template":"","meta":[],"product_brand":[],"product_cat":[36],"product_tag":[52,43,50],"berocket_brand":[38],"class_list":{"0":"post-2202","1":"product","2":"type-product","3":"status-publish","4":"has-post-thumbnail","6":"product_cat-baume","7":"product_tag-gercures-crevasses","8":"product_tag-peau-irritee","9":"product_tag-soin-bebe","10":"berocket_brand-homedi-kind","12":"first","13":"instock","14":"taxable","15":"shipping-taxable","16":"purchasable","17":"product-type-simple"},"yoast_head":"<!-- This site is optimized with the Yoast SEO plugin v27.4 - https:\/\/yoast.com\/product\/yoast-seo-wordpress\/ -->\n<title>Pommade au Calendula - Botany in a Bottle<\/title>\n<meta name=\"description\" content=\"La pommade au calendula est un soin polyvalent id\u00e9al pour toute la famille \u2013 b\u00e9b\u00e9s, enfants, adultes et seniors. Ce baume est sp\u00e9cialement formul\u00e9e pour apaiser et prot\u00e9ger les zones de peau irrit\u00e9es, gerc\u00e9es ou sensibles.\" \/>\n<meta name=\"robots\" content=\"index, follow, max-snippet:-1, max-image-preview:large, max-video-preview:-1\" \/>\n<link rel=\"canonical\" href=\"https:\/\/botanyinabottle.com\/de\/produkt\/pommade-au-calendula-soin-polyvalent-bebe-enfants-adultes-seniors\/\" \/>\n<meta property=\"og:locale\" content=\"de_DE\" \/>\n<meta property=\"og:type\" content=\"article\" \/>\n<meta property=\"og:title\" content=\"Pommade au Calendula - Botany in a Bottle\" \/>\n<meta property=\"og:description\" content=\"La pommade au calendula est un soin polyvalent id\u00e9al pour toute la famille \u2013 b\u00e9b\u00e9s, enfants, adultes et seniors. Ce baume est sp\u00e9cialement formul\u00e9e pour apaiser et prot\u00e9ger les zones de peau irrit\u00e9es, gerc\u00e9es ou sensibles.\" \/>\n<meta property=\"og:url\" content=\"https:\/\/botanyinabottle.com\/de\/produkt\/pommade-au-calendula-soin-polyvalent-bebe-enfants-adultes-seniors\/\" \/>\n<meta property=\"og:site_name\" content=\"Botany in a Bottle\" \/>\n<meta property=\"article:publisher\" content=\"https:\/\/www.facebook.com\/profile.php?id=100086472803321\" \/>\n<meta property=\"article:modified_time\" content=\"2026-04-04T08:01:26+00:00\" \/>\n<meta property=\"og:image\" content=\"https:\/\/botanyinabottle.com\/wp-content\/uploads\/2024\/12\/baume-au-calendula-1024x1024.png\" \/>\n\t<meta property=\"og:image:width\" content=\"1024\" \/>\n\t<meta property=\"og:image:height\" content=\"1024\" \/>\n\t<meta property=\"og:image:type\" content=\"image\/png\" \/>\n<meta name=\"twitter:card\" content=\"summary_large_image\" \/>\n<meta name=\"twitter:label1\" content=\"Gesch\u00e4tzte Lesezeit\" \/>\n\t<meta name=\"twitter:data1\" content=\"1\u00a0Minute\" \/>\n<script type=\"application\/ld+json\" class=\"yoast-schema-graph\">{\"@context\":\"https:\\\/\\\/schema.org\",\"@graph\":[{\"@type\":\"WebPage\",\"@id\":\"https:\\\/\\\/botanyinabottle.com\\\/produit\\\/pommade-au-calendula-soin-polyvalent-bebe-enfants-adultes-seniors\\\/\",\"url\":\"https:\\\/\\\/botanyinabottle.com\\\/produit\\\/pommade-au-calendula-soin-polyvalent-bebe-enfants-adultes-seniors\\\/\",\"name\":\"Pommade au Calendula - Botany in a Bottle\",\"isPartOf\":{\"@id\":\"https:\\\/\\\/botanyinabottle.com\\\/#website\"},\"primaryImageOfPage\":{\"@id\":\"https:\\\/\\\/botanyinabottle.com\\\/produit\\\/pommade-au-calendula-soin-polyvalent-bebe-enfants-adultes-seniors\\\/#primaryimage\"},\"image\":{\"@id\":\"https:\\\/\\\/botanyinabottle.com\\\/produit\\\/pommade-au-calendula-soin-polyvalent-bebe-enfants-adultes-seniors\\\/#primaryimage\"},\"thumbnailUrl\":\"https:\\\/\\\/botanyinabottle.com\\\/wp-content\\\/uploads\\\/2024\\\/12\\\/baume-au-calendula.png\",\"datePublished\":\"2024-11-28T13:12:06+00:00\",\"dateModified\":\"2026-04-04T08:01:26+00:00\",\"description\":\"La pommade au calendula est un soin polyvalent id\u00e9al pour toute la famille \u2013 b\u00e9b\u00e9s, enfants, adultes et seniors. Ce baume est sp\u00e9cialement formul\u00e9e pour apaiser et prot\u00e9ger les zones de peau irrit\u00e9es, gerc\u00e9es ou sensibles.\",\"breadcrumb\":{\"@id\":\"https:\\\/\\\/botanyinabottle.com\\\/produit\\\/pommade-au-calendula-soin-polyvalent-bebe-enfants-adultes-seniors\\\/#breadcrumb\"},\"inLanguage\":\"de\",\"potentialAction\":[{\"@type\":\"ReadAction\",\"target\":[\"https:\\\/\\\/botanyinabottle.com\\\/produit\\\/pommade-au-calendula-soin-polyvalent-bebe-enfants-adultes-seniors\\\/\"]}]},{\"@type\":\"ImageObject\",\"inLanguage\":\"de\",\"@id\":\"https:\\\/\\\/botanyinabottle.com\\\/produit\\\/pommade-au-calendula-soin-polyvalent-bebe-enfants-adultes-seniors\\\/#primaryimage\",\"url\":\"https:\\\/\\\/botanyinabottle.com\\\/wp-content\\\/uploads\\\/2024\\\/12\\\/baume-au-calendula.png\",\"contentUrl\":\"https:\\\/\\\/botanyinabottle.com\\\/wp-content\\\/uploads\\\/2024\\\/12\\\/baume-au-calendula.png\",\"width\":2560,\"height\":2560,\"caption\":\"Pommade au calendula d\u00e9velopp\u00e9 par un pharmacien, fabrication durable\"},{\"@type\":\"BreadcrumbList\",\"@id\":\"https:\\\/\\\/botanyinabottle.com\\\/produit\\\/pommade-au-calendula-soin-polyvalent-bebe-enfants-adultes-seniors\\\/#breadcrumb\",\"itemListElement\":[{\"@type\":\"ListItem\",\"position\":1,\"name\":\"Home\",\"item\":\"https:\\\/\\\/botanyinabottle.com\\\/\"},{\"@type\":\"ListItem\",\"position\":2,\"name\":\"Produits Botany In A Bottle\",\"item\":\"https:\\\/\\\/botanyinabottle.com\\\/shop\\\/\"},{\"@type\":\"ListItem\",\"position\":3,\"name\":\"Pommade au Calendula\"}]},{\"@type\":\"WebSite\",\"@id\":\"https:\\\/\\\/botanyinabottle.com\\\/#website\",\"url\":\"https:\\\/\\\/botanyinabottle.com\\\/\",\"name\":\"Botany in a Bottle\",\"description\":\"\",\"publisher\":{\"@id\":\"https:\\\/\\\/botanyinabottle.com\\\/#organization\"},\"potentialAction\":[{\"@type\":\"SearchAction\",\"target\":{\"@type\":\"EntryPoint\",\"urlTemplate\":\"https:\\\/\\\/botanyinabottle.com\\\/?s={search_term_string}\"},\"query-input\":{\"@type\":\"PropertyValueSpecification\",\"valueRequired\":true,\"valueName\":\"search_term_string\"}}],\"inLanguage\":\"de\"},{\"@type\":\"Organization\",\"@id\":\"https:\\\/\\\/botanyinabottle.com\\\/#organization\",\"name\":\"Botany in a Bottle\",\"url\":\"https:\\\/\\\/botanyinabottle.com\\\/\",\"logo\":{\"@type\":\"ImageObject\",\"inLanguage\":\"de\",\"@id\":\"https:\\\/\\\/botanyinabottle.com\\\/#\\\/schema\\\/logo\\\/image\\\/\",\"url\":\"https:\\\/\\\/botanyinabottle.com\\\/wp-content\\\/uploads\\\/2023\\\/10\\\/Image-de-profil-Logotype-Botanic-in-a-bottle-blanc-sur-fond-vert.webp\",\"contentUrl\":\"https:\\\/\\\/botanyinabottle.com\\\/wp-content\\\/uploads\\\/2023\\\/10\\\/Image-de-profil-Logotype-Botanic-in-a-bottle-blanc-sur-fond-vert.webp\",\"width\":1500,\"height\":1500,\"caption\":\"Botany in a Bottle\"},\"image\":{\"@id\":\"https:\\\/\\\/botanyinabottle.com\\\/#\\\/schema\\\/logo\\\/image\\\/\"},\"sameAs\":[\"https:\\\/\\\/www.facebook.com\\\/profile.php?id=100086472803321\",\"https:\\\/\\\/www.instagram.com\\\/botany_in_a_bottle\\\/\"]}]}<\/script>\n<!-- \/ Yoast SEO plugin. -->","yoast_head_json":{"title":"Pommade au Calendula - Botany in a Bottle","description":"La pommade au calendula est un soin polyvalent id\u00e9al pour toute la famille \u2013 b\u00e9b\u00e9s, enfants, adultes et seniors. Ce baume est sp\u00e9cialement formul\u00e9e pour apaiser et prot\u00e9ger les zones de peau irrit\u00e9es, gerc\u00e9es ou sensibles.","robots":{"index":"index","follow":"follow","max-snippet":"max-snippet:-1","max-image-preview":"max-image-preview:large","max-video-preview":"max-video-preview:-1"},"canonical":"https:\/\/botanyinabottle.com\/de\/produkt\/pommade-au-calendula-soin-polyvalent-bebe-enfants-adultes-seniors\/","og_locale":"de_DE","og_type":"article","og_title":"Pommade au Calendula - Botany in a Bottle","og_description":"La pommade au calendula est un soin polyvalent id\u00e9al pour toute la famille \u2013 b\u00e9b\u00e9s, enfants, adultes et seniors. Ce baume est sp\u00e9cialement formul\u00e9e pour apaiser et prot\u00e9ger les zones de peau irrit\u00e9es, gerc\u00e9es ou sensibles.","og_url":"https:\/\/botanyinabottle.com\/de\/produkt\/pommade-au-calendula-soin-polyvalent-bebe-enfants-adultes-seniors\/","og_site_name":"Botany in a Bottle","article_publisher":"https:\/\/www.facebook.com\/profile.php?id=100086472803321","article_modified_time":"2026-04-04T08:01:26+00:00","og_image":[{"width":1024,"height":1024,"url":"https:\/\/botanyinabottle.com\/wp-content\/uploads\/2024\/12\/baume-au-calendula-1024x1024.png","type":"image\/png"}],"twitter_card":"summary_large_image","twitter_misc":{"Gesch\u00e4tzte Lesezeit":"1\u00a0Minute"},"schema":{"@context":"https:\/\/schema.org","@graph":[{"@type":"WebPage","@id":"https:\/\/botanyinabottle.com\/produit\/pommade-au-calendula-soin-polyvalent-bebe-enfants-adultes-seniors\/","url":"https:\/\/botanyinabottle.com\/produit\/pommade-au-calendula-soin-polyvalent-bebe-enfants-adultes-seniors\/","name":"Pommade au Calendula - Botany in a Bottle","isPartOf":{"@id":"https:\/\/botanyinabottle.com\/#website"},"primaryImageOfPage":{"@id":"https:\/\/botanyinabottle.com\/produit\/pommade-au-calendula-soin-polyvalent-bebe-enfants-adultes-seniors\/#primaryimage"},"image":{"@id":"https:\/\/botanyinabottle.com\/produit\/pommade-au-calendula-soin-polyvalent-bebe-enfants-adultes-seniors\/#primaryimage"},"thumbnailUrl":"https:\/\/botanyinabottle.com\/wp-content\/uploads\/2024\/12\/baume-au-calendula.png","datePublished":"2024-11-28T13:12:06+00:00","dateModified":"2026-04-04T08:01:26+00:00","description":"La pommade au calendula est un soin polyvalent id\u00e9al pour toute la famille \u2013 b\u00e9b\u00e9s, enfants, adultes et seniors. Ce baume est sp\u00e9cialement formul\u00e9e pour apaiser et prot\u00e9ger les zones de peau irrit\u00e9es, gerc\u00e9es ou sensibles.","breadcrumb":{"@id":"https:\/\/botanyinabottle.com\/produit\/pommade-au-calendula-soin-polyvalent-bebe-enfants-adultes-seniors\/#breadcrumb"},"inLanguage":"de","potentialAction":[{"@type":"ReadAction","target":["https:\/\/botanyinabottle.com\/produit\/pommade-au-calendula-soin-polyvalent-bebe-enfants-adultes-seniors\/"]}]},{"@type":"ImageObject","inLanguage":"de","@id":"https:\/\/botanyinabottle.com\/produit\/pommade-au-calendula-soin-polyvalent-bebe-enfants-adultes-seniors\/#primaryimage","url":"https:\/\/botanyinabottle.com\/wp-content\/uploads\/2024\/12\/baume-au-calendula.png","contentUrl":"https:\/\/botanyinabottle.com\/wp-content\/uploads\/2024\/12\/baume-au-calendula.png","width":2560,"height":2560,"caption":"Pommade au calendula d\u00e9velopp\u00e9 par un pharmacien, fabrication durable"},{"@type":"BreadcrumbList","@id":"https:\/\/botanyinabottle.com\/produit\/pommade-au-calendula-soin-polyvalent-bebe-enfants-adultes-seniors\/#breadcrumb","itemListElement":[{"@type":"ListItem","position":1,"name":"Home","item":"https:\/\/botanyinabottle.com\/"},{"@type":"ListItem","position":2,"name":"Produits Botany In A Bottle","item":"https:\/\/botanyinabottle.com\/shop\/"},{"@type":"ListItem","position":3,"name":"Pommade au Calendula"}]},{"@type":"WebSite","@id":"https:\/\/botanyinabottle.com\/#website","url":"https:\/\/botanyinabottle.com\/","name":"Botany in a Bottle","description":"","publisher":{"@id":"https:\/\/botanyinabottle.com\/#organization"},"potentialAction":[{"@type":"SearchAction","target":{"@type":"EntryPoint","urlTemplate":"https:\/\/botanyinabottle.com\/?s={search_term_string}"},"query-input":{"@type":"PropertyValueSpecification","valueRequired":true,"valueName":"search_term_string"}}],"inLanguage":"de"},{"@type":"Organization","@id":"https:\/\/botanyinabottle.com\/#organization","name":"Botany in a Bottle","url":"https:\/\/botanyinabottle.com\/","logo":{"@type":"ImageObject","inLanguage":"de","@id":"https:\/\/botanyinabottle.com\/#\/schema\/logo\/image\/","url":"https:\/\/botanyinabottle.com\/wp-content\/uploads\/2023\/10\/Image-de-profil-Logotype-Botanic-in-a-bottle-blanc-sur-fond-vert.webp","contentUrl":"https:\/\/botanyinabottle.com\/wp-content\/uploads\/2023\/10\/Image-de-profil-Logotype-Botanic-in-a-bottle-blanc-sur-fond-vert.webp","width":1500,"height":1500,"caption":"Botany in a Bottle"},"image":{"@id":"https:\/\/botanyinabottle.com\/#\/schema\/logo\/image\/"},"sameAs":["https:\/\/www.facebook.com\/profile.php?id=100086472803321","https:\/\/www.instagram.com\/botany_in_a_bottle\/"]}]}},"_links":{"self":[{"href":"https:\/\/botanyinabottle.com\/de\/wp-json\/wp\/v2\/product\/2202","targetHints":{"allow":["GET"]}}],"collection":[{"href":"https:\/\/botanyinabottle.com\/de\/wp-json\/wp\/v2\/product"}],"about":[{"href":"https:\/\/botanyinabottle.com\/de\/wp-json\/wp\/v2\/types\/product"}],"replies":[{"embeddable":true,"href":"https:\/\/botanyinabottle.com\/de\/wp-json\/wp\/v2\/comments?post=2202"}],"wp:featuredmedia":[{"embeddable":true,"href":"https:\/\/botanyinabottle.com\/de\/wp-json\/wp\/v2\/media\/2455"}],"wp:attachment":[{"href":"https:\/\/botanyinabottle.com\/de\/wp-json\/wp\/v2\/media?parent=2202"}],"wp:term":[{"taxonomy":"product_brand","embeddable":true,"href":"https:\/\/botanyinabottle.com\/de\/wp-json\/wp\/v2\/product_brand?post=2202"},{"taxonomy":"product_cat","embeddable":true,"href":"https:\/\/botanyinabottle.com\/de\/wp-json\/wp\/v2\/product_cat?post=2202"},{"taxonomy":"product_tag","embeddable":true,"href":"https:\/\/botanyinabottle.com\/de\/wp-json\/wp\/v2\/product_tag?post=2202"},{"taxonomy":"berocket_brand","embeddable":true,"href":"https:\/\/botanyinabottle.com\/de\/wp-json\/wp\/v2\/berocket_brand?post=2202"}],"curies":[{"name":"wp","href":"https:\/\/api.w.org\/{rel}","templated":true}]}}