{"id":2198,"date":"2024-11-28T13:12:06","date_gmt":"2024-11-28T13:12:06","guid":{"rendered":"https:\/\/botanyinabottle.com\/?post_type=product&#038;p=2198"},"modified":"2026-01-12T10:41:17","modified_gmt":"2026-01-12T09:41:17","slug":"huile-nettoyante-change","status":"publish","type":"product","link":"https:\/\/botanyinabottle.com\/de\/produkt\/huile-nettoyante-change\/","title":{"rendered":"Huile pour le change"},"content":{"rendered":"<h2>Huile pour le change<\/h2>\n<p>&nbsp;<\/p>\n<p>L&rsquo;huile pour le change est formul\u00e9e pour <strong>nettoyer<\/strong> en douceur tout en pr\u00e9servant l&rsquo;hydratation, elle <strong>\u00e9limine<\/strong> efficacement les impuret\u00e9s et apaise la peau.<\/p>\n<p>&nbsp;<\/p>\n<p>\u2022 <strong>100%<\/strong> d\u2019origine naturel. <strong>100%<\/strong> artisanal.<strong> 100%<\/strong> durable.<br \/>\n\u2022 D\u00e9velopp\u00e9 et formul\u00e9 par le pharmacien Tobias<br \/>\n\u2022 Formule sans eau<\/p>\n<p>&nbsp;<\/p>\n<p>Gr\u00e2ce \u00e0 ses ingr\u00e9dients pr\u00e9cieux tels que l&rsquo;huile d&rsquo;amande douce, le calendula et l&rsquo;huile de noix de coco, cette huile <strong>nourrit intens\u00e9ment<\/strong>, aide \u00e0 <strong>pr\u00e9venir les irritations<\/strong> et laisse la <strong>peau douce<\/strong> et soyeuse.<\/p>\n<p>Un produit 2-en-1 qui <strong>remplace tous les autres produits de soin<\/strong> pour b\u00e9b\u00e9 ainsi que les lingettes humides. Parfaite pour simplifier votre routine tout en offrant \u00e0 b\u00e9b\u00e9 un soin naturel, doux et efficace !<\/p>\n<p>&nbsp;<\/p>\n<p><em>Fabrication artisanale, naturelle et respectueuse de l\u2019environnement.<\/em><\/p>","protected":false},"excerpt":{"rendered":"<p>Formul\u00e9e pour <strong>nettoyer<\/strong> en douceur tout en pr\u00e9servant l&rsquo;hydratation, elle <strong>\u00e9limine<\/strong> efficacement les impuret\u00e9s et apaise la peau.<\/p>\n<p>Gr\u00e2ce \u00e0 ses ingr\u00e9dients pr\u00e9cieux tels que l&rsquo;huile d&rsquo;amande douce, le calendula et l&rsquo;huile de noix de coco, cette huile <strong>nourrit intens\u00e9ment<\/strong>, aide \u00e0 <strong>pr\u00e9venir les irritations<\/strong> et laisse la <strong>peau douce<\/strong> et soyeuse.<\/p>\n<p>Un produit 2-en-1 qui remplace tous les autres produits de soin pour b\u00e9b\u00e9 ainsi que les lingettes humides. Parfaite pour simplifier votre routine tout en offrant \u00e0 b\u00e9b\u00e9 un soin naturel, doux et efficace !<\/p>","protected":false},"featured_media":2468,"comment_status":"closed","ping_status":"closed","template":"","meta":[],"product_brand":[],"product_cat":[37],"product_tag":[50,48],"berocket_brand":[38],"class_list":{"0":"post-2198","1":"product","2":"type-product","3":"status-publish","4":"has-post-thumbnail","6":"product_cat-huile","7":"product_tag-soin-bebe","8":"product_tag-soin-change-erytheme","9":"berocket_brand-homedi-kind","11":"first","12":"instock","13":"taxable","14":"shipping-taxable","15":"purchasable","16":"product-type-simple"},"yoast_head":"<!-- This site is optimized with the Yoast SEO plugin v27.5 - https:\/\/yoast.com\/product\/yoast-seo-wordpress\/ -->\n<title>Huile pour le change - Botany in a Bottle<\/title>\n<meta name=\"description\" content=\"L&#039;huile pour le change est un produit 2-en-1 qui remplace tous les autres produits de soin pour b\u00e9b\u00e9 ainsi que les lingettes humides. Parfaite pour simplifier votre routine tout en offrant \u00e0 b\u00e9b\u00e9 un soin naturel, doux et efficace !\" \/>\n<meta name=\"robots\" content=\"index, follow, max-snippet:-1, max-image-preview:large, max-video-preview:-1\" \/>\n<link rel=\"canonical\" href=\"https:\/\/botanyinabottle.com\/de\/produkt\/huile-nettoyante-change\/\" \/>\n<meta property=\"og:locale\" content=\"de_DE\" \/>\n<meta property=\"og:type\" content=\"article\" \/>\n<meta property=\"og:title\" content=\"Huile pour le change - Botany in a Bottle\" \/>\n<meta property=\"og:description\" content=\"L&#039;huile pour le change est un produit 2-en-1 qui remplace tous les autres produits de soin pour b\u00e9b\u00e9 ainsi que les lingettes humides. Parfaite pour simplifier votre routine tout en offrant \u00e0 b\u00e9b\u00e9 un soin naturel, doux et efficace !\" \/>\n<meta property=\"og:url\" content=\"https:\/\/botanyinabottle.com\/de\/produkt\/huile-nettoyante-change\/\" \/>\n<meta property=\"og:site_name\" content=\"Botany in a Bottle\" \/>\n<meta property=\"article:publisher\" content=\"https:\/\/www.facebook.com\/profile.php?id=100086472803321\" \/>\n<meta property=\"article:modified_time\" content=\"2026-01-12T09:41:17+00:00\" \/>\n<meta property=\"og:image\" content=\"https:\/\/botanyinabottle.com\/wp-content\/uploads\/2024\/12\/huile-pour-le-change_simple.png\" \/>\n\t<meta property=\"og:image:width\" content=\"2560\" \/>\n\t<meta property=\"og:image:height\" content=\"2560\" \/>\n\t<meta property=\"og:image:type\" content=\"image\/png\" \/>\n<meta name=\"twitter:card\" content=\"summary_large_image\" \/>\n<meta name=\"twitter:label1\" content=\"Gesch\u00e4tzte Lesezeit\" \/>\n\t<meta name=\"twitter:data1\" content=\"1\u00a0Minute\" \/>\n<script type=\"application\/ld+json\" class=\"yoast-schema-graph\">{\"@context\":\"https:\\\/\\\/schema.org\",\"@graph\":[{\"@type\":\"WebPage\",\"@id\":\"https:\\\/\\\/botanyinabottle.com\\\/produit\\\/huile-nettoyante-change\\\/\",\"url\":\"https:\\\/\\\/botanyinabottle.com\\\/produit\\\/huile-nettoyante-change\\\/\",\"name\":\"Huile pour le change - Botany in a Bottle\",\"isPartOf\":{\"@id\":\"https:\\\/\\\/botanyinabottle.com\\\/#website\"},\"primaryImageOfPage\":{\"@id\":\"https:\\\/\\\/botanyinabottle.com\\\/produit\\\/huile-nettoyante-change\\\/#primaryimage\"},\"image\":{\"@id\":\"https:\\\/\\\/botanyinabottle.com\\\/produit\\\/huile-nettoyante-change\\\/#primaryimage\"},\"thumbnailUrl\":\"https:\\\/\\\/botanyinabottle.com\\\/wp-content\\\/uploads\\\/2024\\\/12\\\/huile-pour-le-change_simple.png\",\"datePublished\":\"2024-11-28T13:12:06+00:00\",\"dateModified\":\"2026-01-12T09:41:17+00:00\",\"description\":\"L'huile pour le change est un produit 2-en-1 qui remplace tous les autres produits de soin pour b\u00e9b\u00e9 ainsi que les lingettes humides. Parfaite pour simplifier votre routine tout en offrant \u00e0 b\u00e9b\u00e9 un soin naturel, doux et efficace !\",\"breadcrumb\":{\"@id\":\"https:\\\/\\\/botanyinabottle.com\\\/produit\\\/huile-nettoyante-change\\\/#breadcrumb\"},\"inLanguage\":\"de\",\"potentialAction\":[{\"@type\":\"ReadAction\",\"target\":[\"https:\\\/\\\/botanyinabottle.com\\\/produit\\\/huile-nettoyante-change\\\/\"]}]},{\"@type\":\"ImageObject\",\"inLanguage\":\"de\",\"@id\":\"https:\\\/\\\/botanyinabottle.com\\\/produit\\\/huile-nettoyante-change\\\/#primaryimage\",\"url\":\"https:\\\/\\\/botanyinabottle.com\\\/wp-content\\\/uploads\\\/2024\\\/12\\\/huile-pour-le-change_simple.png\",\"contentUrl\":\"https:\\\/\\\/botanyinabottle.com\\\/wp-content\\\/uploads\\\/2024\\\/12\\\/huile-pour-le-change_simple.png\",\"width\":2560,\"height\":2560,\"caption\":\"huile-pour-le-change\"},{\"@type\":\"BreadcrumbList\",\"@id\":\"https:\\\/\\\/botanyinabottle.com\\\/produit\\\/huile-nettoyante-change\\\/#breadcrumb\",\"itemListElement\":[{\"@type\":\"ListItem\",\"position\":1,\"name\":\"Home\",\"item\":\"https:\\\/\\\/botanyinabottle.com\\\/\"},{\"@type\":\"ListItem\",\"position\":2,\"name\":\"Produits Botany In A Bottle\",\"item\":\"https:\\\/\\\/botanyinabottle.com\\\/shop\\\/\"},{\"@type\":\"ListItem\",\"position\":3,\"name\":\"Huile pour le change\"}]},{\"@type\":\"WebSite\",\"@id\":\"https:\\\/\\\/botanyinabottle.com\\\/#website\",\"url\":\"https:\\\/\\\/botanyinabottle.com\\\/\",\"name\":\"Botany in a Bottle\",\"description\":\"\",\"publisher\":{\"@id\":\"https:\\\/\\\/botanyinabottle.com\\\/#organization\"},\"potentialAction\":[{\"@type\":\"SearchAction\",\"target\":{\"@type\":\"EntryPoint\",\"urlTemplate\":\"https:\\\/\\\/botanyinabottle.com\\\/?s={search_term_string}\"},\"query-input\":{\"@type\":\"PropertyValueSpecification\",\"valueRequired\":true,\"valueName\":\"search_term_string\"}}],\"inLanguage\":\"de\"},{\"@type\":\"Organization\",\"@id\":\"https:\\\/\\\/botanyinabottle.com\\\/#organization\",\"name\":\"Botany in a Bottle\",\"url\":\"https:\\\/\\\/botanyinabottle.com\\\/\",\"logo\":{\"@type\":\"ImageObject\",\"inLanguage\":\"de\",\"@id\":\"https:\\\/\\\/botanyinabottle.com\\\/#\\\/schema\\\/logo\\\/image\\\/\",\"url\":\"https:\\\/\\\/botanyinabottle.com\\\/wp-content\\\/uploads\\\/2023\\\/10\\\/Image-de-profil-Logotype-Botanic-in-a-bottle-blanc-sur-fond-vert.webp\",\"contentUrl\":\"https:\\\/\\\/botanyinabottle.com\\\/wp-content\\\/uploads\\\/2023\\\/10\\\/Image-de-profil-Logotype-Botanic-in-a-bottle-blanc-sur-fond-vert.webp\",\"width\":1500,\"height\":1500,\"caption\":\"Botany in a Bottle\"},\"image\":{\"@id\":\"https:\\\/\\\/botanyinabottle.com\\\/#\\\/schema\\\/logo\\\/image\\\/\"},\"sameAs\":[\"https:\\\/\\\/www.facebook.com\\\/profile.php?id=100086472803321\",\"https:\\\/\\\/www.instagram.com\\\/botany_in_a_bottle\\\/\"]}]}<\/script>\n<!-- \/ Yoast SEO plugin. -->","yoast_head_json":{"title":"Huile pour le change - Botany in a Bottle","description":"L'huile pour le change est un produit 2-en-1 qui remplace tous les autres produits de soin pour b\u00e9b\u00e9 ainsi que les lingettes humides. Parfaite pour simplifier votre routine tout en offrant \u00e0 b\u00e9b\u00e9 un soin naturel, doux et efficace !","robots":{"index":"index","follow":"follow","max-snippet":"max-snippet:-1","max-image-preview":"max-image-preview:large","max-video-preview":"max-video-preview:-1"},"canonical":"https:\/\/botanyinabottle.com\/de\/produkt\/huile-nettoyante-change\/","og_locale":"de_DE","og_type":"article","og_title":"Huile pour le change - Botany in a Bottle","og_description":"L'huile pour le change est un produit 2-en-1 qui remplace tous les autres produits de soin pour b\u00e9b\u00e9 ainsi que les lingettes humides. Parfaite pour simplifier votre routine tout en offrant \u00e0 b\u00e9b\u00e9 un soin naturel, doux et efficace !","og_url":"https:\/\/botanyinabottle.com\/de\/produkt\/huile-nettoyante-change\/","og_site_name":"Botany in a Bottle","article_publisher":"https:\/\/www.facebook.com\/profile.php?id=100086472803321","article_modified_time":"2026-01-12T09:41:17+00:00","og_image":[{"width":2560,"height":2560,"url":"https:\/\/botanyinabottle.com\/wp-content\/uploads\/2024\/12\/huile-pour-le-change_simple.png","type":"image\/png"}],"twitter_card":"summary_large_image","twitter_misc":{"Gesch\u00e4tzte Lesezeit":"1\u00a0Minute"},"schema":{"@context":"https:\/\/schema.org","@graph":[{"@type":"WebPage","@id":"https:\/\/botanyinabottle.com\/produit\/huile-nettoyante-change\/","url":"https:\/\/botanyinabottle.com\/produit\/huile-nettoyante-change\/","name":"Huile pour le change - Botany in a Bottle","isPartOf":{"@id":"https:\/\/botanyinabottle.com\/#website"},"primaryImageOfPage":{"@id":"https:\/\/botanyinabottle.com\/produit\/huile-nettoyante-change\/#primaryimage"},"image":{"@id":"https:\/\/botanyinabottle.com\/produit\/huile-nettoyante-change\/#primaryimage"},"thumbnailUrl":"https:\/\/botanyinabottle.com\/wp-content\/uploads\/2024\/12\/huile-pour-le-change_simple.png","datePublished":"2024-11-28T13:12:06+00:00","dateModified":"2026-01-12T09:41:17+00:00","description":"L'huile pour le change est un produit 2-en-1 qui remplace tous les autres produits de soin pour b\u00e9b\u00e9 ainsi que les lingettes humides. Parfaite pour simplifier votre routine tout en offrant \u00e0 b\u00e9b\u00e9 un soin naturel, doux et efficace !","breadcrumb":{"@id":"https:\/\/botanyinabottle.com\/produit\/huile-nettoyante-change\/#breadcrumb"},"inLanguage":"de","potentialAction":[{"@type":"ReadAction","target":["https:\/\/botanyinabottle.com\/produit\/huile-nettoyante-change\/"]}]},{"@type":"ImageObject","inLanguage":"de","@id":"https:\/\/botanyinabottle.com\/produit\/huile-nettoyante-change\/#primaryimage","url":"https:\/\/botanyinabottle.com\/wp-content\/uploads\/2024\/12\/huile-pour-le-change_simple.png","contentUrl":"https:\/\/botanyinabottle.com\/wp-content\/uploads\/2024\/12\/huile-pour-le-change_simple.png","width":2560,"height":2560,"caption":"huile-pour-le-change"},{"@type":"BreadcrumbList","@id":"https:\/\/botanyinabottle.com\/produit\/huile-nettoyante-change\/#breadcrumb","itemListElement":[{"@type":"ListItem","position":1,"name":"Home","item":"https:\/\/botanyinabottle.com\/"},{"@type":"ListItem","position":2,"name":"Produits Botany In A Bottle","item":"https:\/\/botanyinabottle.com\/shop\/"},{"@type":"ListItem","position":3,"name":"Huile pour le change"}]},{"@type":"WebSite","@id":"https:\/\/botanyinabottle.com\/#website","url":"https:\/\/botanyinabottle.com\/","name":"Botany in a Bottle","description":"","publisher":{"@id":"https:\/\/botanyinabottle.com\/#organization"},"potentialAction":[{"@type":"SearchAction","target":{"@type":"EntryPoint","urlTemplate":"https:\/\/botanyinabottle.com\/?s={search_term_string}"},"query-input":{"@type":"PropertyValueSpecification","valueRequired":true,"valueName":"search_term_string"}}],"inLanguage":"de"},{"@type":"Organization","@id":"https:\/\/botanyinabottle.com\/#organization","name":"Botany in a Bottle","url":"https:\/\/botanyinabottle.com\/","logo":{"@type":"ImageObject","inLanguage":"de","@id":"https:\/\/botanyinabottle.com\/#\/schema\/logo\/image\/","url":"https:\/\/botanyinabottle.com\/wp-content\/uploads\/2023\/10\/Image-de-profil-Logotype-Botanic-in-a-bottle-blanc-sur-fond-vert.webp","contentUrl":"https:\/\/botanyinabottle.com\/wp-content\/uploads\/2023\/10\/Image-de-profil-Logotype-Botanic-in-a-bottle-blanc-sur-fond-vert.webp","width":1500,"height":1500,"caption":"Botany in a Bottle"},"image":{"@id":"https:\/\/botanyinabottle.com\/#\/schema\/logo\/image\/"},"sameAs":["https:\/\/www.facebook.com\/profile.php?id=100086472803321","https:\/\/www.instagram.com\/botany_in_a_bottle\/"]}]}},"_links":{"self":[{"href":"https:\/\/botanyinabottle.com\/de\/wp-json\/wp\/v2\/product\/2198","targetHints":{"allow":["GET"]}}],"collection":[{"href":"https:\/\/botanyinabottle.com\/de\/wp-json\/wp\/v2\/product"}],"about":[{"href":"https:\/\/botanyinabottle.com\/de\/wp-json\/wp\/v2\/types\/product"}],"replies":[{"embeddable":true,"href":"https:\/\/botanyinabottle.com\/de\/wp-json\/wp\/v2\/comments?post=2198"}],"wp:featuredmedia":[{"embeddable":true,"href":"https:\/\/botanyinabottle.com\/de\/wp-json\/wp\/v2\/media\/2468"}],"wp:attachment":[{"href":"https:\/\/botanyinabottle.com\/de\/wp-json\/wp\/v2\/media?parent=2198"}],"wp:term":[{"taxonomy":"product_brand","embeddable":true,"href":"https:\/\/botanyinabottle.com\/de\/wp-json\/wp\/v2\/product_brand?post=2198"},{"taxonomy":"product_cat","embeddable":true,"href":"https:\/\/botanyinabottle.com\/de\/wp-json\/wp\/v2\/product_cat?post=2198"},{"taxonomy":"product_tag","embeddable":true,"href":"https:\/\/botanyinabottle.com\/de\/wp-json\/wp\/v2\/product_tag?post=2198"},{"taxonomy":"berocket_brand","embeddable":true,"href":"https:\/\/botanyinabottle.com\/de\/wp-json\/wp\/v2\/berocket_brand?post=2198"}],"curies":[{"name":"wp","href":"https:\/\/api.w.org\/{rel}","templated":true}]}}