{"id":2197,"date":"2024-11-28T13:12:05","date_gmt":"2024-11-28T13:12:05","guid":{"rendered":"https:\/\/botanyinabottle.com\/?post_type=product&#038;p=2197"},"modified":"2025-05-15T23:22:43","modified_gmt":"2025-05-15T21:22:43","slug":"baume-protecteur-contre-le-froid","status":"publish","type":"product","link":"https:\/\/botanyinabottle.com\/de\/produkt\/baume-protecteur-contre-le-froid\/","title":{"rendered":"Baume Protecteur Contre Le Froid"},"content":{"rendered":"<p>\u2022 <strong>100%<\/strong> d\u2019origine naturel. <strong>100%<\/strong> artisanal. <strong>100%<\/strong> durable.<br \/>\n\u2022 D\u00e9velopp\u00e9 et formul\u00e9 par le pharmacien Tobias<br \/>\n\u2022 Formule sans eau<\/p>\n<p>&nbsp;<\/p>\n<p><strong>Un baume protecteur et apaisant pour affronter le froid !<\/strong><\/p>\n<p>Ce soin naturel est formul\u00e9 avec une synergie unique d&rsquo;huiles de rose et de camomille bleue, sp\u00e9cialement con\u00e7ue pour <strong>prot\u00e9ger<\/strong> et <strong>apaiser<\/strong> la peau sensible expos\u00e9e aux intemp\u00e9ries. Gr\u00e2ce \u00e0 ses propri\u00e9t\u00e9s nourrissantes et calmantes, ce baume aide <strong>\u00e0 r\u00e9duire les rougeurs <\/strong>et les <strong>irritations<\/strong> caus\u00e9es par le froid, tout en offrant une sensation de confort et de douceur. Parfait pour prendre soin de la peau fragile de vos petits (et grands) pendant la saison froide !<\/p>","protected":false},"excerpt":{"rendered":"<p><strong>Un baume protecteur et apaisant pour affronter le froid !<\/strong><\/p>\n<p>Ce soin naturel est formul\u00e9 avec une synergie unique d&rsquo;huiles de rose et de camomille bleue, sp\u00e9cialement con\u00e7ue pour <strong>prot\u00e9ger<\/strong> et <strong>apaiser<\/strong> la peau sensible expos\u00e9e aux intemp\u00e9ries. Gr\u00e2ce \u00e0 ses propri\u00e9t\u00e9s nourrissantes et calmantes, ce baume aide <strong>\u00e0 r\u00e9duire les rougeurs <\/strong>et les <strong>irritations<\/strong> caus\u00e9es par le froid, tout en offrant une sensation de confort et de douceur. Parfait pour prendre soin de la peau fragile de vos petits (et grands) pendant la saison froide !<\/p>","protected":false},"featured_media":2458,"comment_status":"closed","ping_status":"closed","template":"","meta":[],"product_brand":[],"product_cat":[34],"product_tag":[43,46,50],"berocket_brand":[38],"class_list":{"0":"post-2197","1":"product","2":"type-product","3":"status-publish","4":"has-post-thumbnail","6":"product_cat-baume_protecteur_froid","7":"product_tag-peau-irritee","8":"product_tag-rhume-saison-froide","9":"product_tag-soin-bebe","10":"berocket_brand-homedi-kind","12":"first","13":"outofstock","14":"taxable","15":"shipping-taxable","16":"purchasable","17":"product-type-simple"},"yoast_head":"<!-- This site is optimized with the Yoast SEO plugin v27.5 - https:\/\/yoast.com\/product\/yoast-seo-wordpress\/ -->\n<title>Baume Protecteur Contre Le Froid - Botany in a Bottle<\/title>\n<meta name=\"robots\" content=\"index, follow, max-snippet:-1, max-image-preview:large, max-video-preview:-1\" \/>\n<link rel=\"canonical\" href=\"https:\/\/botanyinabottle.com\/de\/produkt\/baume-protecteur-contre-le-froid\/\" \/>\n<meta property=\"og:locale\" content=\"de_DE\" \/>\n<meta property=\"og:type\" content=\"article\" \/>\n<meta property=\"og:title\" content=\"Baume Protecteur Contre Le Froid - Botany in a Bottle\" \/>\n<meta property=\"og:description\" content=\"Un baume protecteur et apaisant pour affronter le froid !  Ce soin naturel est formul\u00e9 avec une synergie unique d&#039;huiles de rose et de camomille bleue, sp\u00e9cialement con\u00e7ue pour prot\u00e9ger et apaiser la peau sensible expos\u00e9e aux intemp\u00e9ries. Gr\u00e2ce \u00e0 ses propri\u00e9t\u00e9s nourrissantes et calmantes, ce baume aide \u00e0 r\u00e9duire les rougeurs et les irritations caus\u00e9es par le froid, tout en offrant une sensation de confort et de douceur. Parfait pour prendre soin de la peau fragile de vos petits (et grands) pendant la saison froide !\" \/>\n<meta property=\"og:url\" content=\"https:\/\/botanyinabottle.com\/de\/produkt\/baume-protecteur-contre-le-froid\/\" \/>\n<meta property=\"og:site_name\" content=\"Botany in a Bottle\" \/>\n<meta property=\"article:publisher\" content=\"https:\/\/www.facebook.com\/profile.php?id=100086472803321\" \/>\n<meta property=\"article:modified_time\" content=\"2025-05-15T21:22:43+00:00\" \/>\n<meta property=\"og:image\" content=\"https:\/\/botanyinabottle.com\/wp-content\/uploads\/2024\/12\/baume-protecteur-contre-le-froid_simple-1024x1024.png\" \/>\n\t<meta property=\"og:image:width\" content=\"1024\" \/>\n\t<meta property=\"og:image:height\" content=\"1024\" \/>\n\t<meta property=\"og:image:type\" content=\"image\/png\" \/>\n<meta name=\"twitter:card\" content=\"summary_large_image\" \/>\n<meta name=\"twitter:label1\" content=\"Gesch\u00e4tzte Lesezeit\" \/>\n\t<meta name=\"twitter:data1\" content=\"1\u00a0Minute\" \/>\n<script type=\"application\/ld+json\" class=\"yoast-schema-graph\">{\"@context\":\"https:\\\/\\\/schema.org\",\"@graph\":[{\"@type\":\"WebPage\",\"@id\":\"https:\\\/\\\/botanyinabottle.com\\\/produit\\\/baume-protecteur-contre-le-froid\\\/\",\"url\":\"https:\\\/\\\/botanyinabottle.com\\\/produit\\\/baume-protecteur-contre-le-froid\\\/\",\"name\":\"Baume Protecteur Contre Le Froid - Botany in a Bottle\",\"isPartOf\":{\"@id\":\"https:\\\/\\\/botanyinabottle.com\\\/#website\"},\"primaryImageOfPage\":{\"@id\":\"https:\\\/\\\/botanyinabottle.com\\\/produit\\\/baume-protecteur-contre-le-froid\\\/#primaryimage\"},\"image\":{\"@id\":\"https:\\\/\\\/botanyinabottle.com\\\/produit\\\/baume-protecteur-contre-le-froid\\\/#primaryimage\"},\"thumbnailUrl\":\"https:\\\/\\\/botanyinabottle.com\\\/wp-content\\\/uploads\\\/2024\\\/12\\\/baume-protecteur-contre-le-froid_simple.png\",\"datePublished\":\"2024-11-28T13:12:05+00:00\",\"dateModified\":\"2025-05-15T21:22:43+00:00\",\"breadcrumb\":{\"@id\":\"https:\\\/\\\/botanyinabottle.com\\\/produit\\\/baume-protecteur-contre-le-froid\\\/#breadcrumb\"},\"inLanguage\":\"de\",\"potentialAction\":[{\"@type\":\"ReadAction\",\"target\":[\"https:\\\/\\\/botanyinabottle.com\\\/produit\\\/baume-protecteur-contre-le-froid\\\/\"]}]},{\"@type\":\"ImageObject\",\"inLanguage\":\"de\",\"@id\":\"https:\\\/\\\/botanyinabottle.com\\\/produit\\\/baume-protecteur-contre-le-froid\\\/#primaryimage\",\"url\":\"https:\\\/\\\/botanyinabottle.com\\\/wp-content\\\/uploads\\\/2024\\\/12\\\/baume-protecteur-contre-le-froid_simple.png\",\"contentUrl\":\"https:\\\/\\\/botanyinabottle.com\\\/wp-content\\\/uploads\\\/2024\\\/12\\\/baume-protecteur-contre-le-froid_simple.png\",\"width\":2560,\"height\":2560,\"caption\":\"baume-protecteur-contre-le-froid\"},{\"@type\":\"BreadcrumbList\",\"@id\":\"https:\\\/\\\/botanyinabottle.com\\\/produit\\\/baume-protecteur-contre-le-froid\\\/#breadcrumb\",\"itemListElement\":[{\"@type\":\"ListItem\",\"position\":1,\"name\":\"Home\",\"item\":\"https:\\\/\\\/botanyinabottle.com\\\/\"},{\"@type\":\"ListItem\",\"position\":2,\"name\":\"Produits Botany In A Bottle\",\"item\":\"https:\\\/\\\/botanyinabottle.com\\\/shop\\\/\"},{\"@type\":\"ListItem\",\"position\":3,\"name\":\"Baume Protecteur Contre Le Froid\"}]},{\"@type\":\"WebSite\",\"@id\":\"https:\\\/\\\/botanyinabottle.com\\\/#website\",\"url\":\"https:\\\/\\\/botanyinabottle.com\\\/\",\"name\":\"Botany in a Bottle\",\"description\":\"\",\"publisher\":{\"@id\":\"https:\\\/\\\/botanyinabottle.com\\\/#organization\"},\"potentialAction\":[{\"@type\":\"SearchAction\",\"target\":{\"@type\":\"EntryPoint\",\"urlTemplate\":\"https:\\\/\\\/botanyinabottle.com\\\/?s={search_term_string}\"},\"query-input\":{\"@type\":\"PropertyValueSpecification\",\"valueRequired\":true,\"valueName\":\"search_term_string\"}}],\"inLanguage\":\"de\"},{\"@type\":\"Organization\",\"@id\":\"https:\\\/\\\/botanyinabottle.com\\\/#organization\",\"name\":\"Botany in a Bottle\",\"url\":\"https:\\\/\\\/botanyinabottle.com\\\/\",\"logo\":{\"@type\":\"ImageObject\",\"inLanguage\":\"de\",\"@id\":\"https:\\\/\\\/botanyinabottle.com\\\/#\\\/schema\\\/logo\\\/image\\\/\",\"url\":\"https:\\\/\\\/botanyinabottle.com\\\/wp-content\\\/uploads\\\/2023\\\/10\\\/Image-de-profil-Logotype-Botanic-in-a-bottle-blanc-sur-fond-vert.webp\",\"contentUrl\":\"https:\\\/\\\/botanyinabottle.com\\\/wp-content\\\/uploads\\\/2023\\\/10\\\/Image-de-profil-Logotype-Botanic-in-a-bottle-blanc-sur-fond-vert.webp\",\"width\":1500,\"height\":1500,\"caption\":\"Botany in a Bottle\"},\"image\":{\"@id\":\"https:\\\/\\\/botanyinabottle.com\\\/#\\\/schema\\\/logo\\\/image\\\/\"},\"sameAs\":[\"https:\\\/\\\/www.facebook.com\\\/profile.php?id=100086472803321\",\"https:\\\/\\\/www.instagram.com\\\/botany_in_a_bottle\\\/\"]}]}<\/script>\n<!-- \/ Yoast SEO plugin. -->","yoast_head_json":{"title":"Baume Protecteur Contre Le Froid - Botany in a Bottle","robots":{"index":"index","follow":"follow","max-snippet":"max-snippet:-1","max-image-preview":"max-image-preview:large","max-video-preview":"max-video-preview:-1"},"canonical":"https:\/\/botanyinabottle.com\/de\/produkt\/baume-protecteur-contre-le-froid\/","og_locale":"de_DE","og_type":"article","og_title":"Baume Protecteur Contre Le Froid - Botany in a Bottle","og_description":"Un baume protecteur et apaisant pour affronter le froid !  Ce soin naturel est formul\u00e9 avec une synergie unique d'huiles de rose et de camomille bleue, sp\u00e9cialement con\u00e7ue pour prot\u00e9ger et apaiser la peau sensible expos\u00e9e aux intemp\u00e9ries. Gr\u00e2ce \u00e0 ses propri\u00e9t\u00e9s nourrissantes et calmantes, ce baume aide \u00e0 r\u00e9duire les rougeurs et les irritations caus\u00e9es par le froid, tout en offrant une sensation de confort et de douceur. Parfait pour prendre soin de la peau fragile de vos petits (et grands) pendant la saison froide !","og_url":"https:\/\/botanyinabottle.com\/de\/produkt\/baume-protecteur-contre-le-froid\/","og_site_name":"Botany in a Bottle","article_publisher":"https:\/\/www.facebook.com\/profile.php?id=100086472803321","article_modified_time":"2025-05-15T21:22:43+00:00","og_image":[{"width":1024,"height":1024,"url":"https:\/\/botanyinabottle.com\/wp-content\/uploads\/2024\/12\/baume-protecteur-contre-le-froid_simple-1024x1024.png","type":"image\/png"}],"twitter_card":"summary_large_image","twitter_misc":{"Gesch\u00e4tzte Lesezeit":"1\u00a0Minute"},"schema":{"@context":"https:\/\/schema.org","@graph":[{"@type":"WebPage","@id":"https:\/\/botanyinabottle.com\/produit\/baume-protecteur-contre-le-froid\/","url":"https:\/\/botanyinabottle.com\/produit\/baume-protecteur-contre-le-froid\/","name":"Baume Protecteur Contre Le Froid - Botany in a Bottle","isPartOf":{"@id":"https:\/\/botanyinabottle.com\/#website"},"primaryImageOfPage":{"@id":"https:\/\/botanyinabottle.com\/produit\/baume-protecteur-contre-le-froid\/#primaryimage"},"image":{"@id":"https:\/\/botanyinabottle.com\/produit\/baume-protecteur-contre-le-froid\/#primaryimage"},"thumbnailUrl":"https:\/\/botanyinabottle.com\/wp-content\/uploads\/2024\/12\/baume-protecteur-contre-le-froid_simple.png","datePublished":"2024-11-28T13:12:05+00:00","dateModified":"2025-05-15T21:22:43+00:00","breadcrumb":{"@id":"https:\/\/botanyinabottle.com\/produit\/baume-protecteur-contre-le-froid\/#breadcrumb"},"inLanguage":"de","potentialAction":[{"@type":"ReadAction","target":["https:\/\/botanyinabottle.com\/produit\/baume-protecteur-contre-le-froid\/"]}]},{"@type":"ImageObject","inLanguage":"de","@id":"https:\/\/botanyinabottle.com\/produit\/baume-protecteur-contre-le-froid\/#primaryimage","url":"https:\/\/botanyinabottle.com\/wp-content\/uploads\/2024\/12\/baume-protecteur-contre-le-froid_simple.png","contentUrl":"https:\/\/botanyinabottle.com\/wp-content\/uploads\/2024\/12\/baume-protecteur-contre-le-froid_simple.png","width":2560,"height":2560,"caption":"baume-protecteur-contre-le-froid"},{"@type":"BreadcrumbList","@id":"https:\/\/botanyinabottle.com\/produit\/baume-protecteur-contre-le-froid\/#breadcrumb","itemListElement":[{"@type":"ListItem","position":1,"name":"Home","item":"https:\/\/botanyinabottle.com\/"},{"@type":"ListItem","position":2,"name":"Produits Botany In A Bottle","item":"https:\/\/botanyinabottle.com\/shop\/"},{"@type":"ListItem","position":3,"name":"Baume Protecteur Contre Le Froid"}]},{"@type":"WebSite","@id":"https:\/\/botanyinabottle.com\/#website","url":"https:\/\/botanyinabottle.com\/","name":"Botany in a Bottle","description":"","publisher":{"@id":"https:\/\/botanyinabottle.com\/#organization"},"potentialAction":[{"@type":"SearchAction","target":{"@type":"EntryPoint","urlTemplate":"https:\/\/botanyinabottle.com\/?s={search_term_string}"},"query-input":{"@type":"PropertyValueSpecification","valueRequired":true,"valueName":"search_term_string"}}],"inLanguage":"de"},{"@type":"Organization","@id":"https:\/\/botanyinabottle.com\/#organization","name":"Botany in a Bottle","url":"https:\/\/botanyinabottle.com\/","logo":{"@type":"ImageObject","inLanguage":"de","@id":"https:\/\/botanyinabottle.com\/#\/schema\/logo\/image\/","url":"https:\/\/botanyinabottle.com\/wp-content\/uploads\/2023\/10\/Image-de-profil-Logotype-Botanic-in-a-bottle-blanc-sur-fond-vert.webp","contentUrl":"https:\/\/botanyinabottle.com\/wp-content\/uploads\/2023\/10\/Image-de-profil-Logotype-Botanic-in-a-bottle-blanc-sur-fond-vert.webp","width":1500,"height":1500,"caption":"Botany in a Bottle"},"image":{"@id":"https:\/\/botanyinabottle.com\/#\/schema\/logo\/image\/"},"sameAs":["https:\/\/www.facebook.com\/profile.php?id=100086472803321","https:\/\/www.instagram.com\/botany_in_a_bottle\/"]}]}},"_links":{"self":[{"href":"https:\/\/botanyinabottle.com\/de\/wp-json\/wp\/v2\/product\/2197","targetHints":{"allow":["GET"]}}],"collection":[{"href":"https:\/\/botanyinabottle.com\/de\/wp-json\/wp\/v2\/product"}],"about":[{"href":"https:\/\/botanyinabottle.com\/de\/wp-json\/wp\/v2\/types\/product"}],"replies":[{"embeddable":true,"href":"https:\/\/botanyinabottle.com\/de\/wp-json\/wp\/v2\/comments?post=2197"}],"wp:featuredmedia":[{"embeddable":true,"href":"https:\/\/botanyinabottle.com\/de\/wp-json\/wp\/v2\/media\/2458"}],"wp:attachment":[{"href":"https:\/\/botanyinabottle.com\/de\/wp-json\/wp\/v2\/media?parent=2197"}],"wp:term":[{"taxonomy":"product_brand","embeddable":true,"href":"https:\/\/botanyinabottle.com\/de\/wp-json\/wp\/v2\/product_brand?post=2197"},{"taxonomy":"product_cat","embeddable":true,"href":"https:\/\/botanyinabottle.com\/de\/wp-json\/wp\/v2\/product_cat?post=2197"},{"taxonomy":"product_tag","embeddable":true,"href":"https:\/\/botanyinabottle.com\/de\/wp-json\/wp\/v2\/product_tag?post=2197"},{"taxonomy":"berocket_brand","embeddable":true,"href":"https:\/\/botanyinabottle.com\/de\/wp-json\/wp\/v2\/berocket_brand?post=2197"}],"curies":[{"name":"wp","href":"https:\/\/api.w.org\/{rel}","templated":true}]}}