{"id":2196,"date":"2024-11-28T13:12:06","date_gmt":"2024-11-28T13:12:06","guid":{"rendered":"https:\/\/botanyinabottle.com\/?post_type=product&#038;p=2196"},"modified":"2026-01-12T10:41:42","modified_gmt":"2026-01-12T09:41:42","slug":"baume-pour-le-change","status":"publish","type":"product","link":"https:\/\/botanyinabottle.com\/de\/produkt\/baume-pour-le-change\/","title":{"rendered":"Baume pour le change"},"content":{"rendered":"<h2>Baume pour le change<\/h2>\n<p>&nbsp;<\/p>\n<p>Un baume pour le change doux et protecteur, id\u00e9al pour garder les petites fesses bien prot\u00e9g\u00e9es !<\/p>\n<p>Ce soin naturel pr\u00e9vient <strong>efficacement les infections fongiques<\/strong>. Enrichi en beurre de karit\u00e9 nourrissant, hydrolat de rose apaisant et de jojoba, ce baume forme une <strong>barri\u00e8re protectrice<\/strong> contre l\u2019humidit\u00e9 tout en laissant la peau respirer.<\/p>\n<p>La synergie d\u2019huile g\u00e9ranium, manuka, palmarosa, thym et rose ont une action anti-inflammatoire, r\u00e9g\u00e9n\u00e9ratrice et hydratante.<\/p>\n<p>La lanoline et la cire d\u2019abeille renforcent l\u2019action protectrice, apportant douceur et confort aux peaux les plus sensibles.<\/p>\n<p>Id\u00e9al pour garder la peau d\u00e9licate de b\u00e9b\u00e9 saine, apais\u00e9e et parfaitement prot\u00e9g\u00e9e jour apr\u00e8s jour !<\/p>\n<p>&nbsp;<\/p>\n<p>\u2022 <strong>100%<\/strong> d\u2019origine naturel. <strong>100%<\/strong> artisanal. <strong>100%<\/strong> durable.<br \/>\n\u2022 D\u00e9velopp\u00e9 et formul\u00e9 par le pharmacien Tobias<br \/>\n\u2022 Formule sans eau<\/p>\n<p>&nbsp;<\/p>\n<p><strong>Le petit plus : <\/strong>Sans zinc, sans talc et sans kaolin \u2013 pour une peau hydrat\u00e9e et prot\u00e9g\u00e9e !<\/p>\n<p>&nbsp;<\/p>\n<p><em>Fabrication artisanale, naturelle et respectueuse de l\u2019environnement.<\/em><\/p>","protected":false},"excerpt":{"rendered":"<p>Un baume pour le change doux et protecteur, id\u00e9al pour garder les petites fesses bien prot\u00e9g\u00e9es ! Ce soin naturel pr\u00e9vient <strong>efficacement les infections fongiques<\/strong>. Enrichi en beurre de karit\u00e9 nourrissant, hydrolat de rose apaisant, et huiles pr\u00e9cieuses d\u2019aloe vera et de jojoba, ce baume forme une <strong>barri\u00e8re protectrice<\/strong> contre l\u2019humidit\u00e9 tout en laissant la peau respirer. La lanoline et la cire d\u2019abeille renforcent l\u2019action protectrice, apportant douceur et confort aux peaux les plus sensibles. Id\u00e9al pour garder la peau d\u00e9licate de b\u00e9b\u00e9 saine, apais\u00e9e et parfaitement prot\u00e9g\u00e9e jour apr\u00e8s jour !<\/p>","protected":false},"featured_media":2463,"comment_status":"closed","ping_status":"closed","template":"","meta":[],"product_brand":[],"product_cat":[36],"product_tag":[50,48],"berocket_brand":[38],"class_list":{"0":"post-2196","1":"product","2":"type-product","3":"status-publish","4":"has-post-thumbnail","6":"product_cat-baume","7":"product_tag-soin-bebe","8":"product_tag-soin-change-erytheme","9":"berocket_brand-homedi-kind","11":"first","12":"instock","13":"taxable","14":"shipping-taxable","15":"purchasable","16":"product-type-simple"},"yoast_head":"<!-- This site is optimized with the Yoast SEO plugin v27.5 - https:\/\/yoast.com\/product\/yoast-seo-wordpress\/ -->\n<title>Baume pour le change - Botany in a Bottle<\/title>\n<meta name=\"description\" content=\"Un baume pour le change doux et protecteur, id\u00e9al pour garder les petites fesses bien prot\u00e9g\u00e9es ! Ce soin naturel pr\u00e9vient efficacement les infections fongiques.\" \/>\n<meta name=\"robots\" content=\"index, follow, max-snippet:-1, max-image-preview:large, max-video-preview:-1\" \/>\n<link rel=\"canonical\" href=\"https:\/\/botanyinabottle.com\/de\/produkt\/baume-pour-le-change\/\" \/>\n<meta property=\"og:locale\" content=\"de_DE\" \/>\n<meta property=\"og:type\" content=\"article\" \/>\n<meta property=\"og:title\" content=\"Baume pour le change - Botany in a Bottle\" \/>\n<meta property=\"og:description\" content=\"Un baume pour le change doux et protecteur, id\u00e9al pour garder les petites fesses bien prot\u00e9g\u00e9es ! Ce soin naturel pr\u00e9vient efficacement les infections fongiques.\" \/>\n<meta property=\"og:url\" content=\"https:\/\/botanyinabottle.com\/de\/produkt\/baume-pour-le-change\/\" \/>\n<meta property=\"og:site_name\" content=\"Botany in a Bottle\" \/>\n<meta property=\"article:publisher\" content=\"https:\/\/www.facebook.com\/profile.php?id=100086472803321\" \/>\n<meta property=\"article:modified_time\" content=\"2026-01-12T09:41:42+00:00\" \/>\n<meta property=\"og:image\" content=\"https:\/\/botanyinabottle.com\/wp-content\/uploads\/2024\/12\/baume-de-change_simple-1024x1024.png\" \/>\n\t<meta property=\"og:image:width\" content=\"1024\" \/>\n\t<meta property=\"og:image:height\" content=\"1024\" \/>\n\t<meta property=\"og:image:type\" content=\"image\/png\" \/>\n<meta name=\"twitter:card\" content=\"summary_large_image\" \/>\n<meta name=\"twitter:label1\" content=\"Gesch\u00e4tzte Lesezeit\" \/>\n\t<meta name=\"twitter:data1\" content=\"1\u00a0Minute\" \/>\n<script type=\"application\/ld+json\" class=\"yoast-schema-graph\">{\"@context\":\"https:\\\/\\\/schema.org\",\"@graph\":[{\"@type\":\"WebPage\",\"@id\":\"https:\\\/\\\/botanyinabottle.com\\\/produit\\\/baume-pour-le-change\\\/\",\"url\":\"https:\\\/\\\/botanyinabottle.com\\\/produit\\\/baume-pour-le-change\\\/\",\"name\":\"Baume pour le change - Botany in a Bottle\",\"isPartOf\":{\"@id\":\"https:\\\/\\\/botanyinabottle.com\\\/#website\"},\"primaryImageOfPage\":{\"@id\":\"https:\\\/\\\/botanyinabottle.com\\\/produit\\\/baume-pour-le-change\\\/#primaryimage\"},\"image\":{\"@id\":\"https:\\\/\\\/botanyinabottle.com\\\/produit\\\/baume-pour-le-change\\\/#primaryimage\"},\"thumbnailUrl\":\"https:\\\/\\\/botanyinabottle.com\\\/wp-content\\\/uploads\\\/2024\\\/12\\\/baume-de-change_simple.png\",\"datePublished\":\"2024-11-28T13:12:06+00:00\",\"dateModified\":\"2026-01-12T09:41:42+00:00\",\"description\":\"Un baume pour le change doux et protecteur, id\u00e9al pour garder les petites fesses bien prot\u00e9g\u00e9es ! Ce soin naturel pr\u00e9vient efficacement les infections fongiques.\",\"breadcrumb\":{\"@id\":\"https:\\\/\\\/botanyinabottle.com\\\/produit\\\/baume-pour-le-change\\\/#breadcrumb\"},\"inLanguage\":\"de\",\"potentialAction\":[{\"@type\":\"ReadAction\",\"target\":[\"https:\\\/\\\/botanyinabottle.com\\\/produit\\\/baume-pour-le-change\\\/\"]}]},{\"@type\":\"ImageObject\",\"inLanguage\":\"de\",\"@id\":\"https:\\\/\\\/botanyinabottle.com\\\/produit\\\/baume-pour-le-change\\\/#primaryimage\",\"url\":\"https:\\\/\\\/botanyinabottle.com\\\/wp-content\\\/uploads\\\/2024\\\/12\\\/baume-de-change_simple.png\",\"contentUrl\":\"https:\\\/\\\/botanyinabottle.com\\\/wp-content\\\/uploads\\\/2024\\\/12\\\/baume-de-change_simple.png\",\"width\":2560,\"height\":2560,\"caption\":\"baume-de-change\"},{\"@type\":\"BreadcrumbList\",\"@id\":\"https:\\\/\\\/botanyinabottle.com\\\/produit\\\/baume-pour-le-change\\\/#breadcrumb\",\"itemListElement\":[{\"@type\":\"ListItem\",\"position\":1,\"name\":\"Home\",\"item\":\"https:\\\/\\\/botanyinabottle.com\\\/\"},{\"@type\":\"ListItem\",\"position\":2,\"name\":\"Produits Botany In A Bottle\",\"item\":\"https:\\\/\\\/botanyinabottle.com\\\/shop\\\/\"},{\"@type\":\"ListItem\",\"position\":3,\"name\":\"Baume pour le change\"}]},{\"@type\":\"WebSite\",\"@id\":\"https:\\\/\\\/botanyinabottle.com\\\/#website\",\"url\":\"https:\\\/\\\/botanyinabottle.com\\\/\",\"name\":\"Botany in a Bottle\",\"description\":\"\",\"publisher\":{\"@id\":\"https:\\\/\\\/botanyinabottle.com\\\/#organization\"},\"potentialAction\":[{\"@type\":\"SearchAction\",\"target\":{\"@type\":\"EntryPoint\",\"urlTemplate\":\"https:\\\/\\\/botanyinabottle.com\\\/?s={search_term_string}\"},\"query-input\":{\"@type\":\"PropertyValueSpecification\",\"valueRequired\":true,\"valueName\":\"search_term_string\"}}],\"inLanguage\":\"de\"},{\"@type\":\"Organization\",\"@id\":\"https:\\\/\\\/botanyinabottle.com\\\/#organization\",\"name\":\"Botany in a Bottle\",\"url\":\"https:\\\/\\\/botanyinabottle.com\\\/\",\"logo\":{\"@type\":\"ImageObject\",\"inLanguage\":\"de\",\"@id\":\"https:\\\/\\\/botanyinabottle.com\\\/#\\\/schema\\\/logo\\\/image\\\/\",\"url\":\"https:\\\/\\\/botanyinabottle.com\\\/wp-content\\\/uploads\\\/2023\\\/10\\\/Image-de-profil-Logotype-Botanic-in-a-bottle-blanc-sur-fond-vert.webp\",\"contentUrl\":\"https:\\\/\\\/botanyinabottle.com\\\/wp-content\\\/uploads\\\/2023\\\/10\\\/Image-de-profil-Logotype-Botanic-in-a-bottle-blanc-sur-fond-vert.webp\",\"width\":1500,\"height\":1500,\"caption\":\"Botany in a Bottle\"},\"image\":{\"@id\":\"https:\\\/\\\/botanyinabottle.com\\\/#\\\/schema\\\/logo\\\/image\\\/\"},\"sameAs\":[\"https:\\\/\\\/www.facebook.com\\\/profile.php?id=100086472803321\",\"https:\\\/\\\/www.instagram.com\\\/botany_in_a_bottle\\\/\"]}]}<\/script>\n<!-- \/ Yoast SEO plugin. -->","yoast_head_json":{"title":"Baume pour le change - Botany in a Bottle","description":"Un baume pour le change doux et protecteur, id\u00e9al pour garder les petites fesses bien prot\u00e9g\u00e9es ! Ce soin naturel pr\u00e9vient efficacement les infections fongiques.","robots":{"index":"index","follow":"follow","max-snippet":"max-snippet:-1","max-image-preview":"max-image-preview:large","max-video-preview":"max-video-preview:-1"},"canonical":"https:\/\/botanyinabottle.com\/de\/produkt\/baume-pour-le-change\/","og_locale":"de_DE","og_type":"article","og_title":"Baume pour le change - Botany in a Bottle","og_description":"Un baume pour le change doux et protecteur, id\u00e9al pour garder les petites fesses bien prot\u00e9g\u00e9es ! Ce soin naturel pr\u00e9vient efficacement les infections fongiques.","og_url":"https:\/\/botanyinabottle.com\/de\/produkt\/baume-pour-le-change\/","og_site_name":"Botany in a Bottle","article_publisher":"https:\/\/www.facebook.com\/profile.php?id=100086472803321","article_modified_time":"2026-01-12T09:41:42+00:00","og_image":[{"width":1024,"height":1024,"url":"https:\/\/botanyinabottle.com\/wp-content\/uploads\/2024\/12\/baume-de-change_simple-1024x1024.png","type":"image\/png"}],"twitter_card":"summary_large_image","twitter_misc":{"Gesch\u00e4tzte Lesezeit":"1\u00a0Minute"},"schema":{"@context":"https:\/\/schema.org","@graph":[{"@type":"WebPage","@id":"https:\/\/botanyinabottle.com\/produit\/baume-pour-le-change\/","url":"https:\/\/botanyinabottle.com\/produit\/baume-pour-le-change\/","name":"Baume pour le change - Botany in a Bottle","isPartOf":{"@id":"https:\/\/botanyinabottle.com\/#website"},"primaryImageOfPage":{"@id":"https:\/\/botanyinabottle.com\/produit\/baume-pour-le-change\/#primaryimage"},"image":{"@id":"https:\/\/botanyinabottle.com\/produit\/baume-pour-le-change\/#primaryimage"},"thumbnailUrl":"https:\/\/botanyinabottle.com\/wp-content\/uploads\/2024\/12\/baume-de-change_simple.png","datePublished":"2024-11-28T13:12:06+00:00","dateModified":"2026-01-12T09:41:42+00:00","description":"Un baume pour le change doux et protecteur, id\u00e9al pour garder les petites fesses bien prot\u00e9g\u00e9es ! Ce soin naturel pr\u00e9vient efficacement les infections fongiques.","breadcrumb":{"@id":"https:\/\/botanyinabottle.com\/produit\/baume-pour-le-change\/#breadcrumb"},"inLanguage":"de","potentialAction":[{"@type":"ReadAction","target":["https:\/\/botanyinabottle.com\/produit\/baume-pour-le-change\/"]}]},{"@type":"ImageObject","inLanguage":"de","@id":"https:\/\/botanyinabottle.com\/produit\/baume-pour-le-change\/#primaryimage","url":"https:\/\/botanyinabottle.com\/wp-content\/uploads\/2024\/12\/baume-de-change_simple.png","contentUrl":"https:\/\/botanyinabottle.com\/wp-content\/uploads\/2024\/12\/baume-de-change_simple.png","width":2560,"height":2560,"caption":"baume-de-change"},{"@type":"BreadcrumbList","@id":"https:\/\/botanyinabottle.com\/produit\/baume-pour-le-change\/#breadcrumb","itemListElement":[{"@type":"ListItem","position":1,"name":"Home","item":"https:\/\/botanyinabottle.com\/"},{"@type":"ListItem","position":2,"name":"Produits Botany In A Bottle","item":"https:\/\/botanyinabottle.com\/shop\/"},{"@type":"ListItem","position":3,"name":"Baume pour le change"}]},{"@type":"WebSite","@id":"https:\/\/botanyinabottle.com\/#website","url":"https:\/\/botanyinabottle.com\/","name":"Botany in a Bottle","description":"","publisher":{"@id":"https:\/\/botanyinabottle.com\/#organization"},"potentialAction":[{"@type":"SearchAction","target":{"@type":"EntryPoint","urlTemplate":"https:\/\/botanyinabottle.com\/?s={search_term_string}"},"query-input":{"@type":"PropertyValueSpecification","valueRequired":true,"valueName":"search_term_string"}}],"inLanguage":"de"},{"@type":"Organization","@id":"https:\/\/botanyinabottle.com\/#organization","name":"Botany in a Bottle","url":"https:\/\/botanyinabottle.com\/","logo":{"@type":"ImageObject","inLanguage":"de","@id":"https:\/\/botanyinabottle.com\/#\/schema\/logo\/image\/","url":"https:\/\/botanyinabottle.com\/wp-content\/uploads\/2023\/10\/Image-de-profil-Logotype-Botanic-in-a-bottle-blanc-sur-fond-vert.webp","contentUrl":"https:\/\/botanyinabottle.com\/wp-content\/uploads\/2023\/10\/Image-de-profil-Logotype-Botanic-in-a-bottle-blanc-sur-fond-vert.webp","width":1500,"height":1500,"caption":"Botany in a Bottle"},"image":{"@id":"https:\/\/botanyinabottle.com\/#\/schema\/logo\/image\/"},"sameAs":["https:\/\/www.facebook.com\/profile.php?id=100086472803321","https:\/\/www.instagram.com\/botany_in_a_bottle\/"]}]}},"_links":{"self":[{"href":"https:\/\/botanyinabottle.com\/de\/wp-json\/wp\/v2\/product\/2196","targetHints":{"allow":["GET"]}}],"collection":[{"href":"https:\/\/botanyinabottle.com\/de\/wp-json\/wp\/v2\/product"}],"about":[{"href":"https:\/\/botanyinabottle.com\/de\/wp-json\/wp\/v2\/types\/product"}],"replies":[{"embeddable":true,"href":"https:\/\/botanyinabottle.com\/de\/wp-json\/wp\/v2\/comments?post=2196"}],"wp:featuredmedia":[{"embeddable":true,"href":"https:\/\/botanyinabottle.com\/de\/wp-json\/wp\/v2\/media\/2463"}],"wp:attachment":[{"href":"https:\/\/botanyinabottle.com\/de\/wp-json\/wp\/v2\/media?parent=2196"}],"wp:term":[{"taxonomy":"product_brand","embeddable":true,"href":"https:\/\/botanyinabottle.com\/de\/wp-json\/wp\/v2\/product_brand?post=2196"},{"taxonomy":"product_cat","embeddable":true,"href":"https:\/\/botanyinabottle.com\/de\/wp-json\/wp\/v2\/product_cat?post=2196"},{"taxonomy":"product_tag","embeddable":true,"href":"https:\/\/botanyinabottle.com\/de\/wp-json\/wp\/v2\/product_tag?post=2196"},{"taxonomy":"berocket_brand","embeddable":true,"href":"https:\/\/botanyinabottle.com\/de\/wp-json\/wp\/v2\/berocket_brand?post=2196"}],"curies":[{"name":"wp","href":"https:\/\/api.w.org\/{rel}","templated":true}]}}