{"id":2169,"date":"2024-11-28T13:12:05","date_gmt":"2024-11-28T13:12:05","guid":{"rendered":"https:\/\/botanyinabottle.com\/?post_type=product&#038;p=2169"},"modified":"2025-11-20T21:05:51","modified_gmt":"2025-11-20T20:05:51","slug":"baume-a-langelique","status":"publish","type":"product","link":"https:\/\/botanyinabottle.com\/de\/produkt\/baume-a-langelique\/","title":{"rendered":"Baume Ang\u00e9lique"},"content":{"rendered":"<ul>\n<li><strong>100%<\/strong> d\u2019origine naturel. <strong>100%<\/strong> artisanal. <strong>100%<\/strong> durable.<\/li>\n<li>D\u00e9velopp\u00e9 et formul\u00e9 par le pharmacien Tobias<\/li>\n<li>Formule sans eau<\/li>\n<\/ul>\n<p>&nbsp;<\/p>\n<p>&nbsp;<\/p>\n<p><strong>Synergie d\u2019huile de racine d&rsquo;ang\u00e9lique, marjolaine, thym et millepertuis<\/strong><\/p>\n<p>&nbsp;<\/p>\n<p><strong>Un baume doux et r\u00e9confortant pour les petits nez !<\/strong><\/p>\n<p>Ce soin naturel est sp\u00e9cialement formul\u00e9 pour prendre soin des petits nez tout rouges quand il fait froid. Gr\u00e2ce \u00e0 ses propri\u00e9t\u00e9s il aide \u00e0 <strong>soulager les voies respiratoires<\/strong> et offre un effet <strong>d\u00e9congestionnant<\/strong> pour un meilleur confort. Il <strong>apaise<\/strong> les rougeurs et <strong>peau irrit\u00e9<\/strong> autour du nez. Parfait pour accompagner vos enfants durant la saison froide\u00a0!<\/p>","protected":false},"excerpt":{"rendered":"<ul>\n<li><strong>100%<\/strong> d\u2019origine naturel. <strong>100%<\/strong> artisanal. <strong>100%<\/strong> durable.<\/li>\n<li>D\u00e9velopp\u00e9 et formul\u00e9 par le pharmacien Tobias<\/li>\n<li>Formule sans eau<\/li>\n<\/ul>\n<p>&nbsp;<\/p>\n<p>&nbsp;<\/p>\n<p><strong>Synergie d\u2019huile de racine d&rsquo;ang\u00e9lique, marjolaine, thym et millepertuis<\/strong><\/p>\n<p>&nbsp;<\/p>\n<p><strong>Un baume doux et r\u00e9confortant pour les petits nez !<\/strong><\/p>\n<p>Ce soin naturel est sp\u00e9cialement formul\u00e9 pour prendre soin des petits nez tout rouges quand il fait froid. Gr\u00e2ce \u00e0 ses propri\u00e9t\u00e9s il aide \u00e0 <strong>soulager les voies respiratoires<\/strong> et offre un effet <strong>d\u00e9congestionnant<\/strong> pour un meilleur confort. Il <strong>apaise<\/strong> les rougeurs et <strong>peau irrit\u00e9<\/strong> autour du nez. Parfait pour accompagner vos enfants durant la saison froide\u00a0!<\/p>","protected":false},"featured_media":2477,"comment_status":"open","ping_status":"closed","template":"","meta":[],"product_brand":[],"product_cat":[33],"product_tag":[43,46,50],"berocket_brand":[38],"class_list":{"0":"post-2169","1":"product","2":"type-product","3":"status-publish","4":"has-post-thumbnail","6":"product_cat-baume_angelique","7":"product_tag-peau-irritee","8":"product_tag-rhume-saison-froide","9":"product_tag-soin-bebe","10":"berocket_brand-homedi-kind","12":"first","13":"instock","14":"taxable","15":"shipping-taxable","16":"purchasable","17":"product-type-simple"},"yoast_head":"<!-- This site is optimized with the Yoast SEO plugin v27.5 - https:\/\/yoast.com\/product\/yoast-seo-wordpress\/ -->\n<title>Baume Ang\u00e9lique - Botany in a Bottle<\/title>\n<meta name=\"robots\" content=\"index, follow, max-snippet:-1, max-image-preview:large, max-video-preview:-1\" \/>\n<link rel=\"canonical\" href=\"https:\/\/botanyinabottle.com\/de\/produkt\/baume-a-langelique\/\" \/>\n<meta property=\"og:locale\" content=\"de_DE\" \/>\n<meta property=\"og:type\" content=\"article\" \/>\n<meta property=\"og:title\" content=\"Baume Ang\u00e9lique - Botany in a Bottle\" \/>\n<meta property=\"og:description\" content=\"100% d\u2019origine naturel. 100% artisanal. 100% durable.  D\u00e9velopp\u00e9 et formul\u00e9 par le pharmacien Tobias  Formule sans eau  &nbsp;  &nbsp;  Synergie d\u2019huile de racine d&#039;ang\u00e9lique, marjolaine, thym et millepertuis  &nbsp;  Un baume doux et r\u00e9confortant pour les petits nez !  Ce soin naturel est sp\u00e9cialement formul\u00e9 pour prendre soin des petits nez tout rouges quand il fait froid. Gr\u00e2ce \u00e0 ses propri\u00e9t\u00e9s il aide \u00e0 soulager les voies respiratoires et offre un effet d\u00e9congestionnant pour un meilleur confort. Il apaise les rougeurs et peau irrit\u00e9 autour du nez. Parfait pour accompagner vos enfants durant la saison froide\u00a0!\" \/>\n<meta property=\"og:url\" content=\"https:\/\/botanyinabottle.com\/de\/produkt\/baume-a-langelique\/\" \/>\n<meta property=\"og:site_name\" content=\"Botany in a Bottle\" \/>\n<meta property=\"article:publisher\" content=\"https:\/\/www.facebook.com\/profile.php?id=100086472803321\" \/>\n<meta property=\"article:modified_time\" content=\"2025-11-20T20:05:51+00:00\" \/>\n<meta property=\"og:image\" content=\"https:\/\/botanyinabottle.com\/wp-content\/uploads\/2024\/12\/baume-a-langelique_simple-1024x1024.png\" \/>\n\t<meta property=\"og:image:width\" content=\"1024\" \/>\n\t<meta property=\"og:image:height\" content=\"1024\" \/>\n\t<meta property=\"og:image:type\" content=\"image\/png\" \/>\n<meta name=\"twitter:card\" content=\"summary_large_image\" \/>\n<meta name=\"twitter:label1\" content=\"Gesch\u00e4tzte Lesezeit\" \/>\n\t<meta name=\"twitter:data1\" content=\"1\u00a0Minute\" \/>\n<script type=\"application\/ld+json\" class=\"yoast-schema-graph\">{\"@context\":\"https:\\\/\\\/schema.org\",\"@graph\":[{\"@type\":\"WebPage\",\"@id\":\"https:\\\/\\\/botanyinabottle.com\\\/produit\\\/baume-a-langelique\\\/\",\"url\":\"https:\\\/\\\/botanyinabottle.com\\\/produit\\\/baume-a-langelique\\\/\",\"name\":\"Baume Ang\u00e9lique - Botany in a Bottle\",\"isPartOf\":{\"@id\":\"https:\\\/\\\/botanyinabottle.com\\\/#website\"},\"primaryImageOfPage\":{\"@id\":\"https:\\\/\\\/botanyinabottle.com\\\/produit\\\/baume-a-langelique\\\/#primaryimage\"},\"image\":{\"@id\":\"https:\\\/\\\/botanyinabottle.com\\\/produit\\\/baume-a-langelique\\\/#primaryimage\"},\"thumbnailUrl\":\"https:\\\/\\\/botanyinabottle.com\\\/wp-content\\\/uploads\\\/2024\\\/12\\\/baume-a-langelique_simple.png\",\"datePublished\":\"2024-11-28T13:12:05+00:00\",\"dateModified\":\"2025-11-20T20:05:51+00:00\",\"breadcrumb\":{\"@id\":\"https:\\\/\\\/botanyinabottle.com\\\/produit\\\/baume-a-langelique\\\/#breadcrumb\"},\"inLanguage\":\"de\",\"potentialAction\":[{\"@type\":\"ReadAction\",\"target\":[\"https:\\\/\\\/botanyinabottle.com\\\/produit\\\/baume-a-langelique\\\/\"]}]},{\"@type\":\"ImageObject\",\"inLanguage\":\"de\",\"@id\":\"https:\\\/\\\/botanyinabottle.com\\\/produit\\\/baume-a-langelique\\\/#primaryimage\",\"url\":\"https:\\\/\\\/botanyinabottle.com\\\/wp-content\\\/uploads\\\/2024\\\/12\\\/baume-a-langelique_simple.png\",\"contentUrl\":\"https:\\\/\\\/botanyinabottle.com\\\/wp-content\\\/uploads\\\/2024\\\/12\\\/baume-a-langelique_simple.png\",\"width\":2560,\"height\":2560,\"caption\":\"baume-angelique\"},{\"@type\":\"BreadcrumbList\",\"@id\":\"https:\\\/\\\/botanyinabottle.com\\\/produit\\\/baume-a-langelique\\\/#breadcrumb\",\"itemListElement\":[{\"@type\":\"ListItem\",\"position\":1,\"name\":\"Home\",\"item\":\"https:\\\/\\\/botanyinabottle.com\\\/\"},{\"@type\":\"ListItem\",\"position\":2,\"name\":\"Produits Botany In A Bottle\",\"item\":\"https:\\\/\\\/botanyinabottle.com\\\/shop\\\/\"},{\"@type\":\"ListItem\",\"position\":3,\"name\":\"Baume Ang\u00e9lique\"}]},{\"@type\":\"WebSite\",\"@id\":\"https:\\\/\\\/botanyinabottle.com\\\/#website\",\"url\":\"https:\\\/\\\/botanyinabottle.com\\\/\",\"name\":\"Botany in a Bottle\",\"description\":\"\",\"publisher\":{\"@id\":\"https:\\\/\\\/botanyinabottle.com\\\/#organization\"},\"potentialAction\":[{\"@type\":\"SearchAction\",\"target\":{\"@type\":\"EntryPoint\",\"urlTemplate\":\"https:\\\/\\\/botanyinabottle.com\\\/?s={search_term_string}\"},\"query-input\":{\"@type\":\"PropertyValueSpecification\",\"valueRequired\":true,\"valueName\":\"search_term_string\"}}],\"inLanguage\":\"de\"},{\"@type\":\"Organization\",\"@id\":\"https:\\\/\\\/botanyinabottle.com\\\/#organization\",\"name\":\"Botany in a Bottle\",\"url\":\"https:\\\/\\\/botanyinabottle.com\\\/\",\"logo\":{\"@type\":\"ImageObject\",\"inLanguage\":\"de\",\"@id\":\"https:\\\/\\\/botanyinabottle.com\\\/#\\\/schema\\\/logo\\\/image\\\/\",\"url\":\"https:\\\/\\\/botanyinabottle.com\\\/wp-content\\\/uploads\\\/2023\\\/10\\\/Image-de-profil-Logotype-Botanic-in-a-bottle-blanc-sur-fond-vert.webp\",\"contentUrl\":\"https:\\\/\\\/botanyinabottle.com\\\/wp-content\\\/uploads\\\/2023\\\/10\\\/Image-de-profil-Logotype-Botanic-in-a-bottle-blanc-sur-fond-vert.webp\",\"width\":1500,\"height\":1500,\"caption\":\"Botany in a Bottle\"},\"image\":{\"@id\":\"https:\\\/\\\/botanyinabottle.com\\\/#\\\/schema\\\/logo\\\/image\\\/\"},\"sameAs\":[\"https:\\\/\\\/www.facebook.com\\\/profile.php?id=100086472803321\",\"https:\\\/\\\/www.instagram.com\\\/botany_in_a_bottle\\\/\"]}]}<\/script>\n<!-- \/ Yoast SEO plugin. -->","yoast_head_json":{"title":"Baume Ang\u00e9lique - Botany in a Bottle","robots":{"index":"index","follow":"follow","max-snippet":"max-snippet:-1","max-image-preview":"max-image-preview:large","max-video-preview":"max-video-preview:-1"},"canonical":"https:\/\/botanyinabottle.com\/de\/produkt\/baume-a-langelique\/","og_locale":"de_DE","og_type":"article","og_title":"Baume Ang\u00e9lique - Botany in a Bottle","og_description":"100% d\u2019origine naturel. 100% artisanal. 100% durable.  D\u00e9velopp\u00e9 et formul\u00e9 par le pharmacien Tobias  Formule sans eau  &nbsp;  &nbsp;  Synergie d\u2019huile de racine d'ang\u00e9lique, marjolaine, thym et millepertuis  &nbsp;  Un baume doux et r\u00e9confortant pour les petits nez !  Ce soin naturel est sp\u00e9cialement formul\u00e9 pour prendre soin des petits nez tout rouges quand il fait froid. Gr\u00e2ce \u00e0 ses propri\u00e9t\u00e9s il aide \u00e0 soulager les voies respiratoires et offre un effet d\u00e9congestionnant pour un meilleur confort. Il apaise les rougeurs et peau irrit\u00e9 autour du nez. Parfait pour accompagner vos enfants durant la saison froide\u00a0!","og_url":"https:\/\/botanyinabottle.com\/de\/produkt\/baume-a-langelique\/","og_site_name":"Botany in a Bottle","article_publisher":"https:\/\/www.facebook.com\/profile.php?id=100086472803321","article_modified_time":"2025-11-20T20:05:51+00:00","og_image":[{"width":1024,"height":1024,"url":"https:\/\/botanyinabottle.com\/wp-content\/uploads\/2024\/12\/baume-a-langelique_simple-1024x1024.png","type":"image\/png"}],"twitter_card":"summary_large_image","twitter_misc":{"Gesch\u00e4tzte Lesezeit":"1\u00a0Minute"},"schema":{"@context":"https:\/\/schema.org","@graph":[{"@type":"WebPage","@id":"https:\/\/botanyinabottle.com\/produit\/baume-a-langelique\/","url":"https:\/\/botanyinabottle.com\/produit\/baume-a-langelique\/","name":"Baume Ang\u00e9lique - Botany in a Bottle","isPartOf":{"@id":"https:\/\/botanyinabottle.com\/#website"},"primaryImageOfPage":{"@id":"https:\/\/botanyinabottle.com\/produit\/baume-a-langelique\/#primaryimage"},"image":{"@id":"https:\/\/botanyinabottle.com\/produit\/baume-a-langelique\/#primaryimage"},"thumbnailUrl":"https:\/\/botanyinabottle.com\/wp-content\/uploads\/2024\/12\/baume-a-langelique_simple.png","datePublished":"2024-11-28T13:12:05+00:00","dateModified":"2025-11-20T20:05:51+00:00","breadcrumb":{"@id":"https:\/\/botanyinabottle.com\/produit\/baume-a-langelique\/#breadcrumb"},"inLanguage":"de","potentialAction":[{"@type":"ReadAction","target":["https:\/\/botanyinabottle.com\/produit\/baume-a-langelique\/"]}]},{"@type":"ImageObject","inLanguage":"de","@id":"https:\/\/botanyinabottle.com\/produit\/baume-a-langelique\/#primaryimage","url":"https:\/\/botanyinabottle.com\/wp-content\/uploads\/2024\/12\/baume-a-langelique_simple.png","contentUrl":"https:\/\/botanyinabottle.com\/wp-content\/uploads\/2024\/12\/baume-a-langelique_simple.png","width":2560,"height":2560,"caption":"baume-angelique"},{"@type":"BreadcrumbList","@id":"https:\/\/botanyinabottle.com\/produit\/baume-a-langelique\/#breadcrumb","itemListElement":[{"@type":"ListItem","position":1,"name":"Home","item":"https:\/\/botanyinabottle.com\/"},{"@type":"ListItem","position":2,"name":"Produits Botany In A Bottle","item":"https:\/\/botanyinabottle.com\/shop\/"},{"@type":"ListItem","position":3,"name":"Baume Ang\u00e9lique"}]},{"@type":"WebSite","@id":"https:\/\/botanyinabottle.com\/#website","url":"https:\/\/botanyinabottle.com\/","name":"Botany in a Bottle","description":"","publisher":{"@id":"https:\/\/botanyinabottle.com\/#organization"},"potentialAction":[{"@type":"SearchAction","target":{"@type":"EntryPoint","urlTemplate":"https:\/\/botanyinabottle.com\/?s={search_term_string}"},"query-input":{"@type":"PropertyValueSpecification","valueRequired":true,"valueName":"search_term_string"}}],"inLanguage":"de"},{"@type":"Organization","@id":"https:\/\/botanyinabottle.com\/#organization","name":"Botany in a Bottle","url":"https:\/\/botanyinabottle.com\/","logo":{"@type":"ImageObject","inLanguage":"de","@id":"https:\/\/botanyinabottle.com\/#\/schema\/logo\/image\/","url":"https:\/\/botanyinabottle.com\/wp-content\/uploads\/2023\/10\/Image-de-profil-Logotype-Botanic-in-a-bottle-blanc-sur-fond-vert.webp","contentUrl":"https:\/\/botanyinabottle.com\/wp-content\/uploads\/2023\/10\/Image-de-profil-Logotype-Botanic-in-a-bottle-blanc-sur-fond-vert.webp","width":1500,"height":1500,"caption":"Botany in a Bottle"},"image":{"@id":"https:\/\/botanyinabottle.com\/#\/schema\/logo\/image\/"},"sameAs":["https:\/\/www.facebook.com\/profile.php?id=100086472803321","https:\/\/www.instagram.com\/botany_in_a_bottle\/"]}]}},"_links":{"self":[{"href":"https:\/\/botanyinabottle.com\/de\/wp-json\/wp\/v2\/product\/2169","targetHints":{"allow":["GET"]}}],"collection":[{"href":"https:\/\/botanyinabottle.com\/de\/wp-json\/wp\/v2\/product"}],"about":[{"href":"https:\/\/botanyinabottle.com\/de\/wp-json\/wp\/v2\/types\/product"}],"replies":[{"embeddable":true,"href":"https:\/\/botanyinabottle.com\/de\/wp-json\/wp\/v2\/comments?post=2169"}],"wp:featuredmedia":[{"embeddable":true,"href":"https:\/\/botanyinabottle.com\/de\/wp-json\/wp\/v2\/media\/2477"}],"wp:attachment":[{"href":"https:\/\/botanyinabottle.com\/de\/wp-json\/wp\/v2\/media?parent=2169"}],"wp:term":[{"taxonomy":"product_brand","embeddable":true,"href":"https:\/\/botanyinabottle.com\/de\/wp-json\/wp\/v2\/product_brand?post=2169"},{"taxonomy":"product_cat","embeddable":true,"href":"https:\/\/botanyinabottle.com\/de\/wp-json\/wp\/v2\/product_cat?post=2169"},{"taxonomy":"product_tag","embeddable":true,"href":"https:\/\/botanyinabottle.com\/de\/wp-json\/wp\/v2\/product_tag?post=2169"},{"taxonomy":"berocket_brand","embeddable":true,"href":"https:\/\/botanyinabottle.com\/de\/wp-json\/wp\/v2\/berocket_brand?post=2169"}],"curies":[{"name":"wp","href":"https:\/\/api.w.org\/{rel}","templated":true}]}}