{"id":77,"date":"2023-10-23T13:49:17","date_gmt":"2023-10-23T13:49:17","guid":{"rendered":"https:\/\/botanyinabottle.com\/cart\/"},"modified":"2024-12-18T15:51:14","modified_gmt":"2024-12-18T14:51:14","slug":"mon-panier","status":"publish","type":"page","link":"https:\/\/botanyinabottle.com\/de\/mon-panier\/","title":{"rendered":"Mein Warenkorb"},"content":{"rendered":"<div data-elementor-type=\"wp-page\" data-elementor-id=\"77\" class=\"elementor elementor-77\" data-elementor-post-type=\"page\">\n\t\t\t\t<div class=\"elementor-element elementor-element-1e3b577e e-flex e-con-boxed wpr-particle-no wpr-jarallax-no wpr-parallax-no wpr-sticky-section-no wpr-equal-height-no e-con e-parent\" data-id=\"1e3b577e\" data-element_type=\"container\" data-e-type=\"container\">\n\t\t\t\t\t<div class=\"e-con-inner\">\n\t\t\t\t<div class=\"elementor-element elementor-element-4f31b674 elementor-widget elementor-widget-heading\" data-id=\"4f31b674\" data-element_type=\"widget\" data-e-type=\"widget\" data-widget_type=\"heading.default\">\n\t\t\t\t<div class=\"elementor-widget-container\">\n\t\t\t\t\t<h1 class=\"elementor-heading-title elementor-size-default\">Mein Warenkorb<\/h1>\t\t\t\t<\/div>\n\t\t\t\t<\/div>\n\t\t\t\t<div class=\"elementor-element elementor-element-f501033 elementor-widget elementor-widget-text-editor\" data-id=\"f501033\" data-element_type=\"widget\" data-e-type=\"widget\" data-widget_type=\"text-editor.default\">\n\t\t\t\t<div class=\"elementor-widget-container\">\n\t\t\t\t\t\t\t\t\t<p><em>Frais de port offerts \u00e0 partir de 30 euros en Mondial Relay.<\/em><\/p><p><em>Frais de port offert \u00e0 partir de 85 euros en Colissimo.<\/em><\/p>\t\t\t\t\t\t\t\t<\/div>\n\t\t\t\t<\/div>\n\t\t\t\t\t<\/div>\n\t\t\t\t<\/div>\n\t\t\t\t<\/div>","protected":false},"excerpt":{"rendered":"<p>Mon panier Frais de port offerts \u00e0 partir de 30 euros en Mondial Relay. Frais de port offert \u00e0 partir de 85 euros en Colissimo. &nbsp; Produit &nbsp; Prix Quantit\u00e9 Sous-total &times; SOS Botany Lotion Contenance: 30ml 18,90&nbsp;&euro; quantit\u00e9 de SOS Botany Lotion &#8211; 30ml 18,90&nbsp;&euro; Appliquer le code promo Panier total Sous-total 18,90&nbsp;&euro; Exp\u00e9dition Colissimo sans signature: 7,78&nbsp;&euro; Colissimo relais: 6,40&nbsp;&euro; Mondial Relay &#8211; InPost: 4,81&nbsp;&euro; Livraison \u00e0 94 route de Seysses, 31100 TOULOUSE. Modifier l\u2019adresse Pays\/r\u00e9gion\u00a0: S\u00e9lectionner un pays\/r\u00e9gion\u2026AllemagneAutricheBelgiqueEspagneFranceItalieLuxembourgPays-BasPortugalRoyaume-Uni (UK)Suisse Ville\u00a0: Code postal Mettre \u00e0 jour Total 26,68&nbsp;&euro; (dont 4,45&nbsp;&euro; TVA) Poids total (g) 0\/FR Proc\u00e9der au paiement<\/p>","protected":false},"author":2,"featured_media":80,"parent":0,"menu_order":0,"comment_status":"closed","ping_status":"closed","template":"elementor_header_footer","meta":{"footnotes":""},"class_list":["post-77","page","type-page","status-publish","has-post-thumbnail","hentry"],"yoast_head":"<!-- This site is optimized with the Yoast SEO plugin v27.5 - https:\/\/yoast.com\/product\/yoast-seo-wordpress\/ -->\n<title>Mon panier  - Botany in a Bottle<\/title>\n<meta name=\"robots\" content=\"index, follow, max-snippet:-1, max-image-preview:large, max-video-preview:-1\" \/>\n<link rel=\"canonical\" href=\"https:\/\/botanyinabottle.com\/de\/mon-panier\/\" \/>\n<meta property=\"og:locale\" content=\"de_DE\" \/>\n<meta property=\"og:type\" content=\"article\" \/>\n<meta property=\"og:title\" content=\"Mon panier  - Botany in a Bottle\" \/>\n<meta property=\"og:description\" content=\"Mon panier Frais de port offerts \u00e0 partir de 30 euros en Mondial Relay. Frais de port offert \u00e0 partir de 85 euros en Colissimo. &nbsp; Produit &nbsp; Prix Quantit\u00e9 Sous-total &times; SOS Botany Lotion Contenance: 30ml 18,90&nbsp;&euro; quantit\u00e9 de SOS Botany Lotion &#8211; 30ml 18,90&nbsp;&euro; Appliquer le code promo Panier total Sous-total 18,90&nbsp;&euro; Exp\u00e9dition Colissimo sans signature: 7,78&nbsp;&euro; Colissimo relais: 6,40&nbsp;&euro; Mondial Relay &#8211; InPost: 4,81&nbsp;&euro; Livraison \u00e0 94 route de Seysses, 31100 TOULOUSE. Modifier l\u2019adresse Pays\/r\u00e9gion\u00a0: S\u00e9lectionner un pays\/r\u00e9gion\u2026AllemagneAutricheBelgiqueEspagneFranceItalieLuxembourgPays-BasPortugalRoyaume-Uni (UK)Suisse Ville\u00a0: Code postal Mettre \u00e0 jour Total 26,68&nbsp;&euro; (dont 4,45&nbsp;&euro; TVA) Poids total (g) 0\/FR Proc\u00e9der au paiement\" \/>\n<meta property=\"og:url\" content=\"https:\/\/botanyinabottle.com\/de\/mon-panier\/\" \/>\n<meta property=\"og:site_name\" content=\"Botany in a Bottle\" \/>\n<meta property=\"article:publisher\" content=\"https:\/\/www.facebook.com\/profile.php?id=100086472803321\" \/>\n<meta property=\"article:modified_time\" content=\"2024-12-18T14:51:14+00:00\" \/>\n<meta property=\"og:image\" content=\"https:\/\/botanyinabottle.com\/wp-content\/uploads\/2023\/10\/Handmade-Kid-Shop-Contact.jpg\" \/>\n\t<meta property=\"og:image:width\" content=\"400\" \/>\n\t<meta property=\"og:image:height\" content=\"380\" \/>\n\t<meta property=\"og:image:type\" content=\"image\/jpeg\" \/>\n<meta name=\"twitter:card\" content=\"summary_large_image\" \/>\n<meta name=\"twitter:label1\" content=\"Gesch\u00e4tzte Lesezeit\" \/>\n\t<meta name=\"twitter:data1\" content=\"2\u00a0Minuten\" \/>\n<script type=\"application\/ld+json\" class=\"yoast-schema-graph\">{\"@context\":\"https:\\\/\\\/schema.org\",\"@graph\":[{\"@type\":\"WebPage\",\"@id\":\"https:\\\/\\\/botanyinabottle.com\\\/mon-panier\\\/\",\"url\":\"https:\\\/\\\/botanyinabottle.com\\\/mon-panier\\\/\",\"name\":\"Mon panier - Botany in a Bottle\",\"isPartOf\":{\"@id\":\"https:\\\/\\\/botanyinabottle.com\\\/#website\"},\"primaryImageOfPage\":{\"@id\":\"https:\\\/\\\/botanyinabottle.com\\\/mon-panier\\\/#primaryimage\"},\"image\":{\"@id\":\"https:\\\/\\\/botanyinabottle.com\\\/mon-panier\\\/#primaryimage\"},\"thumbnailUrl\":\"https:\\\/\\\/botanyinabottle.com\\\/wp-content\\\/uploads\\\/2023\\\/10\\\/Handmade-Kid-Shop-Contact.jpg\",\"datePublished\":\"2023-10-23T13:49:17+00:00\",\"dateModified\":\"2024-12-18T14:51:14+00:00\",\"breadcrumb\":{\"@id\":\"https:\\\/\\\/botanyinabottle.com\\\/mon-panier\\\/#breadcrumb\"},\"inLanguage\":\"de\",\"potentialAction\":[{\"@type\":\"ReadAction\",\"target\":[\"https:\\\/\\\/botanyinabottle.com\\\/mon-panier\\\/\"]}]},{\"@type\":\"ImageObject\",\"inLanguage\":\"de\",\"@id\":\"https:\\\/\\\/botanyinabottle.com\\\/mon-panier\\\/#primaryimage\",\"url\":\"https:\\\/\\\/botanyinabottle.com\\\/wp-content\\\/uploads\\\/2023\\\/10\\\/Handmade-Kid-Shop-Contact.jpg\",\"contentUrl\":\"https:\\\/\\\/botanyinabottle.com\\\/wp-content\\\/uploads\\\/2023\\\/10\\\/Handmade-Kid-Shop-Contact.jpg\",\"width\":400,\"height\":380},{\"@type\":\"BreadcrumbList\",\"@id\":\"https:\\\/\\\/botanyinabottle.com\\\/mon-panier\\\/#breadcrumb\",\"itemListElement\":[{\"@type\":\"ListItem\",\"position\":1,\"name\":\"Home\",\"item\":\"https:\\\/\\\/botanyinabottle.com\\\/\"},{\"@type\":\"ListItem\",\"position\":2,\"name\":\"Mon panier\"}]},{\"@type\":\"WebSite\",\"@id\":\"https:\\\/\\\/botanyinabottle.com\\\/#website\",\"url\":\"https:\\\/\\\/botanyinabottle.com\\\/\",\"name\":\"Botany in a Bottle\",\"description\":\"\",\"publisher\":{\"@id\":\"https:\\\/\\\/botanyinabottle.com\\\/#organization\"},\"potentialAction\":[{\"@type\":\"SearchAction\",\"target\":{\"@type\":\"EntryPoint\",\"urlTemplate\":\"https:\\\/\\\/botanyinabottle.com\\\/?s={search_term_string}\"},\"query-input\":{\"@type\":\"PropertyValueSpecification\",\"valueRequired\":true,\"valueName\":\"search_term_string\"}}],\"inLanguage\":\"de\"},{\"@type\":\"Organization\",\"@id\":\"https:\\\/\\\/botanyinabottle.com\\\/#organization\",\"name\":\"Botany in a Bottle\",\"url\":\"https:\\\/\\\/botanyinabottle.com\\\/\",\"logo\":{\"@type\":\"ImageObject\",\"inLanguage\":\"de\",\"@id\":\"https:\\\/\\\/botanyinabottle.com\\\/#\\\/schema\\\/logo\\\/image\\\/\",\"url\":\"https:\\\/\\\/botanyinabottle.com\\\/wp-content\\\/uploads\\\/2023\\\/10\\\/Image-de-profil-Logotype-Botanic-in-a-bottle-blanc-sur-fond-vert.webp\",\"contentUrl\":\"https:\\\/\\\/botanyinabottle.com\\\/wp-content\\\/uploads\\\/2023\\\/10\\\/Image-de-profil-Logotype-Botanic-in-a-bottle-blanc-sur-fond-vert.webp\",\"width\":1500,\"height\":1500,\"caption\":\"Botany in a Bottle\"},\"image\":{\"@id\":\"https:\\\/\\\/botanyinabottle.com\\\/#\\\/schema\\\/logo\\\/image\\\/\"},\"sameAs\":[\"https:\\\/\\\/www.facebook.com\\\/profile.php?id=100086472803321\",\"https:\\\/\\\/www.instagram.com\\\/botany_in_a_bottle\\\/\"]}]}<\/script>\n<!-- \/ Yoast SEO plugin. -->","yoast_head_json":{"title":"Mon panier  - Botany in a Bottle","robots":{"index":"index","follow":"follow","max-snippet":"max-snippet:-1","max-image-preview":"max-image-preview:large","max-video-preview":"max-video-preview:-1"},"canonical":"https:\/\/botanyinabottle.com\/de\/mon-panier\/","og_locale":"de_DE","og_type":"article","og_title":"Mon panier  - Botany in a Bottle","og_description":"Mon panier Frais de port offerts \u00e0 partir de 30 euros en Mondial Relay. Frais de port offert \u00e0 partir de 85 euros en Colissimo. &nbsp; Produit &nbsp; Prix Quantit\u00e9 Sous-total &times; SOS Botany Lotion Contenance: 30ml 18,90&nbsp;&euro; quantit\u00e9 de SOS Botany Lotion &#8211; 30ml 18,90&nbsp;&euro; Appliquer le code promo Panier total Sous-total 18,90&nbsp;&euro; Exp\u00e9dition Colissimo sans signature: 7,78&nbsp;&euro; Colissimo relais: 6,40&nbsp;&euro; Mondial Relay &#8211; InPost: 4,81&nbsp;&euro; Livraison \u00e0 94 route de Seysses, 31100 TOULOUSE. Modifier l\u2019adresse Pays\/r\u00e9gion\u00a0: S\u00e9lectionner un pays\/r\u00e9gion\u2026AllemagneAutricheBelgiqueEspagneFranceItalieLuxembourgPays-BasPortugalRoyaume-Uni (UK)Suisse Ville\u00a0: Code postal Mettre \u00e0 jour Total 26,68&nbsp;&euro; (dont 4,45&nbsp;&euro; TVA) Poids total (g) 0\/FR Proc\u00e9der au paiement","og_url":"https:\/\/botanyinabottle.com\/de\/mon-panier\/","og_site_name":"Botany in a Bottle","article_publisher":"https:\/\/www.facebook.com\/profile.php?id=100086472803321","article_modified_time":"2024-12-18T14:51:14+00:00","og_image":[{"width":400,"height":380,"url":"https:\/\/botanyinabottle.com\/wp-content\/uploads\/2023\/10\/Handmade-Kid-Shop-Contact.jpg","type":"image\/jpeg"}],"twitter_card":"summary_large_image","twitter_misc":{"Gesch\u00e4tzte Lesezeit":"2\u00a0Minuten"},"schema":{"@context":"https:\/\/schema.org","@graph":[{"@type":"WebPage","@id":"https:\/\/botanyinabottle.com\/mon-panier\/","url":"https:\/\/botanyinabottle.com\/mon-panier\/","name":"Mon panier - Botany in a Bottle","isPartOf":{"@id":"https:\/\/botanyinabottle.com\/#website"},"primaryImageOfPage":{"@id":"https:\/\/botanyinabottle.com\/mon-panier\/#primaryimage"},"image":{"@id":"https:\/\/botanyinabottle.com\/mon-panier\/#primaryimage"},"thumbnailUrl":"https:\/\/botanyinabottle.com\/wp-content\/uploads\/2023\/10\/Handmade-Kid-Shop-Contact.jpg","datePublished":"2023-10-23T13:49:17+00:00","dateModified":"2024-12-18T14:51:14+00:00","breadcrumb":{"@id":"https:\/\/botanyinabottle.com\/mon-panier\/#breadcrumb"},"inLanguage":"de","potentialAction":[{"@type":"ReadAction","target":["https:\/\/botanyinabottle.com\/mon-panier\/"]}]},{"@type":"ImageObject","inLanguage":"de","@id":"https:\/\/botanyinabottle.com\/mon-panier\/#primaryimage","url":"https:\/\/botanyinabottle.com\/wp-content\/uploads\/2023\/10\/Handmade-Kid-Shop-Contact.jpg","contentUrl":"https:\/\/botanyinabottle.com\/wp-content\/uploads\/2023\/10\/Handmade-Kid-Shop-Contact.jpg","width":400,"height":380},{"@type":"BreadcrumbList","@id":"https:\/\/botanyinabottle.com\/mon-panier\/#breadcrumb","itemListElement":[{"@type":"ListItem","position":1,"name":"Home","item":"https:\/\/botanyinabottle.com\/"},{"@type":"ListItem","position":2,"name":"Mon panier"}]},{"@type":"WebSite","@id":"https:\/\/botanyinabottle.com\/#website","url":"https:\/\/botanyinabottle.com\/","name":"Botany in a Bottle","description":"","publisher":{"@id":"https:\/\/botanyinabottle.com\/#organization"},"potentialAction":[{"@type":"SearchAction","target":{"@type":"EntryPoint","urlTemplate":"https:\/\/botanyinabottle.com\/?s={search_term_string}"},"query-input":{"@type":"PropertyValueSpecification","valueRequired":true,"valueName":"search_term_string"}}],"inLanguage":"de"},{"@type":"Organization","@id":"https:\/\/botanyinabottle.com\/#organization","name":"Botany in a Bottle","url":"https:\/\/botanyinabottle.com\/","logo":{"@type":"ImageObject","inLanguage":"de","@id":"https:\/\/botanyinabottle.com\/#\/schema\/logo\/image\/","url":"https:\/\/botanyinabottle.com\/wp-content\/uploads\/2023\/10\/Image-de-profil-Logotype-Botanic-in-a-bottle-blanc-sur-fond-vert.webp","contentUrl":"https:\/\/botanyinabottle.com\/wp-content\/uploads\/2023\/10\/Image-de-profil-Logotype-Botanic-in-a-bottle-blanc-sur-fond-vert.webp","width":1500,"height":1500,"caption":"Botany in a Bottle"},"image":{"@id":"https:\/\/botanyinabottle.com\/#\/schema\/logo\/image\/"},"sameAs":["https:\/\/www.facebook.com\/profile.php?id=100086472803321","https:\/\/www.instagram.com\/botany_in_a_bottle\/"]}]}},"_links":{"self":[{"href":"https:\/\/botanyinabottle.com\/de\/wp-json\/wp\/v2\/pages\/77","targetHints":{"allow":["GET"]}}],"collection":[{"href":"https:\/\/botanyinabottle.com\/de\/wp-json\/wp\/v2\/pages"}],"about":[{"href":"https:\/\/botanyinabottle.com\/de\/wp-json\/wp\/v2\/types\/page"}],"author":[{"embeddable":true,"href":"https:\/\/botanyinabottle.com\/de\/wp-json\/wp\/v2\/users\/2"}],"replies":[{"embeddable":true,"href":"https:\/\/botanyinabottle.com\/de\/wp-json\/wp\/v2\/comments?post=77"}],"version-history":[{"count":29,"href":"https:\/\/botanyinabottle.com\/de\/wp-json\/wp\/v2\/pages\/77\/revisions"}],"predecessor-version":[{"id":2451,"href":"https:\/\/botanyinabottle.com\/de\/wp-json\/wp\/v2\/pages\/77\/revisions\/2451"}],"wp:featuredmedia":[{"embeddable":true,"href":"https:\/\/botanyinabottle.com\/de\/wp-json\/wp\/v2\/media\/80"}],"wp:attachment":[{"href":"https:\/\/botanyinabottle.com\/de\/wp-json\/wp\/v2\/media?parent=77"}],"curies":[{"name":"wp","href":"https:\/\/api.w.org\/{rel}","templated":true}]}}